{"id":348,"date":"2025-05-12T14:09:14","date_gmt":"2025-05-12T14:09:14","guid":{"rendered":"https:\/\/violaserafin.com\/?page_id=348"},"modified":"2025-06-29T06:45:04","modified_gmt":"2025-06-29T06:45:04","slug":"kontakt","status":"publish","type":"page","link":"https:\/\/violaserafin.com\/en\/kontakt\/","title":{"rendered":"CONTACT"},"content":{"rendered":"<div data-elementor-type=\"wp-page\" data-elementor-id=\"348\" class=\"elementor elementor-348\" data-elementor-post-type=\"page\">\n\t\t\t\t<div class=\"elementor-element elementor-element-58c9ca9 e-flex e-con-boxed e-con e-parent\" data-id=\"58c9ca9\" data-element_type=\"container\">\n\t\t\t\t\t<div class=\"e-con-inner\">\n\t\t<div class=\"elementor-element elementor-element-013d075 e-con-full e-flex e-con e-child\" data-id=\"013d075\" data-element_type=\"container\">\n\t\t\t\t<div class=\"elementor-element elementor-element-380d5b4 elementor-widget elementor-widget-image\" data-id=\"380d5b4\" data-element_type=\"widget\" data-widget_type=\"image.default\">\n\t\t\t\t<div class=\"elementor-widget-container\">\n\t\t\t\t\t\t\t\t\t\t\t\t\t\t\t<img fetchpriority=\"high\" decoding=\"async\" width=\"800\" height=\"965\" src=\"https:\/\/violaserafin.com\/wp-content\/uploads\/2025\/05\/Zrzut-ekranu-2025-05-12-224300-e1747123218520-849x1024.png\" class=\"attachment-large size-large wp-image-493\" alt=\"\" srcset=\"https:\/\/violaserafin.com\/wp-content\/uploads\/2025\/05\/Zrzut-ekranu-2025-05-12-224300-e1747123218520-849x1024.png 849w, https:\/\/violaserafin.com\/wp-content\/uploads\/2025\/05\/Zrzut-ekranu-2025-05-12-224300-e1747123218520-249x300.png 249w, https:\/\/violaserafin.com\/wp-content\/uploads\/2025\/05\/Zrzut-ekranu-2025-05-12-224300-e1747123218520-768x927.png 768w, https:\/\/violaserafin.com\/wp-content\/uploads\/2025\/05\/Zrzut-ekranu-2025-05-12-224300-e1747123218520-600x724.png 600w, https:\/\/violaserafin.com\/wp-content\/uploads\/2025\/05\/Zrzut-ekranu-2025-05-12-224300-e1747123218520.png 900w\" sizes=\"(max-width: 800px) 100vw, 800px\" \/>\t\t\t\t\t\t\t\t\t\t\t\t\t\t\t<\/div>\n\t\t\t\t<\/div>\n\t\t\t\t<\/div>\n\t\t<div class=\"elementor-element elementor-element-617d46c e-con-full e-flex e-con e-child\" data-id=\"617d46c\" data-element_type=\"container\">\n\t\t\t\t<div class=\"elementor-element elementor-element-43125e4 elementor-widget elementor-widget-heading\" data-id=\"43125e4\" data-element_type=\"widget\" data-widget_type=\"heading.default\">\n\t\t\t\t<div class=\"elementor-widget-container\">\n\t\t\t\t\t<h2 class=\"elementor-heading-title elementor-size-default\">Thinking about refreshing your space <\/br>or looking for ideas?<\/h2>\t\t\t\t<\/div>\n\t\t\t\t<\/div>\n\t\t\t\t<div class=\"elementor-element elementor-element-c4ba15d elementor-widget elementor-widget-text-editor\" data-id=\"c4ba15d\" data-element_type=\"widget\" data-widget_type=\"text-editor.default\">\n\t\t\t\t<div class=\"elementor-widget-container\">\n\t\t\t\t\t\t\t\t\t<p>Get in touch \u2013 I\u2019d love to help you create a space that feels just right for you.<\/p><p>I start every project with a conversation, so if you have any questions or simply want to see if we're on the same wavelength \u2014 feel free to reach out.<\/p>\t\t\t\t\t\t\t\t<\/div>\n\t\t\t\t<\/div>\n\t\t\t\t<div class=\"elementor-element elementor-element-67fa5db elementor-widget elementor-widget-text-editor\" data-id=\"67fa5db\" data-element_type=\"widget\" data-widget_type=\"text-editor.default\">\n\t\t\t\t<div class=\"elementor-widget-container\">\n\t\t\t\t\t\t\t\t\t<p>Can\u2019t wait to hear from you!<\/p>\t\t\t\t\t\t\t\t<\/div>\n\t\t\t\t<\/div>\n\t\t\t\t<div class=\"elementor-element elementor-element-08693a5 elementor-button-align-stretch elementor-widget elementor-widget-form\" data-id=\"08693a5\" data-element_type=\"widget\" data-settings=\"{&quot;step_next_label&quot;:&quot;Next&quot;,&quot;step_previous_label&quot;:&quot;Previous&quot;,&quot;button_width&quot;:&quot;100&quot;,&quot;step_type&quot;:&quot;number_text&quot;,&quot;step_icon_shape&quot;:&quot;circle&quot;}\" data-widget_type=\"form.default\">\n\t\t\t\t<div class=\"elementor-widget-container\">\n\t\t\t\t\t\t\t<form class=\"elementor-form\" method=\"post\" name=\"New Form\" action=\"\">\n\t\t\t<input type=\"hidden\" name=\"post_id\" value=\"348\"\/>\n\t\t\t<input type=\"hidden\" name=\"form_id\" value=\"08693a5\"\/>\n\t\t\t<input type=\"hidden\" name=\"referer_title\" value=\"Kontakt - Viola\" \/>\n\n\t\t\t\t\t\t\t<input type=\"hidden\" name=\"queried_id\" value=\"348\"\/>\n\t\t\t\n\t\t\t<div class=\"elementor-form-fields-wrapper elementor-labels-above\">\n\t\t\t\t\t\t\t\t<div class=\"elementor-field-type-text elementor-field-group elementor-column elementor-field-group-name elementor-col-100\">\n\t\t\t\t\t\t\t\t\t\t\t\t\t<input size=\"1\" type=\"text\" name=\"form_fields[name]\" id=\"form-field-name\" class=\"elementor-field elementor-size-sm  elementor-field-textual\" placeholder=\"Name and Last Name\">\n\t\t\t\t\t\t\t\t\t\t\t<\/div>\n\t\t\t\t\t\t\t\t<div class=\"elementor-field-type-tel elementor-field-group elementor-column elementor-field-group-email elementor-col-50 elementor-field-required\">\n\t\t\t\t\t\t\t<input size=\"1\" type=\"tel\" name=\"form_fields[email]\" id=\"form-field-email\" class=\"elementor-field elementor-size-sm  elementor-field-textual\" placeholder=\"Phone number\" required=\"required\" pattern=\"[0-9()#&amp;+*-=.]+\" title=\"Only numbers and phone characters (#, -, *, etc) are accepted.\">\n\n\t\t\t\t\t\t<\/div>\n\t\t\t\t\t\t\t\t<div class=\"elementor-field-type-email elementor-field-group elementor-column elementor-field-group-field_0b6bff3 elementor-col-50 elementor-field-required\">\n\t\t\t\t\t\t\t\t\t\t\t\t\t<input size=\"1\" type=\"email\" name=\"form_fields[field_0b6bff3]\" id=\"form-field-field_0b6bff3\" class=\"elementor-field elementor-size-sm  elementor-field-textual\" placeholder=\"E-mail\" required=\"required\">\n\t\t\t\t\t\t\t\t\t\t\t<\/div>\n\t\t\t\t\t\t\t\t<div class=\"elementor-field-type-textarea elementor-field-group elementor-column elementor-field-group-message elementor-col-100\">\n\t\t\t\t\t<textarea class=\"elementor-field-textual elementor-field  elementor-size-sm\" name=\"form_fields[message]\" id=\"form-field-message\" rows=\"4\" placeholder=\"Your message\"><\/textarea>\t\t\t\t<\/div>\n\t\t\t\t\t\t\t\t<div class=\"elementor-field-group elementor-column elementor-field-type-submit elementor-col-100 e-form__buttons\">\n\t\t\t\t\t<button class=\"elementor-button elementor-size-sm\" type=\"submit\">\n\t\t\t\t\t\t<span class=\"elementor-button-content-wrapper\">\n\t\t\t\t\t\t\t\t\t\t\t\t\t\t\t\t\t\t\t\t\t\t<span class=\"elementor-button-text\">SEND<\/span>\n\t\t\t\t\t\t\t\t\t\t\t\t\t<\/span>\n\t\t\t\t\t<\/button>\n\t\t\t\t<\/div>\n\t\t\t<\/div>\n\t\t<input type=\"hidden\" name=\"trp-form-language\" value=\"en\"\/><\/form>\n\t\t\t\t\t\t<\/div>\n\t\t\t\t<\/div>\n\t\t\t\t<\/div>\n\t\t\t\t\t<\/div>\n\t\t\t\t<\/div>\n\t\t\t\t<\/div>","protected":false},"excerpt":{"rendered":"<p>Planujesz zmiany w swoim wn\u0119trzu albo szukasz pomys\u0142u? Napisz do mnie \u2013 z przyjemno\u015bci\u0105 pomog\u0119 Ci stworzy\u0107 przestrze\u0144, w kt\u00f3rej b\u0119dziesz czu\u0107 si\u0119 dobrze. Ka\u017cdy projekt zaczynam od rozmowy, wi\u0119c je\u015bli masz pytania lub chcesz sprawdzi\u0107, czy nadajemy na tych samych falach \u2013 odezwij si\u0119 \u015bmia\u0142o. Czekam na Twoj\u0105 wiadomo\u015b\u0107!<\/p>","protected":false},"author":1,"featured_media":0,"parent":0,"menu_order":0,"comment_status":"closed","ping_status":"closed","template":"","meta":{"footnotes":""},"class_list":["post-348","page","type-page","status-publish","hentry"],"yoast_head":"<!-- This site is optimized with the Yoast SEO plugin v25.2 - https:\/\/yoast.com\/wordpress\/plugins\/seo\/ -->\n<title>Kontakt - Viola<\/title>\n<meta name=\"robots\" content=\"index, follow, max-snippet:-1, max-image-preview:large, max-video-preview:-1\" \/>\n<link rel=\"canonical\" href=\"https:\/\/violaserafin.com\/en\/kontakt\/\" \/>\n<meta property=\"og:locale\" content=\"en_GB\" \/>\n<meta property=\"og:type\" content=\"article\" \/>\n<meta property=\"og:title\" content=\"Kontakt - Viola\" \/>\n<meta property=\"og:description\" content=\"Planujesz zmiany w swoim wn\u0119trzu albo szukasz pomys\u0142u? Napisz do mnie \u2013 z przyjemno\u015bci\u0105 pomog\u0119 Ci stworzy\u0107 przestrze\u0144, w kt\u00f3rej b\u0119dziesz czu\u0107 si\u0119 dobrze. Ka\u017cdy projekt zaczynam od rozmowy, wi\u0119c je\u015bli masz pytania lub chcesz sprawdzi\u0107, czy nadajemy na tych samych falach \u2013 odezwij si\u0119 \u015bmia\u0142o. Czekam na Twoj\u0105 wiadomo\u015b\u0107!\" \/>\n<meta property=\"og:url\" content=\"https:\/\/violaserafin.com\/en\/kontakt\/\" \/>\n<meta property=\"og:site_name\" content=\"Viola\" \/>\n<meta property=\"article:modified_time\" content=\"2025-06-29T06:45:04+00:00\" \/>\n<meta property=\"og:image\" content=\"https:\/\/violaserafin.com\/wp-content\/uploads\/2025\/05\/Zrzut-ekranu-2025-05-12-224300-e1747123218520-849x1024.png\" \/>\n<meta name=\"twitter:card\" content=\"summary_large_image\" \/>\n<script type=\"application\/ld+json\" class=\"yoast-schema-graph\">{\"@context\":\"https:\/\/schema.org\",\"@graph\":[{\"@type\":\"WebPage\",\"@id\":\"https:\/\/violaserafin.com\/kontakt\/\",\"url\":\"https:\/\/violaserafin.com\/kontakt\/\",\"name\":\"Kontakt - Viola\",\"isPartOf\":{\"@id\":\"https:\/\/violaserafin.com\/#website\"},\"primaryImageOfPage\":{\"@id\":\"https:\/\/violaserafin.com\/kontakt\/#primaryimage\"},\"image\":{\"@id\":\"https:\/\/violaserafin.com\/kontakt\/#primaryimage\"},\"thumbnailUrl\":\"https:\/\/violaserafin.com\/wp-content\/uploads\/2025\/05\/Zrzut-ekranu-2025-05-12-224300-e1747123218520-849x1024.png\",\"datePublished\":\"2025-05-12T14:09:14+00:00\",\"dateModified\":\"2025-06-29T06:45:04+00:00\",\"breadcrumb\":{\"@id\":\"https:\/\/violaserafin.com\/kontakt\/#breadcrumb\"},\"inLanguage\":\"en-GB\",\"potentialAction\":[{\"@type\":\"ReadAction\",\"target\":[\"https:\/\/violaserafin.com\/kontakt\/\"]}]},{\"@type\":\"ImageObject\",\"inLanguage\":\"en-GB\",\"@id\":\"https:\/\/violaserafin.com\/kontakt\/#primaryimage\",\"url\":\"https:\/\/violaserafin.com\/wp-content\/uploads\/2025\/05\/Zrzut-ekranu-2025-05-12-224300-e1747123218520-849x1024.png\",\"contentUrl\":\"https:\/\/violaserafin.com\/wp-content\/uploads\/2025\/05\/Zrzut-ekranu-2025-05-12-224300-e1747123218520-849x1024.png\"},{\"@type\":\"BreadcrumbList\",\"@id\":\"https:\/\/violaserafin.com\/kontakt\/#breadcrumb\",\"itemListElement\":[{\"@type\":\"ListItem\",\"position\":1,\"name\":\"Strona g\u0142\u00f3wna\",\"item\":\"https:\/\/violaserafin.com\/\"},{\"@type\":\"ListItem\",\"position\":2,\"name\":\"Kontakt\"}]},{\"@type\":\"WebSite\",\"@id\":\"https:\/\/violaserafin.com\/#website\",\"url\":\"https:\/\/violaserafin.com\/\",\"name\":\"Viola\",\"description\":\"Odkryj Klimat Hiszpanii!\",\"potentialAction\":[{\"@type\":\"SearchAction\",\"target\":{\"@type\":\"EntryPoint\",\"urlTemplate\":\"https:\/\/violaserafin.com\/?s={search_term_string}\"},\"query-input\":{\"@type\":\"PropertyValueSpecification\",\"valueRequired\":true,\"valueName\":\"search_term_string\"}}],\"inLanguage\":\"en-GB\"}]}<\/script>\n<!-- \/ Yoast SEO plugin. -->","yoast_head_json":{"title":"Kontakt - Viola","robots":{"index":"index","follow":"follow","max-snippet":"max-snippet:-1","max-image-preview":"max-image-preview:large","max-video-preview":"max-video-preview:-1"},"canonical":"https:\/\/violaserafin.com\/en\/kontakt\/","og_locale":"en_GB","og_type":"article","og_title":"Kontakt - Viola","og_description":"Planujesz zmiany w swoim wn\u0119trzu albo szukasz pomys\u0142u? Napisz do mnie \u2013 z przyjemno\u015bci\u0105 pomog\u0119 Ci stworzy\u0107 przestrze\u0144, w kt\u00f3rej b\u0119dziesz czu\u0107 si\u0119 dobrze. Ka\u017cdy projekt zaczynam od rozmowy, wi\u0119c je\u015bli masz pytania lub chcesz sprawdzi\u0107, czy nadajemy na tych samych falach \u2013 odezwij si\u0119 \u015bmia\u0142o. Czekam na Twoj\u0105 wiadomo\u015b\u0107!","og_url":"https:\/\/violaserafin.com\/en\/kontakt\/","og_site_name":"Viola","article_modified_time":"2025-06-29T06:45:04+00:00","og_image":[{"url":"https:\/\/violaserafin.com\/wp-content\/uploads\/2025\/05\/Zrzut-ekranu-2025-05-12-224300-e1747123218520-849x1024.png","type":"","width":"","height":""}],"twitter_card":"summary_large_image","schema":{"@context":"https:\/\/schema.org","@graph":[{"@type":"WebPage","@id":"https:\/\/violaserafin.com\/kontakt\/","url":"https:\/\/violaserafin.com\/kontakt\/","name":"Kontakt - Viola","isPartOf":{"@id":"https:\/\/violaserafin.com\/#website"},"primaryImageOfPage":{"@id":"https:\/\/violaserafin.com\/kontakt\/#primaryimage"},"image":{"@id":"https:\/\/violaserafin.com\/kontakt\/#primaryimage"},"thumbnailUrl":"https:\/\/violaserafin.com\/wp-content\/uploads\/2025\/05\/Zrzut-ekranu-2025-05-12-224300-e1747123218520-849x1024.png","datePublished":"2025-05-12T14:09:14+00:00","dateModified":"2025-06-29T06:45:04+00:00","breadcrumb":{"@id":"https:\/\/violaserafin.com\/kontakt\/#breadcrumb"},"inLanguage":"en-GB","potentialAction":[{"@type":"ReadAction","target":["https:\/\/violaserafin.com\/kontakt\/"]}]},{"@type":"ImageObject","inLanguage":"en-GB","@id":"https:\/\/violaserafin.com\/kontakt\/#primaryimage","url":"https:\/\/violaserafin.com\/wp-content\/uploads\/2025\/05\/Zrzut-ekranu-2025-05-12-224300-e1747123218520-849x1024.png","contentUrl":"https:\/\/violaserafin.com\/wp-content\/uploads\/2025\/05\/Zrzut-ekranu-2025-05-12-224300-e1747123218520-849x1024.png"},{"@type":"BreadcrumbList","@id":"https:\/\/violaserafin.com\/kontakt\/#breadcrumb","itemListElement":[{"@type":"ListItem","position":1,"name":"Strona g\u0142\u00f3wna","item":"https:\/\/violaserafin.com\/"},{"@type":"ListItem","position":2,"name":"Kontakt"}]},{"@type":"WebSite","@id":"https:\/\/violaserafin.com\/#website","url":"https:\/\/violaserafin.com\/","name":"Viola","description":"Odkryj Klimat Hiszpanii!","potentialAction":[{"@type":"SearchAction","target":{"@type":"EntryPoint","urlTemplate":"https:\/\/violaserafin.com\/?s={search_term_string}"},"query-input":{"@type":"PropertyValueSpecification","valueRequired":true,"valueName":"search_term_string"}}],"inLanguage":"en-GB"}]}},"_links":{"self":[{"href":"https:\/\/violaserafin.com\/en\/wp-json\/wp\/v2\/pages\/348","targetHints":{"allow":["GET"]}}],"collection":[{"href":"https:\/\/violaserafin.com\/en\/wp-json\/wp\/v2\/pages"}],"about":[{"href":"https:\/\/violaserafin.com\/en\/wp-json\/wp\/v2\/types\/page"}],"author":[{"embeddable":true,"href":"https:\/\/violaserafin.com\/en\/wp-json\/wp\/v2\/users\/1"}],"replies":[{"embeddable":true,"href":"https:\/\/violaserafin.com\/en\/wp-json\/wp\/v2\/comments?post=348"}],"version-history":[{"count":112,"href":"https:\/\/violaserafin.com\/en\/wp-json\/wp\/v2\/pages\/348\/revisions"}],"predecessor-version":[{"id":3425,"href":"https:\/\/violaserafin.com\/en\/wp-json\/wp\/v2\/pages\/348\/revisions\/3425"}],"wp:attachment":[{"href":"https:\/\/violaserafin.com\/en\/wp-json\/wp\/v2\/media?parent=348"}],"curies":[{"name":"wp","href":"https:\/\/api.w.org\/{rel}","templated":true}]}}