{"id":3063,"date":"2025-06-03T18:02:05","date_gmt":"2025-06-03T18:02:05","guid":{"rendered":"https:\/\/violaserafin.com\/?page_id=3063"},"modified":"2025-06-05T11:53:41","modified_gmt":"2025-06-05T11:53:41","slug":"analiza-nieruchomosci","status":"publish","type":"page","link":"https:\/\/violaserafin.com\/en\/analiza-nieruchomosci\/","title":{"rendered":"PROPERTY ANALYSIS"},"content":{"rendered":"<div data-elementor-type=\"wp-page\" data-elementor-id=\"3063\" class=\"elementor elementor-3063\" data-elementor-post-type=\"page\">\n\t\t\t\t<div class=\"elementor-element elementor-element-58c9ca9 e-flex e-con-boxed e-con e-parent\" data-id=\"58c9ca9\" data-element_type=\"container\">\n\t\t\t\t\t<div class=\"e-con-inner\">\n\t\t<div class=\"elementor-element elementor-element-013d075 e-con-full e-flex e-con e-child\" data-id=\"013d075\" data-element_type=\"container\">\n\t\t\t\t<div class=\"elementor-element elementor-element-380d5b4 elementor-widget elementor-widget-image\" data-id=\"380d5b4\" data-element_type=\"widget\" data-widget_type=\"image.default\">\n\t\t\t\t<div class=\"elementor-widget-container\">\n\t\t\t\t\t\t\t\t\t\t\t\t\t\t\t<img fetchpriority=\"high\" decoding=\"async\" width=\"729\" height=\"1024\" src=\"https:\/\/violaserafin.com\/wp-content\/uploads\/2025\/06\/Ruzafa-6-1-scaled-e1748974624393-729x1024.jpg\" class=\"attachment-large size-large wp-image-3111\" alt=\"\" srcset=\"https:\/\/violaserafin.com\/wp-content\/uploads\/2025\/06\/Ruzafa-6-1-scaled-e1748974624393-729x1024.jpg 729w, https:\/\/violaserafin.com\/wp-content\/uploads\/2025\/06\/Ruzafa-6-1-scaled-e1748974624393-214x300.jpg 214w, https:\/\/violaserafin.com\/wp-content\/uploads\/2025\/06\/Ruzafa-6-1-scaled-e1748974624393-768x1079.jpg 768w, https:\/\/violaserafin.com\/wp-content\/uploads\/2025\/06\/Ruzafa-6-1-scaled-e1748974624393-1093x1536.jpg 1093w, https:\/\/violaserafin.com\/wp-content\/uploads\/2025\/06\/Ruzafa-6-1-scaled-e1748974624393-1458x2048.jpg 1458w, https:\/\/violaserafin.com\/wp-content\/uploads\/2025\/06\/Ruzafa-6-1-scaled-e1748974624393-9x12.jpg 9w, https:\/\/violaserafin.com\/wp-content\/uploads\/2025\/06\/Ruzafa-6-1-scaled-e1748974624393.jpg 1707w\" sizes=\"(max-width: 729px) 100vw, 729px\" \/>\t\t\t\t\t\t\t\t\t\t\t\t\t\t\t<\/div>\n\t\t\t\t<\/div>\n\t\t\t\t<\/div>\n\t\t<div class=\"elementor-element elementor-element-617d46c e-con-full e-flex e-con e-child\" data-id=\"617d46c\" data-element_type=\"container\">\n\t\t\t\t<div class=\"elementor-element elementor-element-51c0e94 elementor-widget elementor-widget-heading\" data-id=\"51c0e94\" data-element_type=\"widget\" data-widget_type=\"heading.default\">\n\t\t\t\t<div class=\"elementor-widget-container\">\n\t\t\t\t\t<h2 class=\"elementor-heading-title elementor-size-default\">PROPERTY ANALYSIS<\/h2>\t\t\t\t<\/div>\n\t\t\t\t<\/div>\n\t\t\t\t<div class=\"elementor-element elementor-element-d68de99 elementor-widget elementor-widget-text-editor\" data-id=\"d68de99\" data-element_type=\"widget\" data-widget_type=\"text-editor.default\">\n\t\t\t\t<div class=\"elementor-widget-container\">\n\t\t\t\t\t\t\t\t\t<p><span id=\"m_-4626592331025059183gmail-docs-internal-guid-bff1047a-7fff-dab0-3b57-f932e390e72b\">Before you decide to buy a property, evaluate its potential with my help. As a Polish interior designer living in Spain, I analyze the layout, possibilities, and limitations of the space \u2013 so you can be sure it\u2019s a smart investment.<\/span><\/p>\t\t\t\t\t\t\t\t<\/div>\n\t\t\t\t<\/div>\n\t\t\t\t<div class=\"elementor-element elementor-element-fd03ea1 elementor-widget elementor-widget-heading\" data-id=\"fd03ea1\" data-element_type=\"widget\" data-widget_type=\"heading.default\">\n\t\t\t\t<div class=\"elementor-widget-container\">\n\t\t\t\t\t<h2 class=\"elementor-heading-title elementor-size-default\">What you gain:<\/h2>\t\t\t\t<\/div>\n\t\t\t\t<\/div>\n\t\t\t\t<div class=\"elementor-element elementor-element-e1cafdd elementor-icon-list--layout-traditional elementor-list-item-link-full_width elementor-widget elementor-widget-icon-list\" data-id=\"e1cafdd\" data-element_type=\"widget\" data-widget_type=\"icon-list.default\">\n\t\t\t\t<div class=\"elementor-widget-container\">\n\t\t\t\t\t\t\t<ul class=\"elementor-icon-list-items\">\n\t\t\t\t\t\t\t<li class=\"elementor-icon-list-item\">\n\t\t\t\t\t\t\t\t\t\t\t<span class=\"elementor-icon-list-icon\">\n\t\t\t\t\t\t\t<svg aria-hidden=\"true\" class=\"e-font-icon-svg e-fas-circle\" viewbox=\"0 0 512 512\" xmlns=\"http:\/\/www.w3.org\/2000\/svg\"><path d=\"M256 8C119 8 8 119 8 256s111 248 248 248 248-111 248-248S393 8 256 8z\"><\/path><\/svg>\t\t\t\t\t\t<\/span>\n\t\t\t\t\t\t\t\t\t\t<span class=\"elementor-icon-list-text\">An assessment of the interior\u2019s functionality (layout, lighting, proportions).<\/span>\n\t\t\t\t\t\t\t\t\t<\/li>\n\t\t\t\t\t\t\t\t<li class=\"elementor-icon-list-item\">\n\t\t\t\t\t\t\t\t\t\t\t<span class=\"elementor-icon-list-icon\">\n\t\t\t\t\t\t\t<svg aria-hidden=\"true\" class=\"e-font-icon-svg e-fas-circle\" viewbox=\"0 0 512 512\" xmlns=\"http:\/\/www.w3.org\/2000\/svg\"><path d=\"M256 8C119 8 8 119 8 256s111 248 248 248 248-111 248-248S393 8 256 8z\"><\/path><\/svg>\t\t\t\t\t\t<\/span>\n\t\t\t\t\t\t\t\t\t\t<span class=\"elementor-icon-list-text\">Identification of technical limitations.<\/span>\n\t\t\t\t\t\t\t\t\t<\/li>\n\t\t\t\t\t\t\t\t<li class=\"elementor-icon-list-item\">\n\t\t\t\t\t\t\t\t\t\t\t<span class=\"elementor-icon-list-icon\">\n\t\t\t\t\t\t\t<svg aria-hidden=\"true\" class=\"e-font-icon-svg e-fas-circle\" viewbox=\"0 0 512 512\" xmlns=\"http:\/\/www.w3.org\/2000\/svg\"><path d=\"M256 8C119 8 8 119 8 256s111 248 248 248 248-111 248-248S393 8 256 8z\"><\/path><\/svg>\t\t\t\t\t\t<\/span>\n\t\t\t\t\t\t\t\t\t\t<span class=\"elementor-icon-list-text\">Layout ideas and modifications tailored to your needs.<\/span>\n\t\t\t\t\t\t\t\t\t<\/li>\n\t\t\t\t\t\t\t\t<li class=\"elementor-icon-list-item\">\n\t\t\t\t\t\t\t\t\t\t\t<span class=\"elementor-icon-list-icon\">\n\t\t\t\t\t\t\t<svg aria-hidden=\"true\" class=\"e-font-icon-svg e-fas-circle\" viewbox=\"0 0 512 512\" xmlns=\"http:\/\/www.w3.org\/2000\/svg\"><path d=\"M256 8C119 8 8 119 8 256s111 248 248 248 248-111 248-248S393 8 256 8z\"><\/path><\/svg>\t\t\t\t\t\t<\/span>\n\t\t\t\t\t\t\t\t\t\t<span class=\"elementor-icon-list-text\">Consultation on next design steps and budgeting.<\/span>\n\t\t\t\t\t\t\t\t\t<\/li>\n\t\t\t\t\t\t<\/ul>\n\t\t\t\t\t\t<\/div>\n\t\t\t\t<\/div>\n\t\t\t\t<div class=\"elementor-element elementor-element-ae0eca0 elementor-widget elementor-widget-heading\" data-id=\"ae0eca0\" data-element_type=\"widget\" data-widget_type=\"heading.default\">\n\t\t\t\t<div class=\"elementor-widget-container\">\n\t\t\t\t\t<h2 class=\"elementor-heading-title elementor-size-default\">Who is it for?<\/h2>\t\t\t\t<\/div>\n\t\t\t\t<\/div>\n\t\t\t\t<div class=\"elementor-element elementor-element-a6c9530 elementor-icon-list--layout-traditional elementor-list-item-link-full_width elementor-widget elementor-widget-icon-list\" data-id=\"a6c9530\" data-element_type=\"widget\" data-widget_type=\"icon-list.default\">\n\t\t\t\t<div class=\"elementor-widget-container\">\n\t\t\t\t\t\t\t<ul class=\"elementor-icon-list-items\">\n\t\t\t\t\t\t\t<li class=\"elementor-icon-list-item\">\n\t\t\t\t\t\t\t\t\t\t\t<span class=\"elementor-icon-list-icon\">\n\t\t\t\t\t\t\t<svg aria-hidden=\"true\" class=\"e-font-icon-svg e-fas-circle\" viewbox=\"0 0 512 512\" xmlns=\"http:\/\/www.w3.org\/2000\/svg\"><path d=\"M256 8C119 8 8 119 8 256s111 248 248 248 248-111 248-248S393 8 256 8z\"><\/path><\/svg>\t\t\t\t\t\t<\/span>\n\t\t\t\t\t\t\t\t\t\t<span class=\"elementor-icon-list-text\">For investors and private buyers looking for a property with potential.<\/span>\n\t\t\t\t\t\t\t\t\t<\/li>\n\t\t\t\t\t\t\t\t<li class=\"elementor-icon-list-item\">\n\t\t\t\t\t\t\t\t\t\t\t<span class=\"elementor-icon-list-icon\">\n\t\t\t\t\t\t\t<svg aria-hidden=\"true\" class=\"e-font-icon-svg e-fas-circle\" viewbox=\"0 0 512 512\" xmlns=\"http:\/\/www.w3.org\/2000\/svg\"><path d=\"M256 8C119 8 8 119 8 256s111 248 248 248 248-111 248-248S393 8 256 8z\"><\/path><\/svg>\t\t\t\t\t\t<\/span>\n\t\t\t\t\t\t\t\t\t\t<span class=\"elementor-icon-list-text\">For those who want to avoid costly mistakes when buying a property.<\/span>\n\t\t\t\t\t\t\t\t\t<\/li>\n\t\t\t\t\t\t<\/ul>\n\t\t\t\t\t\t<\/div>\n\t\t\t\t<\/div>\n\t\t\t\t<div class=\"elementor-element elementor-element-dca44f1 elementor-widget elementor-widget-heading\" data-id=\"dca44f1\" data-element_type=\"widget\" data-widget_type=\"heading.default\">\n\t\t\t\t<div class=\"elementor-widget-container\">\n\t\t\t\t\t<h2 class=\"elementor-heading-title elementor-size-default\">Format:<\/h2>\t\t\t\t<\/div>\n\t\t\t\t<\/div>\n\t\t\t\t<div class=\"elementor-element elementor-element-36cfa69 elementor-widget elementor-widget-text-editor\" data-id=\"36cfa69\" data-element_type=\"widget\" data-widget_type=\"text-editor.default\">\n\t\t\t\t<div class=\"elementor-widget-container\">\n\t\t\t\t\t\t\t\t\t<p><span id=\"m_-4626592331025059183gmail-docs-internal-guid-bff1047a-7fff-dab0-3b57-f932e390e72b\">Online (based on documentation: floor plans, photos, listing link) or an on-site visit \u2013 depending on the location.<\/span><\/p>\t\t\t\t\t\t\t\t<\/div>\n\t\t\t\t<\/div>\n\t\t\t\t<div class=\"elementor-element elementor-element-ecc2eb9 elementor-widget elementor-widget-text-editor\" data-id=\"ecc2eb9\" data-element_type=\"widget\" data-widget_type=\"text-editor.default\">\n\t\t\t\t<div class=\"elementor-widget-container\">\n\t\t\t\t\t\t\t\t\t<p><strong><span id=\"m_-4626592331025059183gmail-docs-internal-guid-bff1047a-7fff-dab0-3b57-f932e390e72b\">Make sure your future interior is truly functional.<\/span><\/strong><\/p>\t\t\t\t\t\t\t\t<\/div>\n\t\t\t\t<\/div>\n\t\t\t\t<div class=\"elementor-element elementor-element-3927f14 elementor-widget elementor-widget-heading\" data-id=\"3927f14\" data-element_type=\"widget\" data-widget_type=\"heading.default\">\n\t\t\t\t<div class=\"elementor-widget-container\">\n\t\t\t\t\t<h2 class=\"elementor-heading-title elementor-size-default\">Price:<\/h2>\t\t\t\t<\/div>\n\t\t\t\t<\/div>\n\t\t\t\t<div class=\"elementor-element elementor-element-6378ed0 elementor-widget elementor-widget-text-editor\" data-id=\"6378ed0\" data-element_type=\"widget\" data-widget_type=\"text-editor.default\">\n\t\t\t\t<div class=\"elementor-widget-container\">\n\t\t\t\t\t\t\t\t\t<p><span id=\"m_-4626592331025059183gmail-docs-internal-guid-bff1047a-7fff-dab0-3b57-f932e390e72b\">od 450 pln brutto<\/span><\/p>\t\t\t\t\t\t\t\t<\/div>\n\t\t\t\t<\/div>\n\t\t\t\t<div class=\"elementor-element elementor-element-980c40d elementor-widget elementor-widget-button\" data-id=\"980c40d\" data-element_type=\"widget\" data-widget_type=\"button.default\">\n\t\t\t\t<div class=\"elementor-widget-container\">\n\t\t\t\t\t\t\t\t\t<div class=\"elementor-button-wrapper\">\n\t\t\t\t\t<a class=\"elementor-button elementor-button-link elementor-size-sm\" href=\"https:\/\/violaserafin.com\/en\/kontakt\/\">\n\t\t\t\t\t\t<span class=\"elementor-button-content-wrapper\">\n\t\t\t\t\t\t\t\t\t<span class=\"elementor-button-text\">SCHEDULE YOUR APPOINTMENT<\/span>\n\t\t\t\t\t<\/span>\n\t\t\t\t\t<\/a>\n\t\t\t\t<\/div>\n\t\t\t\t\t\t\t\t<\/div>\n\t\t\t\t<\/div>\n\t\t\t\t<\/div>\n\t\t\t\t\t<\/div>\n\t\t\t\t<\/div>\n\t\t\t\t<\/div>","protected":false},"excerpt":{"rendered":"<p>Analiza nieruchomo\u015bci Zanim zdecydujesz si\u0119 na zakup nieruchomo\u015bci, sprawd\u017a jej potencja\u0142 z moj\u0105 pomoc\u0105. Jako polska architektka wn\u0119trz mieszkaj\u0105ca w Hiszpanii, analizuj\u0119 dla Ciebie uk\u0142ad, mo\u017cliwo\u015bci i ograniczenia wn\u0119trza \u2013 aby\u015b mia\u0142 pewno\u015b\u0107, \u017ce to dobra inwestycja. Co zyskujesz: Ocen\u0119 funkcjonalno\u015bci wn\u0119trza (uk\u0142ad, \u015bwiat\u0142o, proporcje) Identyfikacja ogranicze\u0144 technicznych Pomys\u0142y na uk\u0142ad i zmiany dopasowane do [&hellip;]<\/p>","protected":false},"author":1,"featured_media":0,"parent":0,"menu_order":0,"comment_status":"closed","ping_status":"closed","template":"","meta":{"footnotes":""},"class_list":["post-3063","page","type-page","status-publish","hentry"],"yoast_head":"<!-- This site is optimized with the Yoast SEO plugin v25.2 - https:\/\/yoast.com\/wordpress\/plugins\/seo\/ -->\n<title>Analiza nieruchomo\u015bci - Viola<\/title>\n<meta name=\"robots\" content=\"index, follow, max-snippet:-1, max-image-preview:large, max-video-preview:-1\" \/>\n<link rel=\"canonical\" href=\"https:\/\/violaserafin.com\/en\/analiza-nieruchomosci\/\" \/>\n<meta property=\"og:locale\" content=\"en_GB\" \/>\n<meta property=\"og:type\" content=\"article\" \/>\n<meta property=\"og:title\" content=\"Analiza nieruchomo\u015bci - Viola\" \/>\n<meta property=\"og:description\" content=\"Analiza nieruchomo\u015bci Zanim zdecydujesz si\u0119 na zakup nieruchomo\u015bci, sprawd\u017a jej potencja\u0142 z moj\u0105 pomoc\u0105. Jako polska architektka wn\u0119trz mieszkaj\u0105ca w Hiszpanii, analizuj\u0119 dla Ciebie uk\u0142ad, mo\u017cliwo\u015bci i ograniczenia wn\u0119trza \u2013 aby\u015b mia\u0142 pewno\u015b\u0107, \u017ce to dobra inwestycja. Co zyskujesz: Ocen\u0119 funkcjonalno\u015bci wn\u0119trza (uk\u0142ad, \u015bwiat\u0142o, proporcje) Identyfikacja ogranicze\u0144 technicznych Pomys\u0142y na uk\u0142ad i zmiany dopasowane do [&hellip;]\" \/>\n<meta property=\"og:url\" content=\"https:\/\/violaserafin.com\/en\/analiza-nieruchomosci\/\" \/>\n<meta property=\"og:site_name\" content=\"Viola\" \/>\n<meta property=\"article:modified_time\" content=\"2025-06-05T11:53:41+00:00\" \/>\n<meta property=\"og:image\" content=\"https:\/\/violaserafin.com\/wp-content\/uploads\/2025\/06\/Ruzafa-6-1-scaled-e1748974624393-729x1024.jpg\" \/>\n<meta name=\"twitter:card\" content=\"summary_large_image\" \/>\n<meta name=\"twitter:label1\" content=\"Estimated reading time\" \/>\n\t<meta name=\"twitter:data1\" content=\"1 minute\" \/>\n<script type=\"application\/ld+json\" class=\"yoast-schema-graph\">{\"@context\":\"https:\/\/schema.org\",\"@graph\":[{\"@type\":\"WebPage\",\"@id\":\"https:\/\/violaserafin.com\/analiza-nieruchomosci\/\",\"url\":\"https:\/\/violaserafin.com\/analiza-nieruchomosci\/\",\"name\":\"Analiza nieruchomo\u015bci - Viola\",\"isPartOf\":{\"@id\":\"https:\/\/violaserafin.com\/#website\"},\"primaryImageOfPage\":{\"@id\":\"https:\/\/violaserafin.com\/analiza-nieruchomosci\/#primaryimage\"},\"image\":{\"@id\":\"https:\/\/violaserafin.com\/analiza-nieruchomosci\/#primaryimage\"},\"thumbnailUrl\":\"https:\/\/violaserafin.com\/wp-content\/uploads\/2025\/06\/Ruzafa-6-1-scaled-e1748974624393-729x1024.jpg\",\"datePublished\":\"2025-06-03T18:02:05+00:00\",\"dateModified\":\"2025-06-05T11:53:41+00:00\",\"breadcrumb\":{\"@id\":\"https:\/\/violaserafin.com\/analiza-nieruchomosci\/#breadcrumb\"},\"inLanguage\":\"en-GB\",\"potentialAction\":[{\"@type\":\"ReadAction\",\"target\":[\"https:\/\/violaserafin.com\/analiza-nieruchomosci\/\"]}]},{\"@type\":\"ImageObject\",\"inLanguage\":\"en-GB\",\"@id\":\"https:\/\/violaserafin.com\/analiza-nieruchomosci\/#primaryimage\",\"url\":\"https:\/\/violaserafin.com\/wp-content\/uploads\/2025\/06\/Ruzafa-6-1-scaled-e1748974624393-729x1024.jpg\",\"contentUrl\":\"https:\/\/violaserafin.com\/wp-content\/uploads\/2025\/06\/Ruzafa-6-1-scaled-e1748974624393-729x1024.jpg\"},{\"@type\":\"BreadcrumbList\",\"@id\":\"https:\/\/violaserafin.com\/analiza-nieruchomosci\/#breadcrumb\",\"itemListElement\":[{\"@type\":\"ListItem\",\"position\":1,\"name\":\"Strona g\u0142\u00f3wna\",\"item\":\"https:\/\/violaserafin.com\/\"},{\"@type\":\"ListItem\",\"position\":2,\"name\":\"Analiza nieruchomo\u015bci\"}]},{\"@type\":\"WebSite\",\"@id\":\"https:\/\/violaserafin.com\/#website\",\"url\":\"https:\/\/violaserafin.com\/\",\"name\":\"Viola\",\"description\":\"Odkryj Klimat Hiszpanii!\",\"potentialAction\":[{\"@type\":\"SearchAction\",\"target\":{\"@type\":\"EntryPoint\",\"urlTemplate\":\"https:\/\/violaserafin.com\/?s={search_term_string}\"},\"query-input\":{\"@type\":\"PropertyValueSpecification\",\"valueRequired\":true,\"valueName\":\"search_term_string\"}}],\"inLanguage\":\"en-GB\"}]}<\/script>\n<!-- \/ Yoast SEO plugin. -->","yoast_head_json":{"title":"Analiza nieruchomo\u015bci - Viola","robots":{"index":"index","follow":"follow","max-snippet":"max-snippet:-1","max-image-preview":"max-image-preview:large","max-video-preview":"max-video-preview:-1"},"canonical":"https:\/\/violaserafin.com\/en\/analiza-nieruchomosci\/","og_locale":"en_GB","og_type":"article","og_title":"Analiza nieruchomo\u015bci - Viola","og_description":"Analiza nieruchomo\u015bci Zanim zdecydujesz si\u0119 na zakup nieruchomo\u015bci, sprawd\u017a jej potencja\u0142 z moj\u0105 pomoc\u0105. Jako polska architektka wn\u0119trz mieszkaj\u0105ca w Hiszpanii, analizuj\u0119 dla Ciebie uk\u0142ad, mo\u017cliwo\u015bci i ograniczenia wn\u0119trza \u2013 aby\u015b mia\u0142 pewno\u015b\u0107, \u017ce to dobra inwestycja. Co zyskujesz: Ocen\u0119 funkcjonalno\u015bci wn\u0119trza (uk\u0142ad, \u015bwiat\u0142o, proporcje) Identyfikacja ogranicze\u0144 technicznych Pomys\u0142y na uk\u0142ad i zmiany dopasowane do [&hellip;]","og_url":"https:\/\/violaserafin.com\/en\/analiza-nieruchomosci\/","og_site_name":"Viola","article_modified_time":"2025-06-05T11:53:41+00:00","og_image":[{"url":"https:\/\/violaserafin.com\/wp-content\/uploads\/2025\/06\/Ruzafa-6-1-scaled-e1748974624393-729x1024.jpg","type":"","width":"","height":""}],"twitter_card":"summary_large_image","twitter_misc":{"Estimated reading time":"1 minute"},"schema":{"@context":"https:\/\/schema.org","@graph":[{"@type":"WebPage","@id":"https:\/\/violaserafin.com\/analiza-nieruchomosci\/","url":"https:\/\/violaserafin.com\/analiza-nieruchomosci\/","name":"Analiza nieruchomo\u015bci - Viola","isPartOf":{"@id":"https:\/\/violaserafin.com\/#website"},"primaryImageOfPage":{"@id":"https:\/\/violaserafin.com\/analiza-nieruchomosci\/#primaryimage"},"image":{"@id":"https:\/\/violaserafin.com\/analiza-nieruchomosci\/#primaryimage"},"thumbnailUrl":"https:\/\/violaserafin.com\/wp-content\/uploads\/2025\/06\/Ruzafa-6-1-scaled-e1748974624393-729x1024.jpg","datePublished":"2025-06-03T18:02:05+00:00","dateModified":"2025-06-05T11:53:41+00:00","breadcrumb":{"@id":"https:\/\/violaserafin.com\/analiza-nieruchomosci\/#breadcrumb"},"inLanguage":"en-GB","potentialAction":[{"@type":"ReadAction","target":["https:\/\/violaserafin.com\/analiza-nieruchomosci\/"]}]},{"@type":"ImageObject","inLanguage":"en-GB","@id":"https:\/\/violaserafin.com\/analiza-nieruchomosci\/#primaryimage","url":"https:\/\/violaserafin.com\/wp-content\/uploads\/2025\/06\/Ruzafa-6-1-scaled-e1748974624393-729x1024.jpg","contentUrl":"https:\/\/violaserafin.com\/wp-content\/uploads\/2025\/06\/Ruzafa-6-1-scaled-e1748974624393-729x1024.jpg"},{"@type":"BreadcrumbList","@id":"https:\/\/violaserafin.com\/analiza-nieruchomosci\/#breadcrumb","itemListElement":[{"@type":"ListItem","position":1,"name":"Strona g\u0142\u00f3wna","item":"https:\/\/violaserafin.com\/"},{"@type":"ListItem","position":2,"name":"Analiza nieruchomo\u015bci"}]},{"@type":"WebSite","@id":"https:\/\/violaserafin.com\/#website","url":"https:\/\/violaserafin.com\/","name":"Viola","description":"Odkryj Klimat Hiszpanii!","potentialAction":[{"@type":"SearchAction","target":{"@type":"EntryPoint","urlTemplate":"https:\/\/violaserafin.com\/?s={search_term_string}"},"query-input":{"@type":"PropertyValueSpecification","valueRequired":true,"valueName":"search_term_string"}}],"inLanguage":"en-GB"}]}},"_links":{"self":[{"href":"https:\/\/violaserafin.com\/en\/wp-json\/wp\/v2\/pages\/3063","targetHints":{"allow":["GET"]}}],"collection":[{"href":"https:\/\/violaserafin.com\/en\/wp-json\/wp\/v2\/pages"}],"about":[{"href":"https:\/\/violaserafin.com\/en\/wp-json\/wp\/v2\/types\/page"}],"author":[{"embeddable":true,"href":"https:\/\/violaserafin.com\/en\/wp-json\/wp\/v2\/users\/1"}],"replies":[{"embeddable":true,"href":"https:\/\/violaserafin.com\/en\/wp-json\/wp\/v2\/comments?post=3063"}],"version-history":[{"count":31,"href":"https:\/\/violaserafin.com\/en\/wp-json\/wp\/v2\/pages\/3063\/revisions"}],"predecessor-version":[{"id":3407,"href":"https:\/\/violaserafin.com\/en\/wp-json\/wp\/v2\/pages\/3063\/revisions\/3407"}],"wp:attachment":[{"href":"https:\/\/violaserafin.com\/en\/wp-json\/wp\/v2\/media?parent=3063"}],"curies":[{"name":"wp","href":"https:\/\/api.w.org\/{rel}","templated":true}]}}