{"id":2849,"date":"2025-06-03T10:15:01","date_gmt":"2025-06-03T10:15:01","guid":{"rendered":"https:\/\/violaserafin.com\/?page_id=2849"},"modified":"2025-06-03T10:29:13","modified_gmt":"2025-06-03T10:29:13","slug":"polityka-prywatnosci","status":"publish","type":"page","link":"https:\/\/violaserafin.com\/en\/polityka-prywatnosci\/","title":{"rendered":"Polityka Prywatno\u015bci"},"content":{"rendered":"<div data-elementor-type=\"wp-page\" data-elementor-id=\"2849\" class=\"elementor elementor-2849\" data-elementor-post-type=\"page\">\n\t\t\t\t<div class=\"elementor-element elementor-element-694e2c2 e-flex e-con-boxed e-con e-parent\" data-id=\"694e2c2\" data-element_type=\"container\">\n\t\t\t\t\t<div class=\"e-con-inner\">\n\t\t\t\t<div class=\"elementor-element elementor-element-58f7dec elementor-widget elementor-widget-text-editor\" data-id=\"58f7dec\" data-element_type=\"widget\" data-widget_type=\"text-editor.default\">\n\t\t\t\t<div class=\"elementor-widget-container\">\n\t\t\t\t\t\t\t\t\t<p>This Privacy Policy has been adopted in connection with the entry into force of Regulation (EU) 2016\/679 of the European Parliament and of the Council of 27 April 2016 on the protection of natural persons with regard to the processing of personal data and on the free movement of such data, and repealing Directive 95\/46\/EC (Official Journal of the European Union L 119\/1 of 4.5.2016; hereinafter referred to as: GDPR).\nThe purpose of this Policy is, in particular, to fulfill the information obligation referred to in Articles 13 and 14 of the GDPR.<br \/><br \/>1. The controller of the personal data processed within the website is <a href=\"https:\/\/violaserafin.com\/en\/\" target=\"_blank\" rel=\"noopener\" data-saferedirecturl=\"https:\/\/www.google.com\/url?q=http:\/\/www.violaserafin.com&amp;source=gmail&amp;ust=1748963241296000&amp;usg=AOvVaw32KopU_zvnX48kvtMZPQfA\">www.violaserafin.com<\/a> (hereinafter referred to as the \u201cWebsite\u201d) is MODOSO Wioletta Serafin, with its registered office in Kra\u015bnik at 3-Maja Street 27, 23-200 Kra\u015bnik, NIP (Tax ID): 7151685867 (hereinafter referred to as the \u201cController\u201d).<br \/><br \/>2. The Controller may process certain data, including personal data of the Website users, in connection with the provision of specific services (such as a newsletter or contact form), as well as the user\u2019s activity on the Website.<br \/><br \/>3. The legal basis for processing your personal data is:<br \/>1. consent (Article 6(1)(a) of the GDPR) or the necessity of processing for the performance of a service agreement (Article 6(1)(b) of the GDPR) \u2014 in the case of using the newsletter service or contact form,<br \/>2. the legitimate interest of the Controller (Article 6(1)(f) of the GDPR) \u2014 in the case of collecting data for analytical and statistical purposes, i.e., to study user activity and preferences on the Website and to improve the functionality of the Website and the services provided (in particular through the use of cookies).<br \/><br \/>4. Cookies are IT data, in particular text files, that are stored on the user\u2019s end device and are intended for use with websites. Cookies typically contain the name of the website they come from, the duration of their storage on the end device, and a unique identifier.<br \/>The Website uses cookies, which can be categorized as follows:<br \/><br \/>1. \u201cEssential\u201d \u2013 these enable the use of services available through the Website, such as maintaining a user session after logging in.<br \/>2. \u201cFunctional\u201d \u2013 cookies that allow the Website to \u201cremember\u201d selected settings and contribute to the personalization of the user interface.<br \/>3. \u201cSecurity\u201d \u2013 cookies that help enhance the security of the Website.<br \/>4. \u201cPerformance\u201d \u2013 cookies that enable the collection of information about how the Website is used.<br \/><br \/>The user can change how cookies are used at any time. Most browsers offer the option to accept or reject all cookies, accept only certain types, or notify the user each time a website attempts to save them. Users can also easily delete cookies that have already been saved on their device by the browser. The options for managing and deleting cookies vary depending on the browser used. All necessary information can be found by using the Help function in the browser or by visiting the website: <a href=\"http:\/\/www.aboutcookies.org\/\" target=\"_blank\" rel=\"noopener\" data-saferedirecturl=\"https:\/\/www.google.com\/url?q=http:\/\/www.aboutcookies.org\/&amp;source=gmail&amp;ust=1748963241296000&amp;usg=AOvVaw0GXvA2-9OD6k3ZGsXZOjUO\">http:\/\/www.aboutcookies.org\/<\/a>which explains how to control and delete cookies in the most popular browsers.\nPlease note that blocking all cookies may result in difficulties in the functioning of the website or even prevent the use of certain features altogether.<br \/><br \/>For the purpose of analyzing and using cookies, the Controller uses the Google Analytics tool.\nIf the user does not wish to share data that may be used by Google, a dedicated browser add-on can be downloaded \u2013 <a href=\"https:\/\/tools.google.com\/dlpage\/gaoptout?hl=pl\" target=\"_blank\" rel=\"noopener\" data-saferedirecturl=\"https:\/\/www.google.com\/url?q=https:\/\/tools.google.com\/dlpage\/gaoptout?hl%3Dpl&amp;source=gmail&amp;ust=1748963241296000&amp;usg=AOvVaw3WjvgQkVCWyYunAp4gOxCz\">https:\/\/tools.google.com\/<wbr \/>dlpage\/gaoptout?hl=pl<\/a>).<br \/><br \/>5. Your data will be stored no longer than necessary \u2013 that is, no longer than the duration of your use of the Website or the continuation of communication. In the case of consent, your data will be processed no longer than for the duration of the service or other activities to which the consent applies.<br \/><br \/>6. The recipients of your personal data may include entities to whom we are legally obligated to disclose data under applicable laws (e.g. judicial authorities, tax office), as well as entities providing support services on our behalf related to the operation of the Website or the provision of services or other benefits (where consent has been given). These may include, in particular, providers of hosting, IT, marketing, and similar services.\nWe have appropriate agreements in place with such entities to ensure adequate security and legal compliance.<br \/><br \/>7. Please remember that you have the right to access your data, including the right to obtain a copy of it, the right to request rectification, the right to request deletion (in certain situations), the right to lodge a complaint with the data protection supervisory authority, and the right to restrict data processing.\n\nWhere your data is processed based on consent, you also have the right to withdraw that consent to the extent the processing is based on it (withdrawing consent does not affect the lawfulness of processing carried out before the withdrawal) and the right to data portability \u2013 meaning the right to receive your personal data from the controller in a structured, commonly used, machine-readable format.\n\nYou also have the right to object to the processing of your data for marketing purposes if such processing is based on the legitimate interests of the Controller, and \u2013 for reasons related to your particular situation \u2013 in other cases where the legal basis for processing is the Controller\u2019s legitimate interest (e.g. in connection with analytical or statistical purposes).<br \/><br \/>8. The Controller will not make any automated decisions concerning you based on your personal data, including decisions resulting from profiling.<br \/><br \/>9. Your data is not transferred outside the European Economic Area (EEA).<\/p>\t\t\t\t\t\t\t\t<\/div>\n\t\t\t\t<\/div>\n\t\t\t\t\t<\/div>\n\t\t\t\t<\/div>\n\t\t\t\t<\/div>","protected":false},"excerpt":{"rendered":"<p>Niniejsza polityka prywatno\u015bci zosta\u0142a przyj\u0119ta w zwi\u0105zku z wej\u015bciem w Zycie rozporz\u0105dzenia Parlamentu Europejskiego i Rady (UE) nr 2016\/679 z dnia 27 kwietnia 2016r. w sprawie ochrony os\u00f3b fizycznych w zwi\u0105zku z przetwarzaniem danych osobowych i w sprawie swobodnego przep\u0142ywu takich danych oraz uchylenia dyrektywy 95\/46\/WE (Dziennik Urz\u0119dowy Unii Europejskiej nr L 119\/1 z 4.52016; [&hellip;]<\/p>","protected":false},"author":1,"featured_media":0,"parent":0,"menu_order":0,"comment_status":"closed","ping_status":"closed","template":"","meta":{"footnotes":""},"class_list":["post-2849","page","type-page","status-publish","hentry"],"yoast_head":"<!-- This site is optimized with the Yoast SEO plugin v25.2 - https:\/\/yoast.com\/wordpress\/plugins\/seo\/ -->\n<title>Polityka Prywatno\u015bci - Viola<\/title>\n<meta name=\"robots\" content=\"index, follow, max-snippet:-1, max-image-preview:large, max-video-preview:-1\" \/>\n<link rel=\"canonical\" href=\"https:\/\/violaserafin.com\/en\/polityka-prywatnosci\/\" \/>\n<meta property=\"og:locale\" content=\"en_GB\" \/>\n<meta property=\"og:type\" content=\"article\" \/>\n<meta property=\"og:title\" content=\"Polityka Prywatno\u015bci - Viola\" \/>\n<meta property=\"og:description\" content=\"Niniejsza polityka prywatno\u015bci zosta\u0142a przyj\u0119ta w zwi\u0105zku z wej\u015bciem w Zycie rozporz\u0105dzenia Parlamentu Europejskiego i Rady (UE) nr 2016\/679 z dnia 27 kwietnia 2016r. w sprawie ochrony os\u00f3b fizycznych w zwi\u0105zku z przetwarzaniem danych osobowych i w sprawie swobodnego przep\u0142ywu takich danych oraz uchylenia dyrektywy 95\/46\/WE (Dziennik Urz\u0119dowy Unii Europejskiej nr L 119\/1 z 4.52016; [&hellip;]\" \/>\n<meta property=\"og:url\" content=\"https:\/\/violaserafin.com\/en\/polityka-prywatnosci\/\" \/>\n<meta property=\"og:site_name\" content=\"Viola\" \/>\n<meta property=\"article:modified_time\" content=\"2025-06-03T10:29:13+00:00\" \/>\n<meta name=\"twitter:card\" content=\"summary_large_image\" \/>\n<meta name=\"twitter:label1\" content=\"Estimated reading time\" \/>\n\t<meta name=\"twitter:data1\" content=\"5 minutes\" \/>\n<script type=\"application\/ld+json\" class=\"yoast-schema-graph\">{\"@context\":\"https:\/\/schema.org\",\"@graph\":[{\"@type\":\"WebPage\",\"@id\":\"https:\/\/violaserafin.com\/polityka-prywatnosci\/\",\"url\":\"https:\/\/violaserafin.com\/polityka-prywatnosci\/\",\"name\":\"Polityka Prywatno\u015bci - Viola\",\"isPartOf\":{\"@id\":\"https:\/\/violaserafin.com\/#website\"},\"datePublished\":\"2025-06-03T10:15:01+00:00\",\"dateModified\":\"2025-06-03T10:29:13+00:00\",\"breadcrumb\":{\"@id\":\"https:\/\/violaserafin.com\/polityka-prywatnosci\/#breadcrumb\"},\"inLanguage\":\"en-GB\",\"potentialAction\":[{\"@type\":\"ReadAction\",\"target\":[\"https:\/\/violaserafin.com\/polityka-prywatnosci\/\"]}]},{\"@type\":\"BreadcrumbList\",\"@id\":\"https:\/\/violaserafin.com\/polityka-prywatnosci\/#breadcrumb\",\"itemListElement\":[{\"@type\":\"ListItem\",\"position\":1,\"name\":\"Strona g\u0142\u00f3wna\",\"item\":\"https:\/\/violaserafin.com\/\"},{\"@type\":\"ListItem\",\"position\":2,\"name\":\"Polityka Prywatno\u015bci\"}]},{\"@type\":\"WebSite\",\"@id\":\"https:\/\/violaserafin.com\/#website\",\"url\":\"https:\/\/violaserafin.com\/\",\"name\":\"Viola\",\"description\":\"Odkryj Klimat Hiszpanii!\",\"potentialAction\":[{\"@type\":\"SearchAction\",\"target\":{\"@type\":\"EntryPoint\",\"urlTemplate\":\"https:\/\/violaserafin.com\/?s={search_term_string}\"},\"query-input\":{\"@type\":\"PropertyValueSpecification\",\"valueRequired\":true,\"valueName\":\"search_term_string\"}}],\"inLanguage\":\"en-GB\"}]}<\/script>\n<!-- \/ Yoast SEO plugin. -->","yoast_head_json":{"title":"Polityka Prywatno\u015bci - Viola","robots":{"index":"index","follow":"follow","max-snippet":"max-snippet:-1","max-image-preview":"max-image-preview:large","max-video-preview":"max-video-preview:-1"},"canonical":"https:\/\/violaserafin.com\/en\/polityka-prywatnosci\/","og_locale":"en_GB","og_type":"article","og_title":"Polityka Prywatno\u015bci - Viola","og_description":"Niniejsza polityka prywatno\u015bci zosta\u0142a przyj\u0119ta w zwi\u0105zku z wej\u015bciem w Zycie rozporz\u0105dzenia Parlamentu Europejskiego i Rady (UE) nr 2016\/679 z dnia 27 kwietnia 2016r. w sprawie ochrony os\u00f3b fizycznych w zwi\u0105zku z przetwarzaniem danych osobowych i w sprawie swobodnego przep\u0142ywu takich danych oraz uchylenia dyrektywy 95\/46\/WE (Dziennik Urz\u0119dowy Unii Europejskiej nr L 119\/1 z 4.52016; [&hellip;]","og_url":"https:\/\/violaserafin.com\/en\/polityka-prywatnosci\/","og_site_name":"Viola","article_modified_time":"2025-06-03T10:29:13+00:00","twitter_card":"summary_large_image","twitter_misc":{"Estimated reading time":"5 minutes"},"schema":{"@context":"https:\/\/schema.org","@graph":[{"@type":"WebPage","@id":"https:\/\/violaserafin.com\/polityka-prywatnosci\/","url":"https:\/\/violaserafin.com\/polityka-prywatnosci\/","name":"Polityka Prywatno\u015bci - Viola","isPartOf":{"@id":"https:\/\/violaserafin.com\/#website"},"datePublished":"2025-06-03T10:15:01+00:00","dateModified":"2025-06-03T10:29:13+00:00","breadcrumb":{"@id":"https:\/\/violaserafin.com\/polityka-prywatnosci\/#breadcrumb"},"inLanguage":"en-GB","potentialAction":[{"@type":"ReadAction","target":["https:\/\/violaserafin.com\/polityka-prywatnosci\/"]}]},{"@type":"BreadcrumbList","@id":"https:\/\/violaserafin.com\/polityka-prywatnosci\/#breadcrumb","itemListElement":[{"@type":"ListItem","position":1,"name":"Strona g\u0142\u00f3wna","item":"https:\/\/violaserafin.com\/"},{"@type":"ListItem","position":2,"name":"Polityka Prywatno\u015bci"}]},{"@type":"WebSite","@id":"https:\/\/violaserafin.com\/#website","url":"https:\/\/violaserafin.com\/","name":"Viola","description":"Odkryj Klimat Hiszpanii!","potentialAction":[{"@type":"SearchAction","target":{"@type":"EntryPoint","urlTemplate":"https:\/\/violaserafin.com\/?s={search_term_string}"},"query-input":{"@type":"PropertyValueSpecification","valueRequired":true,"valueName":"search_term_string"}}],"inLanguage":"en-GB"}]}},"_links":{"self":[{"href":"https:\/\/violaserafin.com\/en\/wp-json\/wp\/v2\/pages\/2849","targetHints":{"allow":["GET"]}}],"collection":[{"href":"https:\/\/violaserafin.com\/en\/wp-json\/wp\/v2\/pages"}],"about":[{"href":"https:\/\/violaserafin.com\/en\/wp-json\/wp\/v2\/types\/page"}],"author":[{"embeddable":true,"href":"https:\/\/violaserafin.com\/en\/wp-json\/wp\/v2\/users\/1"}],"replies":[{"embeddable":true,"href":"https:\/\/violaserafin.com\/en\/wp-json\/wp\/v2\/comments?post=2849"}],"version-history":[{"count":13,"href":"https:\/\/violaserafin.com\/en\/wp-json\/wp\/v2\/pages\/2849\/revisions"}],"predecessor-version":[{"id":2864,"href":"https:\/\/violaserafin.com\/en\/wp-json\/wp\/v2\/pages\/2849\/revisions\/2864"}],"wp:attachment":[{"href":"https:\/\/violaserafin.com\/en\/wp-json\/wp\/v2\/media?parent=2849"}],"curies":[{"name":"wp","href":"https:\/\/api.w.org\/{rel}","templated":true}]}}