{"id":2527,"date":"2025-05-27T09:02:43","date_gmt":"2025-05-27T09:02:43","guid":{"rendered":"https:\/\/violaserafin.com\/?page_id=2527"},"modified":"2025-06-29T06:44:23","modified_gmt":"2025-06-29T06:44:23","slug":"shopping-day","status":"publish","type":"page","link":"https:\/\/violaserafin.com\/en\/shopping-day\/","title":{"rendered":"Shopping Day"},"content":{"rendered":"<div data-elementor-type=\"wp-page\" data-elementor-id=\"2527\" class=\"elementor elementor-2527\" data-elementor-post-type=\"page\">\n\t\t\t\t<div class=\"elementor-element elementor-element-58c9ca9 e-flex e-con-boxed e-con e-parent\" data-id=\"58c9ca9\" data-element_type=\"container\">\n\t\t\t\t\t<div class=\"e-con-inner\">\n\t\t<div class=\"elementor-element elementor-element-013d075 e-con-full e-flex e-con e-child\" data-id=\"013d075\" data-element_type=\"container\">\n\t\t\t\t<div class=\"elementor-element elementor-element-380d5b4 elementor-widget elementor-widget-image\" data-id=\"380d5b4\" data-element_type=\"widget\" data-widget_type=\"image.default\">\n\t\t\t\t<div class=\"elementor-widget-container\">\n\t\t\t\t\t\t\t\t\t\t\t\t\t\t\t<img fetchpriority=\"high\" decoding=\"async\" width=\"1775\" height=\"1766\" src=\"https:\/\/violaserafin.com\/wp-content\/uploads\/2025\/05\/Andreas-30.-pietro-z-widokiem-1-1960x2048-1-e1749018032821.jpg\" class=\"attachment-full size-full wp-image-2539\" alt=\"\" srcset=\"https:\/\/violaserafin.com\/wp-content\/uploads\/2025\/05\/Andreas-30.-pietro-z-widokiem-1-1960x2048-1-e1749018032821.jpg 1775w, https:\/\/violaserafin.com\/wp-content\/uploads\/2025\/05\/Andreas-30.-pietro-z-widokiem-1-1960x2048-1-e1749018032821-300x298.jpg 300w, https:\/\/violaserafin.com\/wp-content\/uploads\/2025\/05\/Andreas-30.-pietro-z-widokiem-1-1960x2048-1-e1749018032821-1024x1019.jpg 1024w, https:\/\/violaserafin.com\/wp-content\/uploads\/2025\/05\/Andreas-30.-pietro-z-widokiem-1-1960x2048-1-e1749018032821-150x150.jpg 150w, https:\/\/violaserafin.com\/wp-content\/uploads\/2025\/05\/Andreas-30.-pietro-z-widokiem-1-1960x2048-1-e1749018032821-768x764.jpg 768w, https:\/\/violaserafin.com\/wp-content\/uploads\/2025\/05\/Andreas-30.-pietro-z-widokiem-1-1960x2048-1-e1749018032821-1536x1528.jpg 1536w, https:\/\/violaserafin.com\/wp-content\/uploads\/2025\/05\/Andreas-30.-pietro-z-widokiem-1-1960x2048-1-e1749018032821-12x12.jpg 12w\" sizes=\"(max-width: 1775px) 100vw, 1775px\" \/>\t\t\t\t\t\t\t\t\t\t\t\t\t\t\t<\/div>\n\t\t\t\t<\/div>\n\t\t\t\t<\/div>\n\t\t<div class=\"elementor-element elementor-element-617d46c e-con-full e-flex e-con e-child\" data-id=\"617d46c\" data-element_type=\"container\">\n\t\t\t\t<div class=\"elementor-element elementor-element-10e942c elementor-widget elementor-widget-heading\" data-id=\"10e942c\" data-element_type=\"widget\" data-widget_type=\"heading.default\">\n\t\t\t\t<div class=\"elementor-widget-container\">\n\t\t\t\t\t<h2 class=\"elementor-heading-title elementor-size-default\">    Shopping Day \u2013 a day dedicated to guided shopping <\/br>with a Polish interior designer in Spain<\/h2>\t\t\t\t<\/div>\n\t\t\t\t<\/div>\n\t\t\t\t<div class=\"elementor-element elementor-element-b2f2f1a elementor-widget elementor-widget-heading\" data-id=\"b2f2f1a\" data-element_type=\"widget\" data-widget_type=\"heading.default\">\n\t\t\t\t<div class=\"elementor-widget-container\">\n\t\t\t\t\t<h2 class=\"elementor-heading-title elementor-size-default\">Unique furniture and accessories \u2013 local spots you wouldn\u2019t find on your own<\/h2>\t\t\t\t<\/div>\n\t\t\t\t<\/div>\n\t\t\t\t<div class=\"elementor-element elementor-element-eb96896 elementor-icon-list--layout-traditional elementor-list-item-link-full_width elementor-widget elementor-widget-icon-list\" data-id=\"eb96896\" data-element_type=\"widget\" data-widget_type=\"icon-list.default\">\n\t\t\t\t<div class=\"elementor-widget-container\">\n\t\t\t\t\t\t\t<ul class=\"elementor-icon-list-items\">\n\t\t\t\t\t\t\t<li class=\"elementor-icon-list-item\">\n\t\t\t\t\t\t\t\t\t\t\t<span class=\"elementor-icon-list-icon\">\n\t\t\t\t\t\t\t<svg aria-hidden=\"true\" class=\"e-font-icon-svg e-fas-circle\" viewbox=\"0 0 512 512\" xmlns=\"http:\/\/www.w3.org\/2000\/svg\"><path d=\"M256 8C119 8 8 119 8 256s111 248 248 248 248-111 248-248S393 8 256 8z\"><\/path><\/svg>\t\t\t\t\t\t<\/span>\n\t\t\t\t\t\t\t\t\t\t<span class=\"elementor-icon-list-text\">Full-day support from an interior designer<\/span>\n\t\t\t\t\t\t\t\t\t<\/li>\n\t\t\t\t\t\t\t\t<li class=\"elementor-icon-list-item\">\n\t\t\t\t\t\t\t\t\t\t\t<span class=\"elementor-icon-list-icon\">\n\t\t\t\t\t\t\t<svg aria-hidden=\"true\" class=\"e-font-icon-svg e-fas-circle\" viewbox=\"0 0 512 512\" xmlns=\"http:\/\/www.w3.org\/2000\/svg\"><path d=\"M256 8C119 8 8 119 8 256s111 248 248 248 248-111 248-248S393 8 256 8z\"><\/path><\/svg>\t\t\t\t\t\t<\/span>\n\t\t\t\t\t\t\t\t\t\t<span class=\"elementor-icon-list-text\">Access to trusted local interior design and furnishing stores.<\/span>\n\t\t\t\t\t\t\t\t\t<\/li>\n\t\t\t\t\t\t\t\t<li class=\"elementor-icon-list-item\">\n\t\t\t\t\t\t\t\t\t\t\t<span class=\"elementor-icon-list-icon\">\n\t\t\t\t\t\t\t<svg aria-hidden=\"true\" class=\"e-font-icon-svg e-fas-circle\" viewbox=\"0 0 512 512\" xmlns=\"http:\/\/www.w3.org\/2000\/svg\"><path d=\"M256 8C119 8 8 119 8 256s111 248 248 248 248-111 248-248S393 8 256 8z\"><\/path><\/svg>\t\t\t\t\t\t<\/span>\n\t\t\t\t\t\t\t\t\t\t<span class=\"elementor-icon-list-text\">Assistance in selecting and matching furniture to your style and design.<\/span>\n\t\t\t\t\t\t\t\t\t<\/li>\n\t\t\t\t\t\t<\/ul>\n\t\t\t\t\t\t<\/div>\n\t\t\t\t<\/div>\n\t\t\t\t<div class=\"elementor-element elementor-element-cff4e21 elementor-widget elementor-widget-heading\" data-id=\"cff4e21\" data-element_type=\"widget\" data-widget_type=\"heading.default\">\n\t\t\t\t<div class=\"elementor-widget-container\">\n\t\t\t\t\t<h2 class=\"elementor-heading-title elementor-size-default\">Who is it for?<\/h2>\t\t\t\t<\/div>\n\t\t\t\t<\/div>\n\t\t\t\t<div class=\"elementor-element elementor-element-fef97ee elementor-widget elementor-widget-text-editor\" data-id=\"fef97ee\" data-element_type=\"widget\" data-widget_type=\"text-editor.default\">\n\t\t\t\t<div class=\"elementor-widget-container\">\n\t\t\t\t\t\t\t\t\t<p><span id=\"m_-4626592331025059183gmail-docs-internal-guid-bff1047a-7fff-dab0-3b57-f932e390e72b\">For those who are furnishing a property in Spain and want to create something unique.<\/span><\/p>\t\t\t\t\t\t\t\t<\/div>\n\t\t\t\t<\/div>\n\t\t\t\t<div class=\"elementor-element elementor-element-3d53ec0 elementor-widget elementor-widget-heading\" data-id=\"3d53ec0\" data-element_type=\"widget\" data-widget_type=\"heading.default\">\n\t\t\t\t<div class=\"elementor-widget-container\">\n\t\t\t\t\t<h2 class=\"elementor-heading-title elementor-size-default\">Price:<\/h2>\t\t\t\t<\/div>\n\t\t\t\t<\/div>\n\t\t\t\t<div class=\"elementor-element elementor-element-98ff546 elementor-widget elementor-widget-text-editor\" data-id=\"98ff546\" data-element_type=\"widget\" data-widget_type=\"text-editor.default\">\n\t\t\t\t<div class=\"elementor-widget-container\">\n\t\t\t\t\t\t\t\t\t<p><span id=\"m_-4626592331025059183gmail-docs-internal-guid-bff1047a-7fff-dab0-3b57-f932e390e72b\">od 2500 pln brutto<\/span><\/p>\t\t\t\t\t\t\t\t<\/div>\n\t\t\t\t<\/div>\n\t\t\t\t<div class=\"elementor-element elementor-element-980c40d elementor-widget elementor-widget-button\" data-id=\"980c40d\" data-element_type=\"widget\" data-widget_type=\"button.default\">\n\t\t\t\t<div class=\"elementor-widget-container\">\n\t\t\t\t\t\t\t\t\t<div class=\"elementor-button-wrapper\">\n\t\t\t\t\t<a class=\"elementor-button elementor-button-link elementor-size-sm\" href=\"https:\/\/violaserafin.com\/en\/kontakt\/\">\n\t\t\t\t\t\t<span class=\"elementor-button-content-wrapper\">\n\t\t\t\t\t\t\t\t\t<span class=\"elementor-button-text\">FEEL FREE TO WRITE TO ME<\/span>\n\t\t\t\t\t<\/span>\n\t\t\t\t\t<\/a>\n\t\t\t\t<\/div>\n\t\t\t\t\t\t\t\t<\/div>\n\t\t\t\t<\/div>\n\t\t\t\t<\/div>\n\t\t\t\t\t<\/div>\n\t\t\t\t<\/div>\n\t\t\t\t<\/div>","protected":false},"excerpt":{"rendered":"<p>Shopping Day &#8211; dzie\u0144 zakupowy z polsk\u0105 architektk\u0105 wn\u0119trz w Hiszpanii Wyj\u0105tkowe meble i dodatki \u2013 lokalne miejsca, do kt\u00f3rych nie trafisz samodzielnie Wsparcie architektki wn\u0119trz przez ca\u0142y dzie\u0144 Dost\u0119p do sprawdzonych, lokalnych miejsc z wyposa\u017ceniem wn\u0119trz Pomoc w wyborze i dopasowaniu mebli do Twojego stylu i projektu Dla kogo? Dla os\u00f3b, kt\u00f3re urz\u0105dzaj\u0105 nieruchomo\u015b\u0107 [&hellip;]<\/p>","protected":false},"author":1,"featured_media":0,"parent":0,"menu_order":0,"comment_status":"closed","ping_status":"closed","template":"","meta":{"footnotes":""},"class_list":["post-2527","page","type-page","status-publish","hentry"],"yoast_head":"<!-- This site is optimized with the Yoast SEO plugin v25.2 - https:\/\/yoast.com\/wordpress\/plugins\/seo\/ -->\n<title>Shopping Day - Viola<\/title>\n<meta name=\"robots\" content=\"index, follow, max-snippet:-1, max-image-preview:large, max-video-preview:-1\" \/>\n<link rel=\"canonical\" href=\"https:\/\/violaserafin.com\/en\/shopping-day\/\" \/>\n<meta property=\"og:locale\" content=\"en_GB\" \/>\n<meta property=\"og:type\" content=\"article\" \/>\n<meta property=\"og:title\" content=\"Shopping Day - Viola\" \/>\n<meta property=\"og:description\" content=\"Shopping Day &#8211; dzie\u0144 zakupowy z polsk\u0105 architektk\u0105 wn\u0119trz w Hiszpanii Wyj\u0105tkowe meble i dodatki \u2013 lokalne miejsca, do kt\u00f3rych nie trafisz samodzielnie Wsparcie architektki wn\u0119trz przez ca\u0142y dzie\u0144 Dost\u0119p do sprawdzonych, lokalnych miejsc z wyposa\u017ceniem wn\u0119trz Pomoc w wyborze i dopasowaniu mebli do Twojego stylu i projektu Dla kogo? Dla os\u00f3b, kt\u00f3re urz\u0105dzaj\u0105 nieruchomo\u015b\u0107 [&hellip;]\" \/>\n<meta property=\"og:url\" content=\"https:\/\/violaserafin.com\/en\/shopping-day\/\" \/>\n<meta property=\"og:site_name\" content=\"Viola\" \/>\n<meta property=\"article:modified_time\" content=\"2025-06-29T06:44:23+00:00\" \/>\n<meta property=\"og:image\" content=\"https:\/\/violaserafin.com\/wp-content\/uploads\/2025\/05\/Andreas-30.-pietro-z-widokiem-1-1960x2048-1-e1749018032821.jpg\" \/>\n<meta name=\"twitter:card\" content=\"summary_large_image\" \/>\n<meta name=\"twitter:label1\" content=\"Estimated reading time\" \/>\n\t<meta name=\"twitter:data1\" content=\"1 minute\" \/>\n<script type=\"application\/ld+json\" class=\"yoast-schema-graph\">{\"@context\":\"https:\/\/schema.org\",\"@graph\":[{\"@type\":\"WebPage\",\"@id\":\"https:\/\/violaserafin.com\/shopping-day\/\",\"url\":\"https:\/\/violaserafin.com\/shopping-day\/\",\"name\":\"Shopping Day - Viola\",\"isPartOf\":{\"@id\":\"https:\/\/violaserafin.com\/#website\"},\"primaryImageOfPage\":{\"@id\":\"https:\/\/violaserafin.com\/shopping-day\/#primaryimage\"},\"image\":{\"@id\":\"https:\/\/violaserafin.com\/shopping-day\/#primaryimage\"},\"thumbnailUrl\":\"https:\/\/violaserafin.com\/wp-content\/uploads\/2025\/05\/Andreas-30.-pietro-z-widokiem-1-1960x2048-1-e1749018032821.jpg\",\"datePublished\":\"2025-05-27T09:02:43+00:00\",\"dateModified\":\"2025-06-29T06:44:23+00:00\",\"breadcrumb\":{\"@id\":\"https:\/\/violaserafin.com\/shopping-day\/#breadcrumb\"},\"inLanguage\":\"en-GB\",\"potentialAction\":[{\"@type\":\"ReadAction\",\"target\":[\"https:\/\/violaserafin.com\/shopping-day\/\"]}]},{\"@type\":\"ImageObject\",\"inLanguage\":\"en-GB\",\"@id\":\"https:\/\/violaserafin.com\/shopping-day\/#primaryimage\",\"url\":\"https:\/\/violaserafin.com\/wp-content\/uploads\/2025\/05\/Andreas-30.-pietro-z-widokiem-1-1960x2048-1-e1749018032821.jpg\",\"contentUrl\":\"https:\/\/violaserafin.com\/wp-content\/uploads\/2025\/05\/Andreas-30.-pietro-z-widokiem-1-1960x2048-1-e1749018032821.jpg\"},{\"@type\":\"BreadcrumbList\",\"@id\":\"https:\/\/violaserafin.com\/shopping-day\/#breadcrumb\",\"itemListElement\":[{\"@type\":\"ListItem\",\"position\":1,\"name\":\"Strona g\u0142\u00f3wna\",\"item\":\"https:\/\/violaserafin.com\/\"},{\"@type\":\"ListItem\",\"position\":2,\"name\":\"Shopping Day\"}]},{\"@type\":\"WebSite\",\"@id\":\"https:\/\/violaserafin.com\/#website\",\"url\":\"https:\/\/violaserafin.com\/\",\"name\":\"Viola\",\"description\":\"Odkryj Klimat Hiszpanii!\",\"potentialAction\":[{\"@type\":\"SearchAction\",\"target\":{\"@type\":\"EntryPoint\",\"urlTemplate\":\"https:\/\/violaserafin.com\/?s={search_term_string}\"},\"query-input\":{\"@type\":\"PropertyValueSpecification\",\"valueRequired\":true,\"valueName\":\"search_term_string\"}}],\"inLanguage\":\"en-GB\"}]}<\/script>\n<!-- \/ Yoast SEO plugin. -->","yoast_head_json":{"title":"Shopping Day - Viola","robots":{"index":"index","follow":"follow","max-snippet":"max-snippet:-1","max-image-preview":"max-image-preview:large","max-video-preview":"max-video-preview:-1"},"canonical":"https:\/\/violaserafin.com\/en\/shopping-day\/","og_locale":"en_GB","og_type":"article","og_title":"Shopping Day - Viola","og_description":"Shopping Day &#8211; dzie\u0144 zakupowy z polsk\u0105 architektk\u0105 wn\u0119trz w Hiszpanii Wyj\u0105tkowe meble i dodatki \u2013 lokalne miejsca, do kt\u00f3rych nie trafisz samodzielnie Wsparcie architektki wn\u0119trz przez ca\u0142y dzie\u0144 Dost\u0119p do sprawdzonych, lokalnych miejsc z wyposa\u017ceniem wn\u0119trz Pomoc w wyborze i dopasowaniu mebli do Twojego stylu i projektu Dla kogo? Dla os\u00f3b, kt\u00f3re urz\u0105dzaj\u0105 nieruchomo\u015b\u0107 [&hellip;]","og_url":"https:\/\/violaserafin.com\/en\/shopping-day\/","og_site_name":"Viola","article_modified_time":"2025-06-29T06:44:23+00:00","og_image":[{"url":"https:\/\/violaserafin.com\/wp-content\/uploads\/2025\/05\/Andreas-30.-pietro-z-widokiem-1-1960x2048-1-e1749018032821.jpg","type":"","width":"","height":""}],"twitter_card":"summary_large_image","twitter_misc":{"Estimated reading time":"1 minute"},"schema":{"@context":"https:\/\/schema.org","@graph":[{"@type":"WebPage","@id":"https:\/\/violaserafin.com\/shopping-day\/","url":"https:\/\/violaserafin.com\/shopping-day\/","name":"Shopping Day - Viola","isPartOf":{"@id":"https:\/\/violaserafin.com\/#website"},"primaryImageOfPage":{"@id":"https:\/\/violaserafin.com\/shopping-day\/#primaryimage"},"image":{"@id":"https:\/\/violaserafin.com\/shopping-day\/#primaryimage"},"thumbnailUrl":"https:\/\/violaserafin.com\/wp-content\/uploads\/2025\/05\/Andreas-30.-pietro-z-widokiem-1-1960x2048-1-e1749018032821.jpg","datePublished":"2025-05-27T09:02:43+00:00","dateModified":"2025-06-29T06:44:23+00:00","breadcrumb":{"@id":"https:\/\/violaserafin.com\/shopping-day\/#breadcrumb"},"inLanguage":"en-GB","potentialAction":[{"@type":"ReadAction","target":["https:\/\/violaserafin.com\/shopping-day\/"]}]},{"@type":"ImageObject","inLanguage":"en-GB","@id":"https:\/\/violaserafin.com\/shopping-day\/#primaryimage","url":"https:\/\/violaserafin.com\/wp-content\/uploads\/2025\/05\/Andreas-30.-pietro-z-widokiem-1-1960x2048-1-e1749018032821.jpg","contentUrl":"https:\/\/violaserafin.com\/wp-content\/uploads\/2025\/05\/Andreas-30.-pietro-z-widokiem-1-1960x2048-1-e1749018032821.jpg"},{"@type":"BreadcrumbList","@id":"https:\/\/violaserafin.com\/shopping-day\/#breadcrumb","itemListElement":[{"@type":"ListItem","position":1,"name":"Strona g\u0142\u00f3wna","item":"https:\/\/violaserafin.com\/"},{"@type":"ListItem","position":2,"name":"Shopping Day"}]},{"@type":"WebSite","@id":"https:\/\/violaserafin.com\/#website","url":"https:\/\/violaserafin.com\/","name":"Viola","description":"Odkryj Klimat Hiszpanii!","potentialAction":[{"@type":"SearchAction","target":{"@type":"EntryPoint","urlTemplate":"https:\/\/violaserafin.com\/?s={search_term_string}"},"query-input":{"@type":"PropertyValueSpecification","valueRequired":true,"valueName":"search_term_string"}}],"inLanguage":"en-GB"}]}},"_links":{"self":[{"href":"https:\/\/violaserafin.com\/en\/wp-json\/wp\/v2\/pages\/2527","targetHints":{"allow":["GET"]}}],"collection":[{"href":"https:\/\/violaserafin.com\/en\/wp-json\/wp\/v2\/pages"}],"about":[{"href":"https:\/\/violaserafin.com\/en\/wp-json\/wp\/v2\/types\/page"}],"author":[{"embeddable":true,"href":"https:\/\/violaserafin.com\/en\/wp-json\/wp\/v2\/users\/1"}],"replies":[{"embeddable":true,"href":"https:\/\/violaserafin.com\/en\/wp-json\/wp\/v2\/comments?post=2527"}],"version-history":[{"count":58,"href":"https:\/\/violaserafin.com\/en\/wp-json\/wp\/v2\/pages\/2527\/revisions"}],"predecessor-version":[{"id":3422,"href":"https:\/\/violaserafin.com\/en\/wp-json\/wp\/v2\/pages\/2527\/revisions\/3422"}],"wp:attachment":[{"href":"https:\/\/violaserafin.com\/en\/wp-json\/wp\/v2\/media?parent=2527"}],"curies":[{"name":"wp","href":"https:\/\/api.w.org\/{rel}","templated":true}]}}