{"id":2486,"date":"2025-05-27T08:48:35","date_gmt":"2025-05-27T08:48:35","guid":{"rendered":"https:\/\/violaserafin.com\/?page_id=2486"},"modified":"2025-06-04T11:52:32","modified_gmt":"2025-06-04T11:52:32","slug":"konsultacja","status":"publish","type":"page","link":"https:\/\/violaserafin.com\/en\/konsultacja\/","title":{"rendered":"CONSULTATION"},"content":{"rendered":"<div data-elementor-type=\"wp-page\" data-elementor-id=\"2486\" class=\"elementor elementor-2486\" data-elementor-post-type=\"page\">\n\t\t\t\t<div class=\"elementor-element elementor-element-58c9ca9 e-flex e-con-boxed e-con e-parent\" data-id=\"58c9ca9\" data-element_type=\"container\">\n\t\t\t\t\t<div class=\"e-con-inner\">\n\t\t<div class=\"elementor-element elementor-element-013d075 e-con-full e-flex e-con e-child\" data-id=\"013d075\" data-element_type=\"container\">\n\t\t\t\t<div class=\"elementor-element elementor-element-380d5b4 elementor-widget elementor-widget-image\" data-id=\"380d5b4\" data-element_type=\"widget\" data-widget_type=\"image.default\">\n\t\t\t\t<div class=\"elementor-widget-container\">\n\t\t\t\t\t\t\t\t\t\t\t\t\t\t\t<img fetchpriority=\"high\" decoding=\"async\" width=\"760\" height=\"1024\" src=\"https:\/\/violaserafin.com\/wp-content\/uploads\/2025\/06\/DSC6367-scaled-1-e1748335990855-972x1536-1-e1748970598157-760x1024.webp\" class=\"attachment-large size-large wp-image-2950\" alt=\"\" srcset=\"https:\/\/violaserafin.com\/wp-content\/uploads\/2025\/06\/DSC6367-scaled-1-e1748335990855-972x1536-1-e1748970598157-760x1024.webp 760w, https:\/\/violaserafin.com\/wp-content\/uploads\/2025\/06\/DSC6367-scaled-1-e1748335990855-972x1536-1-e1748970598157-223x300.webp 223w, https:\/\/violaserafin.com\/wp-content\/uploads\/2025\/06\/DSC6367-scaled-1-e1748335990855-972x1536-1-e1748970598157-768x1035.webp 768w, https:\/\/violaserafin.com\/wp-content\/uploads\/2025\/06\/DSC6367-scaled-1-e1748335990855-972x1536-1-e1748970598157-9x12.webp 9w, https:\/\/violaserafin.com\/wp-content\/uploads\/2025\/06\/DSC6367-scaled-1-e1748335990855-972x1536-1-e1748970598157.webp 972w\" sizes=\"(max-width: 760px) 100vw, 760px\" \/>\t\t\t\t\t\t\t\t\t\t\t\t\t\t\t<\/div>\n\t\t\t\t<\/div>\n\t\t\t\t<\/div>\n\t\t<div class=\"elementor-element elementor-element-617d46c e-con-full e-flex e-con e-child\" data-id=\"617d46c\" data-element_type=\"container\">\n\t\t\t\t<div class=\"elementor-element elementor-element-51c0e94 elementor-widget elementor-widget-heading\" data-id=\"51c0e94\" data-element_type=\"widget\" data-widget_type=\"heading.default\">\n\t\t\t\t<div class=\"elementor-widget-container\">\n\t\t\t\t\t<h2 class=\"elementor-heading-title elementor-size-default\">Online consultation<\/h2>\t\t\t\t<\/div>\n\t\t\t\t<\/div>\n\t\t\t\t<div class=\"elementor-element elementor-element-fc752b8 elementor-widget elementor-widget-heading\" data-id=\"fc752b8\" data-element_type=\"widget\" data-widget_type=\"heading.default\">\n\t\t\t\t<div class=\"elementor-widget-container\">\n\t\t\t\t\t<h2 class=\"elementor-heading-title elementor-size-default\">Quick and practical help from a Polish interior designer living in Spain<\/h2>\t\t\t\t<\/div>\n\t\t\t\t<\/div>\n\t\t\t\t<div class=\"elementor-element elementor-element-d68de99 elementor-widget elementor-widget-text-editor\" data-id=\"d68de99\" data-element_type=\"widget\" data-widget_type=\"text-editor.default\">\n\t\t\t\t<div class=\"elementor-widget-container\">\n\t\t\t\t\t\t\t\t\t<p><span id=\"m_-4626592331025059183gmail-docs-internal-guid-bff1047a-7fff-dab0-3b57-f932e390e72b\">Need professional advice but don\u2019t want to order a full design project? During an individual online consultation, I\u2019ll help you make the right decisions \u2013 aesthetic, functional, and tailored to your space.<\/span><\/p>\t\t\t\t\t\t\t\t<\/div>\n\t\t\t\t<\/div>\n\t\t\t\t<div class=\"elementor-element elementor-element-fd03ea1 elementor-widget elementor-widget-heading\" data-id=\"fd03ea1\" data-element_type=\"widget\" data-widget_type=\"heading.default\">\n\t\t\t\t<div class=\"elementor-widget-container\">\n\t\t\t\t\t<h2 class=\"elementor-heading-title elementor-size-default\">How it works:<\/h2>\t\t\t\t<\/div>\n\t\t\t\t<\/div>\n\t\t\t\t<div class=\"elementor-element elementor-element-e1cafdd elementor-icon-list--layout-traditional elementor-list-item-link-full_width elementor-widget elementor-widget-icon-list\" data-id=\"e1cafdd\" data-element_type=\"widget\" data-widget_type=\"icon-list.default\">\n\t\t\t\t<div class=\"elementor-widget-container\">\n\t\t\t\t\t\t\t<ul class=\"elementor-icon-list-items\">\n\t\t\t\t\t\t\t<li class=\"elementor-icon-list-item\">\n\t\t\t\t\t\t\t\t\t\t\t<span class=\"elementor-icon-list-icon\">\n\t\t\t\t\t\t\t<svg aria-hidden=\"true\" class=\"e-font-icon-svg e-fas-circle\" viewbox=\"0 0 512 512\" xmlns=\"http:\/\/www.w3.org\/2000\/svg\"><path d=\"M256 8C119 8 8 119 8 256s111 248 248 248 248-111 248-248S393 8 256 8z\"><\/path><\/svg>\t\t\t\t\t\t<\/span>\n\t\t\t\t\t\t\t\t\t\t<span class=\"elementor-icon-list-text\">Online meeting (45 minutes)<\/span>\n\t\t\t\t\t\t\t\t\t<\/li>\n\t\t\t\t\t\t\t\t<li class=\"elementor-icon-list-item\">\n\t\t\t\t\t\t\t\t\t\t\t<span class=\"elementor-icon-list-icon\">\n\t\t\t\t\t\t\t<svg aria-hidden=\"true\" class=\"e-font-icon-svg e-fas-circle\" viewbox=\"0 0 512 512\" xmlns=\"http:\/\/www.w3.org\/2000\/svg\"><path d=\"M256 8C119 8 8 119 8 256s111 248 248 248 248-111 248-248S393 8 256 8z\"><\/path><\/svg>\t\t\t\t\t\t<\/span>\n\t\t\t\t\t\t\t\t\t\t<span class=\"elementor-icon-list-text\">Fully tailored to your needs<\/span>\n\t\t\t\t\t\t\t\t\t<\/li>\n\t\t\t\t\t\t\t\t<li class=\"elementor-icon-list-item\">\n\t\t\t\t\t\t\t\t\t\t\t<span class=\"elementor-icon-list-icon\">\n\t\t\t\t\t\t\t<svg aria-hidden=\"true\" class=\"e-font-icon-svg e-fas-circle\" viewbox=\"0 0 512 512\" xmlns=\"http:\/\/www.w3.org\/2000\/svg\"><path d=\"M256 8C119 8 8 119 8 256s111 248 248 248 248-111 248-248S393 8 256 8z\"><\/path><\/svg>\t\t\t\t\t\t<\/span>\n\t\t\t\t\t\t\t\t\t\t<span class=\"elementor-icon-list-text\">After the meeting: specific recommendations, inspiration, and next steps<\/span>\n\t\t\t\t\t\t\t\t\t<\/li>\n\t\t\t\t\t\t<\/ul>\n\t\t\t\t\t\t<\/div>\n\t\t\t\t<\/div>\n\t\t\t\t<div class=\"elementor-element elementor-element-dca44f1 elementor-widget elementor-widget-heading\" data-id=\"dca44f1\" data-element_type=\"widget\" data-widget_type=\"heading.default\">\n\t\t\t\t<div class=\"elementor-widget-container\">\n\t\t\t\t\t<h2 class=\"elementor-heading-title elementor-size-default\">How should I prepare for the consultation?<\/h2>\t\t\t\t<\/div>\n\t\t\t\t<\/div>\n\t\t\t\t<div class=\"elementor-element elementor-element-36cfa69 elementor-widget elementor-widget-text-editor\" data-id=\"36cfa69\" data-element_type=\"widget\" data-widget_type=\"text-editor.default\">\n\t\t\t\t<div class=\"elementor-widget-container\">\n\t\t\t\t\t\t\t\t\t<p><span id=\"m_-4626592331025059183gmail-docs-internal-guid-bff1047a-7fff-dab0-3b57-f932e390e72b\">Before the meeting, please send a few photos, floor plans, or a description of the issue you\u2019d like to discuss \u2014 this will make our conversation as effective as possible.<\/span><\/p>\t\t\t\t\t\t\t\t<\/div>\n\t\t\t\t<\/div>\n\t\t\t\t<div class=\"elementor-element elementor-element-ae0eca0 elementor-widget elementor-widget-heading\" data-id=\"ae0eca0\" data-element_type=\"widget\" data-widget_type=\"heading.default\">\n\t\t\t\t<div class=\"elementor-widget-container\">\n\t\t\t\t\t<h2 class=\"elementor-heading-title elementor-size-default\">Who is it for?<\/h2>\t\t\t\t<\/div>\n\t\t\t\t<\/div>\n\t\t\t\t<div class=\"elementor-element elementor-element-a6c9530 elementor-icon-list--layout-traditional elementor-list-item-link-full_width elementor-widget elementor-widget-icon-list\" data-id=\"a6c9530\" data-element_type=\"widget\" data-widget_type=\"icon-list.default\">\n\t\t\t\t<div class=\"elementor-widget-container\">\n\t\t\t\t\t\t\t<ul class=\"elementor-icon-list-items\">\n\t\t\t\t\t\t\t<li class=\"elementor-icon-list-item\">\n\t\t\t\t\t\t\t\t\t\t\t<span class=\"elementor-icon-list-icon\">\n\t\t\t\t\t\t\t<svg aria-hidden=\"true\" class=\"e-font-icon-svg e-fas-circle\" viewbox=\"0 0 512 512\" xmlns=\"http:\/\/www.w3.org\/2000\/svg\"><path d=\"M256 8C119 8 8 119 8 256s111 248 248 248 248-111 248-248S393 8 256 8z\"><\/path><\/svg>\t\t\t\t\t\t<\/span>\n\t\t\t\t\t\t\t\t\t\t<span class=\"elementor-icon-list-text\">For those planning to buy or renovate in Spain or Poland<\/span>\n\t\t\t\t\t\t\t\t\t<\/li>\n\t\t\t\t\t\t\t\t<li class=\"elementor-icon-list-item\">\n\t\t\t\t\t\t\t\t\t\t\t<span class=\"elementor-icon-list-icon\">\n\t\t\t\t\t\t\t<svg aria-hidden=\"true\" class=\"e-font-icon-svg e-fas-circle\" viewbox=\"0 0 512 512\" xmlns=\"http:\/\/www.w3.org\/2000\/svg\"><path d=\"M256 8C119 8 8 119 8 256s111 248 248 248 248-111 248-248S393 8 256 8z\"><\/path><\/svg>\t\t\t\t\t\t<\/span>\n\t\t\t\t\t\t\t\t\t\t<span class=\"elementor-icon-list-text\">    For those seeking style, ergonomics, and practical solutions<\/span>\n\t\t\t\t\t\t\t\t\t<\/li>\n\t\t\t\t\t\t<\/ul>\n\t\t\t\t\t\t<\/div>\n\t\t\t\t<\/div>\n\t\t\t\t<div class=\"elementor-element elementor-element-bff71fb elementor-widget elementor-widget-heading\" data-id=\"bff71fb\" data-element_type=\"widget\" data-widget_type=\"heading.default\">\n\t\t\t\t<div class=\"elementor-widget-container\">\n\t\t\t\t\t<h2 class=\"elementor-heading-title elementor-size-default\">Price:<\/h2>\t\t\t\t<\/div>\n\t\t\t\t<\/div>\n\t\t\t\t<div class=\"elementor-element elementor-element-34269d2 elementor-widget elementor-widget-text-editor\" data-id=\"34269d2\" data-element_type=\"widget\" data-widget_type=\"text-editor.default\">\n\t\t\t\t<div class=\"elementor-widget-container\">\n\t\t\t\t\t\t\t\t\t<p><span id=\"m_-4626592331025059183gmail-docs-internal-guid-bff1047a-7fff-dab0-3b57-f932e390e72b\">350 pln brutto<\/span><\/p>\t\t\t\t\t\t\t\t<\/div>\n\t\t\t\t<\/div>\n\t\t\t\t<div class=\"elementor-element elementor-element-980c40d elementor-widget elementor-widget-button\" data-id=\"980c40d\" data-element_type=\"widget\" data-widget_type=\"button.default\">\n\t\t\t\t<div class=\"elementor-widget-container\">\n\t\t\t\t\t\t\t\t\t<div class=\"elementor-button-wrapper\">\n\t\t\t\t\t<a class=\"elementor-button elementor-button-link elementor-size-sm\" href=\"https:\/\/violaserafin.com\/en\/kontakt\/\">\n\t\t\t\t\t\t<span class=\"elementor-button-content-wrapper\">\n\t\t\t\t\t\t\t\t\t<span class=\"elementor-button-text\">SCHEDULE YOUR APPOINTMENT<\/span>\n\t\t\t\t\t<\/span>\n\t\t\t\t\t<\/a>\n\t\t\t\t<\/div>\n\t\t\t\t\t\t\t\t<\/div>\n\t\t\t\t<\/div>\n\t\t\t\t<\/div>\n\t\t\t\t\t<\/div>\n\t\t\t\t<\/div>\n\t\t\t\t<\/div>","protected":false},"excerpt":{"rendered":"<p>Konsultacja online Szybka i konkretna pomoc polskiej architektki wn\u0119trz mieszkaj\u0105cej w Hiszpanii Potrzebujesz fachowej porady, ale nie chcesz zamawia\u0107 pe\u0142nego projektu? Podczas indywidualnej konsultacji online pomog\u0119 Ci podj\u0105\u0107 dobre decyzje \u2013 estetyczne, funkcjonalne i dopasowane do Twojej przestrzeni. Jak to wygl\u0105da: Spotkanie online (45 minut) W pe\u0142ni dopasowane do Twoich potrzeb Po spotkaniu: konkretne rekomendacje, [&hellip;]<\/p>","protected":false},"author":1,"featured_media":0,"parent":0,"menu_order":0,"comment_status":"closed","ping_status":"closed","template":"","meta":{"footnotes":""},"class_list":["post-2486","page","type-page","status-publish","hentry"],"yoast_head":"<!-- This site is optimized with the Yoast SEO plugin v25.2 - https:\/\/yoast.com\/wordpress\/plugins\/seo\/ -->\n<title>Konsultacja - Viola<\/title>\n<meta name=\"robots\" content=\"index, follow, max-snippet:-1, max-image-preview:large, max-video-preview:-1\" \/>\n<link rel=\"canonical\" href=\"https:\/\/violaserafin.com\/en\/konsultacja\/\" \/>\n<meta property=\"og:locale\" content=\"en_GB\" \/>\n<meta property=\"og:type\" content=\"article\" \/>\n<meta property=\"og:title\" content=\"Konsultacja - Viola\" \/>\n<meta property=\"og:description\" content=\"Konsultacja online Szybka i konkretna pomoc polskiej architektki wn\u0119trz mieszkaj\u0105cej w Hiszpanii Potrzebujesz fachowej porady, ale nie chcesz zamawia\u0107 pe\u0142nego projektu? Podczas indywidualnej konsultacji online pomog\u0119 Ci podj\u0105\u0107 dobre decyzje \u2013 estetyczne, funkcjonalne i dopasowane do Twojej przestrzeni. Jak to wygl\u0105da: Spotkanie online (45 minut) W pe\u0142ni dopasowane do Twoich potrzeb Po spotkaniu: konkretne rekomendacje, [&hellip;]\" \/>\n<meta property=\"og:url\" content=\"https:\/\/violaserafin.com\/en\/konsultacja\/\" \/>\n<meta property=\"og:site_name\" content=\"Viola\" \/>\n<meta property=\"article:modified_time\" content=\"2025-06-04T11:52:32+00:00\" \/>\n<meta property=\"og:image\" content=\"https:\/\/violaserafin.com\/wp-content\/uploads\/2025\/06\/DSC6367-scaled-1-e1748335990855-972x1536-1-e1748970598157-760x1024.webp\" \/>\n<meta name=\"twitter:card\" content=\"summary_large_image\" \/>\n<meta name=\"twitter:label1\" content=\"Estimated reading time\" \/>\n\t<meta name=\"twitter:data1\" content=\"1 minute\" \/>\n<script type=\"application\/ld+json\" class=\"yoast-schema-graph\">{\"@context\":\"https:\/\/schema.org\",\"@graph\":[{\"@type\":\"WebPage\",\"@id\":\"https:\/\/violaserafin.com\/konsultacja\/\",\"url\":\"https:\/\/violaserafin.com\/konsultacja\/\",\"name\":\"Konsultacja - Viola\",\"isPartOf\":{\"@id\":\"https:\/\/violaserafin.com\/#website\"},\"primaryImageOfPage\":{\"@id\":\"https:\/\/violaserafin.com\/konsultacja\/#primaryimage\"},\"image\":{\"@id\":\"https:\/\/violaserafin.com\/konsultacja\/#primaryimage\"},\"thumbnailUrl\":\"https:\/\/violaserafin.com\/wp-content\/uploads\/2025\/06\/DSC6367-scaled-1-e1748335990855-972x1536-1-e1748970598157-760x1024.webp\",\"datePublished\":\"2025-05-27T08:48:35+00:00\",\"dateModified\":\"2025-06-04T11:52:32+00:00\",\"breadcrumb\":{\"@id\":\"https:\/\/violaserafin.com\/konsultacja\/#breadcrumb\"},\"inLanguage\":\"en-GB\",\"potentialAction\":[{\"@type\":\"ReadAction\",\"target\":[\"https:\/\/violaserafin.com\/konsultacja\/\"]}]},{\"@type\":\"ImageObject\",\"inLanguage\":\"en-GB\",\"@id\":\"https:\/\/violaserafin.com\/konsultacja\/#primaryimage\",\"url\":\"https:\/\/violaserafin.com\/wp-content\/uploads\/2025\/06\/DSC6367-scaled-1-e1748335990855-972x1536-1-e1748970598157-760x1024.webp\",\"contentUrl\":\"https:\/\/violaserafin.com\/wp-content\/uploads\/2025\/06\/DSC6367-scaled-1-e1748335990855-972x1536-1-e1748970598157-760x1024.webp\"},{\"@type\":\"BreadcrumbList\",\"@id\":\"https:\/\/violaserafin.com\/konsultacja\/#breadcrumb\",\"itemListElement\":[{\"@type\":\"ListItem\",\"position\":1,\"name\":\"Strona g\u0142\u00f3wna\",\"item\":\"https:\/\/violaserafin.com\/\"},{\"@type\":\"ListItem\",\"position\":2,\"name\":\"Konsultacja\"}]},{\"@type\":\"WebSite\",\"@id\":\"https:\/\/violaserafin.com\/#website\",\"url\":\"https:\/\/violaserafin.com\/\",\"name\":\"Viola\",\"description\":\"Odkryj Klimat Hiszpanii!\",\"potentialAction\":[{\"@type\":\"SearchAction\",\"target\":{\"@type\":\"EntryPoint\",\"urlTemplate\":\"https:\/\/violaserafin.com\/?s={search_term_string}\"},\"query-input\":{\"@type\":\"PropertyValueSpecification\",\"valueRequired\":true,\"valueName\":\"search_term_string\"}}],\"inLanguage\":\"en-GB\"}]}<\/script>\n<!-- \/ Yoast SEO plugin. -->","yoast_head_json":{"title":"Konsultacja - Viola","robots":{"index":"index","follow":"follow","max-snippet":"max-snippet:-1","max-image-preview":"max-image-preview:large","max-video-preview":"max-video-preview:-1"},"canonical":"https:\/\/violaserafin.com\/en\/konsultacja\/","og_locale":"en_GB","og_type":"article","og_title":"Konsultacja - Viola","og_description":"Konsultacja online Szybka i konkretna pomoc polskiej architektki wn\u0119trz mieszkaj\u0105cej w Hiszpanii Potrzebujesz fachowej porady, ale nie chcesz zamawia\u0107 pe\u0142nego projektu? Podczas indywidualnej konsultacji online pomog\u0119 Ci podj\u0105\u0107 dobre decyzje \u2013 estetyczne, funkcjonalne i dopasowane do Twojej przestrzeni. Jak to wygl\u0105da: Spotkanie online (45 minut) W pe\u0142ni dopasowane do Twoich potrzeb Po spotkaniu: konkretne rekomendacje, [&hellip;]","og_url":"https:\/\/violaserafin.com\/en\/konsultacja\/","og_site_name":"Viola","article_modified_time":"2025-06-04T11:52:32+00:00","og_image":[{"url":"https:\/\/violaserafin.com\/wp-content\/uploads\/2025\/06\/DSC6367-scaled-1-e1748335990855-972x1536-1-e1748970598157-760x1024.webp","type":"","width":"","height":""}],"twitter_card":"summary_large_image","twitter_misc":{"Estimated reading time":"1 minute"},"schema":{"@context":"https:\/\/schema.org","@graph":[{"@type":"WebPage","@id":"https:\/\/violaserafin.com\/konsultacja\/","url":"https:\/\/violaserafin.com\/konsultacja\/","name":"Konsultacja - Viola","isPartOf":{"@id":"https:\/\/violaserafin.com\/#website"},"primaryImageOfPage":{"@id":"https:\/\/violaserafin.com\/konsultacja\/#primaryimage"},"image":{"@id":"https:\/\/violaserafin.com\/konsultacja\/#primaryimage"},"thumbnailUrl":"https:\/\/violaserafin.com\/wp-content\/uploads\/2025\/06\/DSC6367-scaled-1-e1748335990855-972x1536-1-e1748970598157-760x1024.webp","datePublished":"2025-05-27T08:48:35+00:00","dateModified":"2025-06-04T11:52:32+00:00","breadcrumb":{"@id":"https:\/\/violaserafin.com\/konsultacja\/#breadcrumb"},"inLanguage":"en-GB","potentialAction":[{"@type":"ReadAction","target":["https:\/\/violaserafin.com\/konsultacja\/"]}]},{"@type":"ImageObject","inLanguage":"en-GB","@id":"https:\/\/violaserafin.com\/konsultacja\/#primaryimage","url":"https:\/\/violaserafin.com\/wp-content\/uploads\/2025\/06\/DSC6367-scaled-1-e1748335990855-972x1536-1-e1748970598157-760x1024.webp","contentUrl":"https:\/\/violaserafin.com\/wp-content\/uploads\/2025\/06\/DSC6367-scaled-1-e1748335990855-972x1536-1-e1748970598157-760x1024.webp"},{"@type":"BreadcrumbList","@id":"https:\/\/violaserafin.com\/konsultacja\/#breadcrumb","itemListElement":[{"@type":"ListItem","position":1,"name":"Strona g\u0142\u00f3wna","item":"https:\/\/violaserafin.com\/"},{"@type":"ListItem","position":2,"name":"Konsultacja"}]},{"@type":"WebSite","@id":"https:\/\/violaserafin.com\/#website","url":"https:\/\/violaserafin.com\/","name":"Viola","description":"Odkryj Klimat Hiszpanii!","potentialAction":[{"@type":"SearchAction","target":{"@type":"EntryPoint","urlTemplate":"https:\/\/violaserafin.com\/?s={search_term_string}"},"query-input":{"@type":"PropertyValueSpecification","valueRequired":true,"valueName":"search_term_string"}}],"inLanguage":"en-GB"}]}},"_links":{"self":[{"href":"https:\/\/violaserafin.com\/en\/wp-json\/wp\/v2\/pages\/2486","targetHints":{"allow":["GET"]}}],"collection":[{"href":"https:\/\/violaserafin.com\/en\/wp-json\/wp\/v2\/pages"}],"about":[{"href":"https:\/\/violaserafin.com\/en\/wp-json\/wp\/v2\/types\/page"}],"author":[{"embeddable":true,"href":"https:\/\/violaserafin.com\/en\/wp-json\/wp\/v2\/users\/1"}],"replies":[{"embeddable":true,"href":"https:\/\/violaserafin.com\/en\/wp-json\/wp\/v2\/comments?post=2486"}],"version-history":[{"count":72,"href":"https:\/\/violaserafin.com\/en\/wp-json\/wp\/v2\/pages\/2486\/revisions"}],"predecessor-version":[{"id":3353,"href":"https:\/\/violaserafin.com\/en\/wp-json\/wp\/v2\/pages\/2486\/revisions\/3353"}],"wp:attachment":[{"href":"https:\/\/violaserafin.com\/en\/wp-json\/wp\/v2\/media?parent=2486"}],"curies":[{"name":"wp","href":"https:\/\/api.w.org\/{rel}","templated":true}]}}