{"id":2272,"date":"2025-05-26T19:51:18","date_gmt":"2025-05-26T19:51:18","guid":{"rendered":"https:\/\/violaserafin.com\/?page_id=2272"},"modified":"2025-06-04T11:50:13","modified_gmt":"2025-06-04T11:50:13","slug":"projekt-domu-mieszkania","status":"publish","type":"page","link":"https:\/\/violaserafin.com\/en\/projekt-domu-mieszkania\/","title":{"rendered":"HOUSE\/APARTMENT PROJECT"},"content":{"rendered":"<div data-elementor-type=\"wp-page\" data-elementor-id=\"2272\" class=\"elementor elementor-2272\" data-elementor-post-type=\"page\">\n\t\t\t\t<div class=\"elementor-element elementor-element-58c9ca9 e-flex e-con-boxed e-con e-parent\" data-id=\"58c9ca9\" data-element_type=\"container\">\n\t\t\t\t\t<div class=\"e-con-inner\">\n\t\t<div class=\"elementor-element elementor-element-013d075 e-con-full e-flex e-con e-child\" data-id=\"013d075\" data-element_type=\"container\">\n\t\t\t\t<div class=\"elementor-element elementor-element-380d5b4 elementor-widget elementor-widget-image\" data-id=\"380d5b4\" data-element_type=\"widget\" data-widget_type=\"image.default\">\n\t\t\t\t<div class=\"elementor-widget-container\">\n\t\t\t\t\t\t\t\t\t\t\t\t\t\t\t<img fetchpriority=\"high\" decoding=\"async\" width=\"800\" height=\"791\" src=\"https:\/\/violaserafin.com\/wp-content\/uploads\/2025\/05\/DSC6383-scaled-e1747857285715-1-e1749017779488-1024x1013.jpg\" class=\"attachment-large size-large wp-image-2423\" alt=\"\" srcset=\"https:\/\/violaserafin.com\/wp-content\/uploads\/2025\/05\/DSC6383-scaled-e1747857285715-1-e1749017779488-1024x1013.jpg 1024w, https:\/\/violaserafin.com\/wp-content\/uploads\/2025\/05\/DSC6383-scaled-e1747857285715-1-e1749017779488-300x297.jpg 300w, https:\/\/violaserafin.com\/wp-content\/uploads\/2025\/05\/DSC6383-scaled-e1747857285715-1-e1749017779488-768x759.jpg 768w, https:\/\/violaserafin.com\/wp-content\/uploads\/2025\/05\/DSC6383-scaled-e1747857285715-1-e1749017779488-12x12.jpg 12w, https:\/\/violaserafin.com\/wp-content\/uploads\/2025\/05\/DSC6383-scaled-e1747857285715-1-e1749017779488.jpg 1082w\" sizes=\"(max-width: 800px) 100vw, 800px\" \/>\t\t\t\t\t\t\t\t\t\t\t\t\t\t\t<\/div>\n\t\t\t\t<\/div>\n\t\t\t\t<\/div>\n\t\t<div class=\"elementor-element elementor-element-617d46c e-con-full e-flex e-con e-child\" data-id=\"617d46c\" data-element_type=\"container\">\n\t\t\t\t<div class=\"elementor-element elementor-element-7acf83b elementor-widget elementor-widget-heading\" data-id=\"7acf83b\" data-element_type=\"widget\" data-widget_type=\"heading.default\">\n\t\t\t\t<div class=\"elementor-widget-container\">\n\t\t\t\t\t<h2 class=\"elementor-heading-title elementor-size-default\">House \/ apartment design<\/h2>\t\t\t\t<\/div>\n\t\t\t\t<\/div>\n\t\t\t\t<div class=\"elementor-element elementor-element-c4ba15d elementor-widget elementor-widget-text-editor\" data-id=\"c4ba15d\" data-element_type=\"widget\" data-widget_type=\"text-editor.default\">\n\t\t\t\t<div class=\"elementor-widget-container\">\n\t\t\t\t\t\t\t\t\t<p><span id=\"m_-4626592331025059183gmail-docs-internal-guid-bff1047a-7fff-dab0-3b57-f932e390e72b\">Looking for a local interior designer in Spain who will create a functional, beautiful space and take care of every stage of your investment? I offer comprehensive interior design services in Spain (Costa Blanca, Valencia, Alicante) and in Poland \u2013 from the first consultation to full turnkey completion.<\/span><\/p>\t\t\t\t\t\t\t\t<\/div>\n\t\t\t\t<\/div>\n\t\t\t\t<div class=\"elementor-element elementor-element-d4d0ac3 elementor-widget elementor-widget-heading\" data-id=\"d4d0ac3\" data-element_type=\"widget\" data-widget_type=\"heading.default\">\n\t\t\t\t<div class=\"elementor-widget-container\">\n\t\t\t\t\t<h2 class=\"elementor-heading-title elementor-size-default\">The project includes:<\/h2>\t\t\t\t<\/div>\n\t\t\t\t<\/div>\n\t\t\t\t<div class=\"elementor-element elementor-element-eb96896 elementor-icon-list--layout-traditional elementor-list-item-link-full_width elementor-widget elementor-widget-icon-list\" data-id=\"eb96896\" data-element_type=\"widget\" data-widget_type=\"icon-list.default\">\n\t\t\t\t<div class=\"elementor-widget-container\">\n\t\t\t\t\t\t\t<ul class=\"elementor-icon-list-items\">\n\t\t\t\t\t\t\t<li class=\"elementor-icon-list-item\">\n\t\t\t\t\t\t\t\t\t\t\t<span class=\"elementor-icon-list-icon\">\n\t\t\t\t\t\t\t<svg aria-hidden=\"true\" class=\"e-font-icon-svg e-fas-circle\" viewbox=\"0 0 512 512\" xmlns=\"http:\/\/www.w3.org\/2000\/svg\"><path d=\"M256 8C119 8 8 119 8 256s111 248 248 248 248-111 248-248S393 8 256 8z\"><\/path><\/svg>\t\t\t\t\t\t<\/span>\n\t\t\t\t\t\t\t\t\t\t<span class=\"elementor-icon-list-text\">Visual concept: layout, mood boards, color schemes, 3D visualizations<\/span>\n\t\t\t\t\t\t\t\t\t<\/li>\n\t\t\t\t\t\t\t\t<li class=\"elementor-icon-list-item\">\n\t\t\t\t\t\t\t\t\t\t\t<span class=\"elementor-icon-list-icon\">\n\t\t\t\t\t\t\t<svg aria-hidden=\"true\" class=\"e-font-icon-svg e-fas-circle\" viewbox=\"0 0 512 512\" xmlns=\"http:\/\/www.w3.org\/2000\/svg\"><path d=\"M256 8C119 8 8 119 8 256s111 248 248 248 248-111 248-248S393 8 256 8z\"><\/path><\/svg>\t\t\t\t\t\t<\/span>\n\t\t\t\t\t\t\t\t\t\t<span class=\"elementor-icon-list-text\">Technical documentation: drawings, installations, material specifications<\/span>\n\t\t\t\t\t\t\t\t\t<\/li>\n\t\t\t\t\t\t\t\t<li class=\"elementor-icon-list-item\">\n\t\t\t\t\t\t\t\t\t\t\t<span class=\"elementor-icon-list-icon\">\n\t\t\t\t\t\t\t<svg aria-hidden=\"true\" class=\"e-font-icon-svg e-fas-circle\" viewbox=\"0 0 512 512\" xmlns=\"http:\/\/www.w3.org\/2000\/svg\"><path d=\"M256 8C119 8 8 119 8 256s111 248 248 248 248-111 248-248S393 8 256 8z\"><\/path><\/svg>\t\t\t\t\t\t<\/span>\n\t\t\t\t\t\t\t\t\t\t<span class=\"elementor-icon-list-text\">Turnkey option available: supervision, shopping, coordination with contractors<\/span>\n\t\t\t\t\t\t\t\t\t<\/li>\n\t\t\t\t\t\t<\/ul>\n\t\t\t\t\t\t<\/div>\n\t\t\t\t<\/div>\n\t\t\t\t<div class=\"elementor-element elementor-element-7410620 elementor-widget elementor-widget-heading\" data-id=\"7410620\" data-element_type=\"widget\" data-widget_type=\"heading.default\">\n\t\t\t\t<div class=\"elementor-widget-container\">\n\t\t\t\t\t<h2 class=\"elementor-heading-title elementor-size-default\">Who is it for?<\/h2>\t\t\t\t<\/div>\n\t\t\t\t<\/div>\n\t\t\t\t<div class=\"elementor-element elementor-element-36cfa69 elementor-widget elementor-widget-text-editor\" data-id=\"36cfa69\" data-element_type=\"widget\" data-widget_type=\"text-editor.default\">\n\t\t\t\t<div class=\"elementor-widget-container\">\n\t\t\t\t\t\t\t\t\t<p><span id=\"m_-4626592331025059183gmail-docs-internal-guid-bff1047a-7fff-dab0-3b57-f932e390e72b\">For those who want a beautiful, functional interior \u2013 without the hassle<\/span><\/p>\t\t\t\t\t\t\t\t<\/div>\n\t\t\t\t<\/div>\n\t\t\t\t<div class=\"elementor-element elementor-element-ac98cf2 elementor-widget elementor-widget-heading\" data-id=\"ac98cf2\" data-element_type=\"widget\" data-widget_type=\"heading.default\">\n\t\t\t\t<div class=\"elementor-widget-container\">\n\t\t\t\t\t<h2 class=\"elementor-heading-title elementor-size-default\">Price:<\/h2>\t\t\t\t<\/div>\n\t\t\t\t<\/div>\n\t\t\t\t<div class=\"elementor-element elementor-element-b96cd05 elementor-widget elementor-widget-text-editor\" data-id=\"b96cd05\" data-element_type=\"widget\" data-widget_type=\"text-editor.default\">\n\t\t\t\t<div class=\"elementor-widget-container\">\n\t\t\t\t\t\t\t\t\t<p>od 290 pln\/m2 brutto<\/p>\t\t\t\t\t\t\t\t<\/div>\n\t\t\t\t<\/div>\n\t\t\t\t<div class=\"elementor-element elementor-element-980c40d elementor-widget elementor-widget-button\" data-id=\"980c40d\" data-element_type=\"widget\" data-widget_type=\"button.default\">\n\t\t\t\t<div class=\"elementor-widget-container\">\n\t\t\t\t\t\t\t\t\t<div class=\"elementor-button-wrapper\">\n\t\t\t\t\t<a class=\"elementor-button elementor-button-link elementor-size-sm\" href=\"https:\/\/violaserafin.com\/en\/kontakt\/\">\n\t\t\t\t\t\t<span class=\"elementor-button-content-wrapper\">\n\t\t\t\t\t\t\t\t\t<span class=\"elementor-button-text\">FEEL FREE TO WRITE TO ME<\/span>\n\t\t\t\t\t<\/span>\n\t\t\t\t\t<\/a>\n\t\t\t\t<\/div>\n\t\t\t\t\t\t\t\t<\/div>\n\t\t\t\t<\/div>\n\t\t\t\t<\/div>\n\t\t\t\t\t<\/div>\n\t\t\t\t<\/div>\n\t\t\t\t<\/div>","protected":false},"excerpt":{"rendered":"<p>Projekt domu \/ apartamentu Szukasz lokalnej architektki wn\u0119trz w Hiszpanii, kt\u00f3ra zaprojektuje funkcjonalne, pi\u0119kne wn\u0119trze i zadba o ka\u017cdy etap inwestycji? Oferuj\u0119 kompleksowe projekty wn\u0119trz w Hiszpanii (Costa Blanca, Valencia, Alicante) oraz w Polsce \u2013 od pierwszego kontaktu po pe\u0142n\u0105 realizacj\u0119 \u201epod klucz\u201d. W sk\u0142ad projektu wchodz\u0105: Koncepcja wizualna: uk\u0142ad, moodboardy, kolory, wizualizacje 3D Dokumentacja [&hellip;]<\/p>","protected":false},"author":1,"featured_media":0,"parent":0,"menu_order":0,"comment_status":"closed","ping_status":"closed","template":"","meta":{"footnotes":""},"class_list":["post-2272","page","type-page","status-publish","hentry"],"yoast_head":"<!-- This site is optimized with the Yoast SEO plugin v25.2 - https:\/\/yoast.com\/wordpress\/plugins\/seo\/ -->\n<title>Projekt domu\/mieszkania - Viola<\/title>\n<meta name=\"robots\" content=\"index, follow, max-snippet:-1, max-image-preview:large, max-video-preview:-1\" \/>\n<link rel=\"canonical\" href=\"https:\/\/violaserafin.com\/en\/projekt-domu-mieszkania\/\" \/>\n<meta property=\"og:locale\" content=\"en_GB\" \/>\n<meta property=\"og:type\" content=\"article\" \/>\n<meta property=\"og:title\" content=\"Projekt domu\/mieszkania - Viola\" \/>\n<meta property=\"og:description\" content=\"Projekt domu \/ apartamentu Szukasz lokalnej architektki wn\u0119trz w Hiszpanii, kt\u00f3ra zaprojektuje funkcjonalne, pi\u0119kne wn\u0119trze i zadba o ka\u017cdy etap inwestycji? Oferuj\u0119 kompleksowe projekty wn\u0119trz w Hiszpanii (Costa Blanca, Valencia, Alicante) oraz w Polsce \u2013 od pierwszego kontaktu po pe\u0142n\u0105 realizacj\u0119 \u201epod klucz\u201d. W sk\u0142ad projektu wchodz\u0105: Koncepcja wizualna: uk\u0142ad, moodboardy, kolory, wizualizacje 3D Dokumentacja [&hellip;]\" \/>\n<meta property=\"og:url\" content=\"https:\/\/violaserafin.com\/en\/projekt-domu-mieszkania\/\" \/>\n<meta property=\"og:site_name\" content=\"Viola\" \/>\n<meta property=\"article:modified_time\" content=\"2025-06-04T11:50:13+00:00\" \/>\n<meta property=\"og:image\" content=\"https:\/\/violaserafin.com\/wp-content\/uploads\/2025\/05\/DSC6383-scaled-e1747857285715-1-e1749017779488-1024x1013.jpg\" \/>\n<meta name=\"twitter:card\" content=\"summary_large_image\" \/>\n<meta name=\"twitter:label1\" content=\"Estimated reading time\" \/>\n\t<meta name=\"twitter:data1\" content=\"1 minute\" \/>\n<script type=\"application\/ld+json\" class=\"yoast-schema-graph\">{\"@context\":\"https:\/\/schema.org\",\"@graph\":[{\"@type\":\"WebPage\",\"@id\":\"https:\/\/violaserafin.com\/en\/projekt-domu-mieszkania\/\",\"url\":\"https:\/\/violaserafin.com\/en\/projekt-domu-mieszkania\/\",\"name\":\"Projekt domu\/mieszkania - Viola\",\"isPartOf\":{\"@id\":\"https:\/\/violaserafin.com\/#website\"},\"primaryImageOfPage\":{\"@id\":\"https:\/\/violaserafin.com\/en\/projekt-domu-mieszkania\/#primaryimage\"},\"image\":{\"@id\":\"https:\/\/violaserafin.com\/en\/projekt-domu-mieszkania\/#primaryimage\"},\"thumbnailUrl\":\"https:\/\/violaserafin.com\/wp-content\/uploads\/2025\/05\/DSC6383-scaled-e1747857285715-1-e1749017779488-1024x1013.jpg\",\"datePublished\":\"2025-05-26T19:51:18+00:00\",\"dateModified\":\"2025-06-04T11:50:13+00:00\",\"breadcrumb\":{\"@id\":\"https:\/\/violaserafin.com\/en\/projekt-domu-mieszkania\/#breadcrumb\"},\"inLanguage\":\"en-GB\",\"potentialAction\":[{\"@type\":\"ReadAction\",\"target\":[\"https:\/\/violaserafin.com\/en\/projekt-domu-mieszkania\/\"]}]},{\"@type\":\"ImageObject\",\"inLanguage\":\"en-GB\",\"@id\":\"https:\/\/violaserafin.com\/en\/projekt-domu-mieszkania\/#primaryimage\",\"url\":\"https:\/\/violaserafin.com\/wp-content\/uploads\/2025\/05\/DSC6383-scaled-e1747857285715-1-e1749017779488-1024x1013.jpg\",\"contentUrl\":\"https:\/\/violaserafin.com\/wp-content\/uploads\/2025\/05\/DSC6383-scaled-e1747857285715-1-e1749017779488-1024x1013.jpg\"},{\"@type\":\"BreadcrumbList\",\"@id\":\"https:\/\/violaserafin.com\/en\/projekt-domu-mieszkania\/#breadcrumb\",\"itemListElement\":[{\"@type\":\"ListItem\",\"position\":1,\"name\":\"Strona g\u0142\u00f3wna\",\"item\":\"https:\/\/violaserafin.com\/\"},{\"@type\":\"ListItem\",\"position\":2,\"name\":\"Projekt domu\/mieszkania\"}]},{\"@type\":\"WebSite\",\"@id\":\"https:\/\/violaserafin.com\/#website\",\"url\":\"https:\/\/violaserafin.com\/\",\"name\":\"Viola\",\"description\":\"Odkryj Klimat Hiszpanii!\",\"potentialAction\":[{\"@type\":\"SearchAction\",\"target\":{\"@type\":\"EntryPoint\",\"urlTemplate\":\"https:\/\/violaserafin.com\/?s={search_term_string}\"},\"query-input\":{\"@type\":\"PropertyValueSpecification\",\"valueRequired\":true,\"valueName\":\"search_term_string\"}}],\"inLanguage\":\"en-GB\"}]}<\/script>\n<!-- \/ Yoast SEO plugin. -->","yoast_head_json":{"title":"Projekt domu\/mieszkania - Viola","robots":{"index":"index","follow":"follow","max-snippet":"max-snippet:-1","max-image-preview":"max-image-preview:large","max-video-preview":"max-video-preview:-1"},"canonical":"https:\/\/violaserafin.com\/en\/projekt-domu-mieszkania\/","og_locale":"en_GB","og_type":"article","og_title":"Projekt domu\/mieszkania - Viola","og_description":"Projekt domu \/ apartamentu Szukasz lokalnej architektki wn\u0119trz w Hiszpanii, kt\u00f3ra zaprojektuje funkcjonalne, pi\u0119kne wn\u0119trze i zadba o ka\u017cdy etap inwestycji? Oferuj\u0119 kompleksowe projekty wn\u0119trz w Hiszpanii (Costa Blanca, Valencia, Alicante) oraz w Polsce \u2013 od pierwszego kontaktu po pe\u0142n\u0105 realizacj\u0119 \u201epod klucz\u201d. W sk\u0142ad projektu wchodz\u0105: Koncepcja wizualna: uk\u0142ad, moodboardy, kolory, wizualizacje 3D Dokumentacja [&hellip;]","og_url":"https:\/\/violaserafin.com\/en\/projekt-domu-mieszkania\/","og_site_name":"Viola","article_modified_time":"2025-06-04T11:50:13+00:00","og_image":[{"url":"https:\/\/violaserafin.com\/wp-content\/uploads\/2025\/05\/DSC6383-scaled-e1747857285715-1-e1749017779488-1024x1013.jpg","type":"","width":"","height":""}],"twitter_card":"summary_large_image","twitter_misc":{"Estimated reading time":"1 minute"},"schema":{"@context":"https:\/\/schema.org","@graph":[{"@type":"WebPage","@id":"https:\/\/violaserafin.com\/en\/projekt-domu-mieszkania\/","url":"https:\/\/violaserafin.com\/en\/projekt-domu-mieszkania\/","name":"Projekt domu\/mieszkania - Viola","isPartOf":{"@id":"https:\/\/violaserafin.com\/#website"},"primaryImageOfPage":{"@id":"https:\/\/violaserafin.com\/en\/projekt-domu-mieszkania\/#primaryimage"},"image":{"@id":"https:\/\/violaserafin.com\/en\/projekt-domu-mieszkania\/#primaryimage"},"thumbnailUrl":"https:\/\/violaserafin.com\/wp-content\/uploads\/2025\/05\/DSC6383-scaled-e1747857285715-1-e1749017779488-1024x1013.jpg","datePublished":"2025-05-26T19:51:18+00:00","dateModified":"2025-06-04T11:50:13+00:00","breadcrumb":{"@id":"https:\/\/violaserafin.com\/en\/projekt-domu-mieszkania\/#breadcrumb"},"inLanguage":"en-GB","potentialAction":[{"@type":"ReadAction","target":["https:\/\/violaserafin.com\/en\/projekt-domu-mieszkania\/"]}]},{"@type":"ImageObject","inLanguage":"en-GB","@id":"https:\/\/violaserafin.com\/en\/projekt-domu-mieszkania\/#primaryimage","url":"https:\/\/violaserafin.com\/wp-content\/uploads\/2025\/05\/DSC6383-scaled-e1747857285715-1-e1749017779488-1024x1013.jpg","contentUrl":"https:\/\/violaserafin.com\/wp-content\/uploads\/2025\/05\/DSC6383-scaled-e1747857285715-1-e1749017779488-1024x1013.jpg"},{"@type":"BreadcrumbList","@id":"https:\/\/violaserafin.com\/en\/projekt-domu-mieszkania\/#breadcrumb","itemListElement":[{"@type":"ListItem","position":1,"name":"Strona g\u0142\u00f3wna","item":"https:\/\/violaserafin.com\/"},{"@type":"ListItem","position":2,"name":"Projekt domu\/mieszkania"}]},{"@type":"WebSite","@id":"https:\/\/violaserafin.com\/#website","url":"https:\/\/violaserafin.com\/","name":"Viola","description":"Odkryj Klimat Hiszpanii!","potentialAction":[{"@type":"SearchAction","target":{"@type":"EntryPoint","urlTemplate":"https:\/\/violaserafin.com\/?s={search_term_string}"},"query-input":{"@type":"PropertyValueSpecification","valueRequired":true,"valueName":"search_term_string"}}],"inLanguage":"en-GB"}]}},"_links":{"self":[{"href":"https:\/\/violaserafin.com\/en\/wp-json\/wp\/v2\/pages\/2272","targetHints":{"allow":["GET"]}}],"collection":[{"href":"https:\/\/violaserafin.com\/en\/wp-json\/wp\/v2\/pages"}],"about":[{"href":"https:\/\/violaserafin.com\/en\/wp-json\/wp\/v2\/types\/page"}],"author":[{"embeddable":true,"href":"https:\/\/violaserafin.com\/en\/wp-json\/wp\/v2\/users\/1"}],"replies":[{"embeddable":true,"href":"https:\/\/violaserafin.com\/en\/wp-json\/wp\/v2\/comments?post=2272"}],"version-history":[{"count":154,"href":"https:\/\/violaserafin.com\/en\/wp-json\/wp\/v2\/pages\/2272\/revisions"}],"predecessor-version":[{"id":3347,"href":"https:\/\/violaserafin.com\/en\/wp-json\/wp\/v2\/pages\/2272\/revisions\/3347"}],"wp:attachment":[{"href":"https:\/\/violaserafin.com\/en\/wp-json\/wp\/v2\/media?parent=2272"}],"curies":[{"name":"wp","href":"https:\/\/api.w.org\/{rel}","templated":true}]}}