{"id":1777,"date":"2025-05-23T13:19:26","date_gmt":"2025-05-23T13:19:26","guid":{"rendered":"https:\/\/violaserafin.com\/?page_id=1777"},"modified":"2025-06-04T13:38:20","modified_gmt":"2025-06-04T13:38:20","slug":"levante","status":"publish","type":"page","link":"https:\/\/violaserafin.com\/en\/levante\/","title":{"rendered":"Levante"},"content":{"rendered":"<div data-elementor-type=\"wp-page\" data-elementor-id=\"1777\" class=\"elementor elementor-1777\" data-elementor-post-type=\"page\">\n\t\t\t\t<div class=\"elementor-element elementor-element-18d3dfa e-flex e-con-boxed e-con e-parent\" data-id=\"18d3dfa\" data-element_type=\"container\" data-settings=\"{&quot;background_background&quot;:&quot;classic&quot;}\">\n\t\t\t\t\t<div class=\"e-con-inner\">\n\t\t\t\t\t<\/div>\n\t\t\t\t<\/div>\n\t\t<div class=\"elementor-element elementor-element-5844c63 e-flex e-con-boxed e-con e-parent\" data-id=\"5844c63\" data-element_type=\"container\">\n\t\t\t\t\t<div class=\"e-con-inner\">\n\t\t<div class=\"elementor-element elementor-element-510f721 e-con-full e-flex e-con e-child\" data-id=\"510f721\" data-element_type=\"container\" data-settings=\"{&quot;background_background&quot;:&quot;classic&quot;}\">\n\t\t\t\t<\/div>\n\t\t<div class=\"elementor-element elementor-element-9558c96 e-con-full e-flex e-con e-child\" data-id=\"9558c96\" data-element_type=\"container\" data-settings=\"{&quot;background_background&quot;:&quot;classic&quot;}\">\n\t\t\t\t<div class=\"elementor-element elementor-element-5a7dadd elementor-widget__width-inherit elementor-widget elementor-widget-heading\" data-id=\"5a7dadd\" data-element_type=\"widget\" data-widget_type=\"heading.default\">\n\t\t\t\t<div class=\"elementor-widget-container\">\n\t\t\t\t\t<h2 class=\"elementor-heading-title elementor-size-default\">Levante<\/h2>\t\t\t\t<\/div>\n\t\t\t\t<\/div>\n\t\t\t\t<div class=\"elementor-element elementor-element-2dc9fa8 elementor-widget elementor-widget-text-editor\" data-id=\"2dc9fa8\" data-element_type=\"widget\" data-widget_type=\"text-editor.default\">\n\t\t\t\t<div class=\"elementor-widget-container\">\n\t\t\t\t\t\t\t\t\t<p>This is a kitchen designed for living and celebrating everyday moments.<\/p><p>Pause for a moment, breathe in the aroma of coffee, savor the now.\nRemember \u2014 life is made of moments, just like a design is made of details.<\/p><p>A kitchen designed with refined materials: a Levante Rosso marble countertop, hand-brushed brass cabinet fronts, and a walnut-veneered display unit. The space is completed by a light glass table and dark smoked oak cabinetry, creating an elegant and timeless atmosphere.<\/p>\t\t\t\t\t\t\t\t<\/div>\n\t\t\t\t<\/div>\n\t\t\t\t<\/div>\n\t\t\t\t\t<\/div>\n\t\t\t\t<\/div>\n\t\t<div class=\"elementor-element elementor-element-ee549db e-flex e-con-boxed e-con e-parent\" data-id=\"ee549db\" data-element_type=\"container\">\n\t\t\t\t\t<div class=\"e-con-inner\">\n\t\t<div class=\"elementor-element elementor-element-454d4fe e-con-full e-flex e-con e-child\" data-id=\"454d4fe\" data-element_type=\"container\" data-settings=\"{&quot;background_background&quot;:&quot;classic&quot;}\">\n\t\t\t\t<\/div>\n\t\t<div class=\"elementor-element elementor-element-9145b20 e-con-full e-flex e-con e-child\" data-id=\"9145b20\" data-element_type=\"container\" data-settings=\"{&quot;background_background&quot;:&quot;classic&quot;}\">\n\t\t\t\t<\/div>\n\t\t<div class=\"elementor-element elementor-element-4be4ec4 e-con-full e-flex e-con e-child\" data-id=\"4be4ec4\" data-element_type=\"container\" data-settings=\"{&quot;background_background&quot;:&quot;classic&quot;}\">\n\t\t\t\t<\/div>\n\t\t\t\t\t<\/div>\n\t\t\t\t<\/div>\n\t\t\t\t<\/div>","protected":false},"excerpt":{"rendered":"<p>Levante To kuchnia stworzona do \u017cycia i celebrowania codzienno\u015bci. Zatrzymaj si\u0119 poczuj zapach kawy, delektuj si\u0119 chwil\u0105. Pami\u0119taj \u017cycie sk\u0142ada sie z chwil jak projekt z detali. Kuchnia zaprojektowana z u\u017cyciem szlachetnych materia\u0142\u00f3w: blat z marmuru Levante Rosso, fronty z \u00a0r\u0119cznie szczotkowanego mosi\u0105dzu oraz fornirowana, orzechowa witryna. Ca\u0142o\u015b\u0107 dope\u0142nia lekki szklany st\u00f3\u0142 i ciemna zabudowa [&hellip;]<\/p>","protected":false},"author":1,"featured_media":0,"parent":0,"menu_order":0,"comment_status":"closed","ping_status":"closed","template":"","meta":{"footnotes":""},"class_list":["post-1777","page","type-page","status-publish","hentry"],"yoast_head":"<!-- This site is optimized with the Yoast SEO plugin v25.2 - https:\/\/yoast.com\/wordpress\/plugins\/seo\/ -->\n<title>Levante - Viola<\/title>\n<meta name=\"robots\" content=\"index, follow, max-snippet:-1, max-image-preview:large, max-video-preview:-1\" \/>\n<link rel=\"canonical\" href=\"https:\/\/violaserafin.com\/en\/levante\/\" \/>\n<meta property=\"og:locale\" content=\"en_GB\" \/>\n<meta property=\"og:type\" content=\"article\" \/>\n<meta property=\"og:title\" content=\"Levante - Viola\" \/>\n<meta property=\"og:description\" content=\"Levante To kuchnia stworzona do \u017cycia i celebrowania codzienno\u015bci. Zatrzymaj si\u0119 poczuj zapach kawy, delektuj si\u0119 chwil\u0105. Pami\u0119taj \u017cycie sk\u0142ada sie z chwil jak projekt z detali. Kuchnia zaprojektowana z u\u017cyciem szlachetnych materia\u0142\u00f3w: blat z marmuru Levante Rosso, fronty z \u00a0r\u0119cznie szczotkowanego mosi\u0105dzu oraz fornirowana, orzechowa witryna. Ca\u0142o\u015b\u0107 dope\u0142nia lekki szklany st\u00f3\u0142 i ciemna zabudowa [&hellip;]\" \/>\n<meta property=\"og:url\" content=\"https:\/\/violaserafin.com\/en\/levante\/\" \/>\n<meta property=\"og:site_name\" content=\"Viola\" \/>\n<meta property=\"article:modified_time\" content=\"2025-06-04T13:38:20+00:00\" \/>\n<meta name=\"twitter:card\" content=\"summary_large_image\" \/>\n<meta name=\"twitter:label1\" content=\"Estimated reading time\" \/>\n\t<meta name=\"twitter:data1\" content=\"1 minute\" \/>\n<script type=\"application\/ld+json\" class=\"yoast-schema-graph\">{\"@context\":\"https:\/\/schema.org\",\"@graph\":[{\"@type\":\"WebPage\",\"@id\":\"https:\/\/violaserafin.com\/levante\/\",\"url\":\"https:\/\/violaserafin.com\/levante\/\",\"name\":\"Levante - Viola\",\"isPartOf\":{\"@id\":\"https:\/\/violaserafin.com\/#website\"},\"datePublished\":\"2025-05-23T13:19:26+00:00\",\"dateModified\":\"2025-06-04T13:38:20+00:00\",\"breadcrumb\":{\"@id\":\"https:\/\/violaserafin.com\/levante\/#breadcrumb\"},\"inLanguage\":\"en-GB\",\"potentialAction\":[{\"@type\":\"ReadAction\",\"target\":[\"https:\/\/violaserafin.com\/levante\/\"]}]},{\"@type\":\"BreadcrumbList\",\"@id\":\"https:\/\/violaserafin.com\/levante\/#breadcrumb\",\"itemListElement\":[{\"@type\":\"ListItem\",\"position\":1,\"name\":\"Strona g\u0142\u00f3wna\",\"item\":\"https:\/\/violaserafin.com\/\"},{\"@type\":\"ListItem\",\"position\":2,\"name\":\"Levante\"}]},{\"@type\":\"WebSite\",\"@id\":\"https:\/\/violaserafin.com\/#website\",\"url\":\"https:\/\/violaserafin.com\/\",\"name\":\"Viola\",\"description\":\"Odkryj Klimat Hiszpanii!\",\"potentialAction\":[{\"@type\":\"SearchAction\",\"target\":{\"@type\":\"EntryPoint\",\"urlTemplate\":\"https:\/\/violaserafin.com\/?s={search_term_string}\"},\"query-input\":{\"@type\":\"PropertyValueSpecification\",\"valueRequired\":true,\"valueName\":\"search_term_string\"}}],\"inLanguage\":\"en-GB\"}]}<\/script>\n<!-- \/ Yoast SEO plugin. -->","yoast_head_json":{"title":"Levante - Viola","robots":{"index":"index","follow":"follow","max-snippet":"max-snippet:-1","max-image-preview":"max-image-preview:large","max-video-preview":"max-video-preview:-1"},"canonical":"https:\/\/violaserafin.com\/en\/levante\/","og_locale":"en_GB","og_type":"article","og_title":"Levante - Viola","og_description":"Levante To kuchnia stworzona do \u017cycia i celebrowania codzienno\u015bci. Zatrzymaj si\u0119 poczuj zapach kawy, delektuj si\u0119 chwil\u0105. Pami\u0119taj \u017cycie sk\u0142ada sie z chwil jak projekt z detali. Kuchnia zaprojektowana z u\u017cyciem szlachetnych materia\u0142\u00f3w: blat z marmuru Levante Rosso, fronty z \u00a0r\u0119cznie szczotkowanego mosi\u0105dzu oraz fornirowana, orzechowa witryna. Ca\u0142o\u015b\u0107 dope\u0142nia lekki szklany st\u00f3\u0142 i ciemna zabudowa [&hellip;]","og_url":"https:\/\/violaserafin.com\/en\/levante\/","og_site_name":"Viola","article_modified_time":"2025-06-04T13:38:20+00:00","twitter_card":"summary_large_image","twitter_misc":{"Estimated reading time":"1 minute"},"schema":{"@context":"https:\/\/schema.org","@graph":[{"@type":"WebPage","@id":"https:\/\/violaserafin.com\/levante\/","url":"https:\/\/violaserafin.com\/levante\/","name":"Levante - Viola","isPartOf":{"@id":"https:\/\/violaserafin.com\/#website"},"datePublished":"2025-05-23T13:19:26+00:00","dateModified":"2025-06-04T13:38:20+00:00","breadcrumb":{"@id":"https:\/\/violaserafin.com\/levante\/#breadcrumb"},"inLanguage":"en-GB","potentialAction":[{"@type":"ReadAction","target":["https:\/\/violaserafin.com\/levante\/"]}]},{"@type":"BreadcrumbList","@id":"https:\/\/violaserafin.com\/levante\/#breadcrumb","itemListElement":[{"@type":"ListItem","position":1,"name":"Strona g\u0142\u00f3wna","item":"https:\/\/violaserafin.com\/"},{"@type":"ListItem","position":2,"name":"Levante"}]},{"@type":"WebSite","@id":"https:\/\/violaserafin.com\/#website","url":"https:\/\/violaserafin.com\/","name":"Viola","description":"Odkryj Klimat Hiszpanii!","potentialAction":[{"@type":"SearchAction","target":{"@type":"EntryPoint","urlTemplate":"https:\/\/violaserafin.com\/?s={search_term_string}"},"query-input":{"@type":"PropertyValueSpecification","valueRequired":true,"valueName":"search_term_string"}}],"inLanguage":"en-GB"}]}},"_links":{"self":[{"href":"https:\/\/violaserafin.com\/en\/wp-json\/wp\/v2\/pages\/1777","targetHints":{"allow":["GET"]}}],"collection":[{"href":"https:\/\/violaserafin.com\/en\/wp-json\/wp\/v2\/pages"}],"about":[{"href":"https:\/\/violaserafin.com\/en\/wp-json\/wp\/v2\/types\/page"}],"author":[{"embeddable":true,"href":"https:\/\/violaserafin.com\/en\/wp-json\/wp\/v2\/users\/1"}],"replies":[{"embeddable":true,"href":"https:\/\/violaserafin.com\/en\/wp-json\/wp\/v2\/comments?post=1777"}],"version-history":[{"count":62,"href":"https:\/\/violaserafin.com\/en\/wp-json\/wp\/v2\/pages\/1777\/revisions"}],"predecessor-version":[{"id":3383,"href":"https:\/\/violaserafin.com\/en\/wp-json\/wp\/v2\/pages\/1777\/revisions\/3383"}],"wp:attachment":[{"href":"https:\/\/violaserafin.com\/en\/wp-json\/wp\/v2\/media?parent=1777"}],"curies":[{"name":"wp","href":"https:\/\/api.w.org\/{rel}","templated":true}]}}