{"id":1775,"date":"2025-05-23T13:11:31","date_gmt":"2025-05-23T13:11:31","guid":{"rendered":"https:\/\/violaserafin.com\/?page_id=1775"},"modified":"2025-06-09T20:05:31","modified_gmt":"2025-06-09T20:05:31","slug":"sunset-cliffs","status":"publish","type":"page","link":"https:\/\/violaserafin.com\/en\/sunset-cliffs\/","title":{"rendered":"Sunset Cliffs"},"content":{"rendered":"<div data-elementor-type=\"wp-page\" data-elementor-id=\"1775\" class=\"elementor elementor-1775\" data-elementor-post-type=\"page\">\n\t\t\t\t<div class=\"elementor-element elementor-element-18d3dfa e-flex e-con-boxed e-con e-parent\" data-id=\"18d3dfa\" data-element_type=\"container\" data-settings=\"{&quot;background_background&quot;:&quot;classic&quot;}\">\n\t\t\t\t\t<div class=\"e-con-inner\">\n\t\t\t\t\t<\/div>\n\t\t\t\t<\/div>\n\t\t<div class=\"elementor-element elementor-element-bc9390d e-flex e-con-boxed e-con e-parent\" data-id=\"bc9390d\" data-element_type=\"container\">\n\t\t\t\t\t<div class=\"e-con-inner\">\n\t\t\t\t<div class=\"elementor-element elementor-element-fb97d71 elementor-widget elementor-widget-heading\" data-id=\"fb97d71\" data-element_type=\"widget\" data-widget_type=\"heading.default\">\n\t\t\t\t<div class=\"elementor-widget-container\">\n\t\t\t\t\t<h2 class=\"elementor-heading-title elementor-size-default\">Discover the elegance of the 30th floor in Benidorm<\/h2>\t\t\t\t<\/div>\n\t\t\t\t<\/div>\n\t\t\t\t<div class=\"elementor-element elementor-element-261308c elementor-widget elementor-widget-heading\" data-id=\"261308c\" data-element_type=\"widget\" data-widget_type=\"heading.default\">\n\t\t\t\t<div class=\"elementor-widget-container\">\n\t\t\t\t\t<h2 class=\"elementor-heading-title elementor-size-default\">A sky to call your own \u2013 interior design with a sea view  <\/h2>\t\t\t\t<\/div>\n\t\t\t\t<\/div>\n\t\t\t\t\t<\/div>\n\t\t\t\t<\/div>\n\t\t<div class=\"elementor-element elementor-element-8fdc01d e-flex e-con-boxed e-con e-parent\" data-id=\"8fdc01d\" data-element_type=\"container\" data-settings=\"{&quot;background_background&quot;:&quot;classic&quot;}\">\n\t\t\t\t\t<div class=\"e-con-inner\">\n\t\t\t\t\t<\/div>\n\t\t\t\t<\/div>\n\t\t<div class=\"elementor-element elementor-element-a2e20f1 e-con-full e-flex e-con e-parent\" data-id=\"a2e20f1\" data-element_type=\"container\">\n\t\t<div class=\"elementor-element elementor-element-0f6e630 e-con-full e-flex e-con e-child\" data-id=\"0f6e630\" data-element_type=\"container\">\n\t\t\t\t<div class=\"elementor-element elementor-element-be7d811 elementor-widget elementor-widget-text-editor\" data-id=\"be7d811\" data-element_type=\"widget\" data-widget_type=\"text-editor.default\">\n\t\t\t\t<div class=\"elementor-widget-container\">\n\t\t\t\t\t\t\t\t\t<p><strong>Sunset Cliffs. 30th floor. Comfort tailored just for you.<\/strong><\/p><p>On the 30th floor of the Sunset Cliffs skyscraper in Benidorm, with a private rooftop terrace and panoramic views of the Mediterranean Sea, an interior was created to meet the needs of its discerning Swiss owners.<\/p><p>In this project, we were responsible for selecting the furniture, fabrics, wallpapers, and lighting \u2014 all in the spirit of elegance, functionality, and the lightness inspired by Benidorm\u2019s seaside atmosphere. Thoughtful details, such as textured wallpapers and soft-touch fabrics, make the interior not only visually appealing but also comfortable for everyday living.<\/p>\t\t\t\t\t\t\t\t<\/div>\n\t\t\t\t<\/div>\n\t\t\t\t<\/div>\n\t\t<div class=\"elementor-element elementor-element-ffbb0d0 e-con-full e-flex e-con e-child\" data-id=\"ffbb0d0\" data-element_type=\"container\" data-settings=\"{&quot;background_background&quot;:&quot;classic&quot;}\">\n\t\t\t\t<\/div>\n\t\t\t\t<\/div>\n\t\t<div class=\"elementor-element elementor-element-2c297c5 e-flex e-con-boxed e-con e-parent\" data-id=\"2c297c5\" data-element_type=\"container\">\n\t\t\t\t\t<div class=\"e-con-inner\">\n\t\t<div class=\"elementor-element elementor-element-e232d9a e-con-full e-flex e-con e-child\" data-id=\"e232d9a\" data-element_type=\"container\" data-settings=\"{&quot;background_background&quot;:&quot;classic&quot;}\">\n\t\t\t\t<\/div>\n\t\t<div class=\"elementor-element elementor-element-480b8a9 e-con-full e-flex e-con e-child\" data-id=\"480b8a9\" data-element_type=\"container\" data-settings=\"{&quot;background_background&quot;:&quot;classic&quot;}\">\n\t\t\t\t<\/div>\n\t\t\t\t\t<\/div>\n\t\t\t\t<\/div>\n\t\t<div class=\"elementor-element elementor-element-ca0bdfe e-con-full e-flex e-con e-parent\" data-id=\"ca0bdfe\" data-element_type=\"container\">\n\t\t<div class=\"elementor-element elementor-element-e923a23 e-con-full e-flex e-con e-child\" data-id=\"e923a23\" data-element_type=\"container\" data-settings=\"{&quot;background_background&quot;:&quot;classic&quot;}\">\n\t\t\t\t<\/div>\n\t\t<div class=\"elementor-element elementor-element-7411d8d e-con-full e-flex e-con e-child\" data-id=\"7411d8d\" data-element_type=\"container\">\n\t\t\t\t<div class=\"elementor-element elementor-element-dfe6fea elementor-widget elementor-widget-text-editor\" data-id=\"dfe6fea\" data-element_type=\"widget\" data-widget_type=\"text-editor.default\">\n\t\t\t\t<div class=\"elementor-widget-container\">\n\t\t\t\t\t\t\t\t\t<p>We also made changes to the electrical installation, adapting the apartment\u2019s layout to the daily rhythm of its owners. Everyone has their own habits \u2014 and it was precisely those routines that inspired us to create a space that works exactly as it should.<\/p><p>This is a project where not only the beautiful view matters, but also everyday comfort.<strong><br \/><\/strong><\/p>\t\t\t\t\t\t\t\t<\/div>\n\t\t\t\t<\/div>\n\t\t\t\t<\/div>\n\t\t\t\t<\/div>\n\t\t\t\t<\/div>","protected":false},"excerpt":{"rendered":"<p>Odkryj elegancj\u0119 30. pi\u0119tra w Benidormie Niebo na w\u0142asno\u015b\u0107 \u2013 projekt wn\u0119trza z widokiem na morze Sunset Cliffs. 30. pi\u0119tro. Komfort szyty na miar\u0119. Na 30. pi\u0119trze wie\u017cowca Sunset Cliffs w Benidormie, z prywatnym tarasem na dachu i panoramicznym widokiem na Morze \u015ar\u00f3dziemne, powsta\u0142o wn\u0119trze dopasowane do potrzeb wymagaj\u0105cych w\u0142a\u015bcicieli ze Szwajcarii. W tym projekcie [&hellip;]<\/p>","protected":false},"author":1,"featured_media":0,"parent":0,"menu_order":0,"comment_status":"closed","ping_status":"closed","template":"","meta":{"footnotes":""},"class_list":["post-1775","page","type-page","status-publish","hentry"],"yoast_head":"<!-- This site is optimized with the Yoast SEO plugin v25.2 - https:\/\/yoast.com\/wordpress\/plugins\/seo\/ -->\n<title>Sunset Cliffs - Viola<\/title>\n<meta name=\"robots\" content=\"index, follow, max-snippet:-1, max-image-preview:large, max-video-preview:-1\" \/>\n<link rel=\"canonical\" href=\"https:\/\/violaserafin.com\/en\/sunset-cliffs\/\" \/>\n<meta property=\"og:locale\" content=\"en_GB\" \/>\n<meta property=\"og:type\" content=\"article\" \/>\n<meta property=\"og:title\" content=\"Sunset Cliffs - Viola\" \/>\n<meta property=\"og:description\" content=\"Odkryj elegancj\u0119 30. pi\u0119tra w Benidormie Niebo na w\u0142asno\u015b\u0107 \u2013 projekt wn\u0119trza z widokiem na morze Sunset Cliffs. 30. pi\u0119tro. Komfort szyty na miar\u0119. Na 30. pi\u0119trze wie\u017cowca Sunset Cliffs w Benidormie, z prywatnym tarasem na dachu i panoramicznym widokiem na Morze \u015ar\u00f3dziemne, powsta\u0142o wn\u0119trze dopasowane do potrzeb wymagaj\u0105cych w\u0142a\u015bcicieli ze Szwajcarii. W tym projekcie [&hellip;]\" \/>\n<meta property=\"og:url\" content=\"https:\/\/violaserafin.com\/en\/sunset-cliffs\/\" \/>\n<meta property=\"og:site_name\" content=\"Viola\" \/>\n<meta property=\"article:modified_time\" content=\"2025-06-09T20:05:31+00:00\" \/>\n<meta name=\"twitter:card\" content=\"summary_large_image\" \/>\n<meta name=\"twitter:label1\" content=\"Estimated reading time\" \/>\n\t<meta name=\"twitter:data1\" content=\"1 minute\" \/>\n<script type=\"application\/ld+json\" class=\"yoast-schema-graph\">{\"@context\":\"https:\/\/schema.org\",\"@graph\":[{\"@type\":\"WebPage\",\"@id\":\"https:\/\/violaserafin.com\/sunset-cliffs\/\",\"url\":\"https:\/\/violaserafin.com\/sunset-cliffs\/\",\"name\":\"Sunset Cliffs - Viola\",\"isPartOf\":{\"@id\":\"https:\/\/violaserafin.com\/#website\"},\"datePublished\":\"2025-05-23T13:11:31+00:00\",\"dateModified\":\"2025-06-09T20:05:31+00:00\",\"breadcrumb\":{\"@id\":\"https:\/\/violaserafin.com\/sunset-cliffs\/#breadcrumb\"},\"inLanguage\":\"en-GB\",\"potentialAction\":[{\"@type\":\"ReadAction\",\"target\":[\"https:\/\/violaserafin.com\/sunset-cliffs\/\"]}]},{\"@type\":\"BreadcrumbList\",\"@id\":\"https:\/\/violaserafin.com\/sunset-cliffs\/#breadcrumb\",\"itemListElement\":[{\"@type\":\"ListItem\",\"position\":1,\"name\":\"Strona g\u0142\u00f3wna\",\"item\":\"https:\/\/violaserafin.com\/\"},{\"@type\":\"ListItem\",\"position\":2,\"name\":\"Sunset Cliffs\"}]},{\"@type\":\"WebSite\",\"@id\":\"https:\/\/violaserafin.com\/#website\",\"url\":\"https:\/\/violaserafin.com\/\",\"name\":\"Viola\",\"description\":\"Odkryj Klimat Hiszpanii!\",\"potentialAction\":[{\"@type\":\"SearchAction\",\"target\":{\"@type\":\"EntryPoint\",\"urlTemplate\":\"https:\/\/violaserafin.com\/?s={search_term_string}\"},\"query-input\":{\"@type\":\"PropertyValueSpecification\",\"valueRequired\":true,\"valueName\":\"search_term_string\"}}],\"inLanguage\":\"en-GB\"}]}<\/script>\n<!-- \/ Yoast SEO plugin. -->","yoast_head_json":{"title":"Sunset Cliffs - Viola","robots":{"index":"index","follow":"follow","max-snippet":"max-snippet:-1","max-image-preview":"max-image-preview:large","max-video-preview":"max-video-preview:-1"},"canonical":"https:\/\/violaserafin.com\/en\/sunset-cliffs\/","og_locale":"en_GB","og_type":"article","og_title":"Sunset Cliffs - Viola","og_description":"Odkryj elegancj\u0119 30. pi\u0119tra w Benidormie Niebo na w\u0142asno\u015b\u0107 \u2013 projekt wn\u0119trza z widokiem na morze Sunset Cliffs. 30. pi\u0119tro. Komfort szyty na miar\u0119. Na 30. pi\u0119trze wie\u017cowca Sunset Cliffs w Benidormie, z prywatnym tarasem na dachu i panoramicznym widokiem na Morze \u015ar\u00f3dziemne, powsta\u0142o wn\u0119trze dopasowane do potrzeb wymagaj\u0105cych w\u0142a\u015bcicieli ze Szwajcarii. W tym projekcie [&hellip;]","og_url":"https:\/\/violaserafin.com\/en\/sunset-cliffs\/","og_site_name":"Viola","article_modified_time":"2025-06-09T20:05:31+00:00","twitter_card":"summary_large_image","twitter_misc":{"Estimated reading time":"1 minute"},"schema":{"@context":"https:\/\/schema.org","@graph":[{"@type":"WebPage","@id":"https:\/\/violaserafin.com\/sunset-cliffs\/","url":"https:\/\/violaserafin.com\/sunset-cliffs\/","name":"Sunset Cliffs - Viola","isPartOf":{"@id":"https:\/\/violaserafin.com\/#website"},"datePublished":"2025-05-23T13:11:31+00:00","dateModified":"2025-06-09T20:05:31+00:00","breadcrumb":{"@id":"https:\/\/violaserafin.com\/sunset-cliffs\/#breadcrumb"},"inLanguage":"en-GB","potentialAction":[{"@type":"ReadAction","target":["https:\/\/violaserafin.com\/sunset-cliffs\/"]}]},{"@type":"BreadcrumbList","@id":"https:\/\/violaserafin.com\/sunset-cliffs\/#breadcrumb","itemListElement":[{"@type":"ListItem","position":1,"name":"Strona g\u0142\u00f3wna","item":"https:\/\/violaserafin.com\/"},{"@type":"ListItem","position":2,"name":"Sunset Cliffs"}]},{"@type":"WebSite","@id":"https:\/\/violaserafin.com\/#website","url":"https:\/\/violaserafin.com\/","name":"Viola","description":"Odkryj Klimat Hiszpanii!","potentialAction":[{"@type":"SearchAction","target":{"@type":"EntryPoint","urlTemplate":"https:\/\/violaserafin.com\/?s={search_term_string}"},"query-input":{"@type":"PropertyValueSpecification","valueRequired":true,"valueName":"search_term_string"}}],"inLanguage":"en-GB"}]}},"_links":{"self":[{"href":"https:\/\/violaserafin.com\/en\/wp-json\/wp\/v2\/pages\/1775","targetHints":{"allow":["GET"]}}],"collection":[{"href":"https:\/\/violaserafin.com\/en\/wp-json\/wp\/v2\/pages"}],"about":[{"href":"https:\/\/violaserafin.com\/en\/wp-json\/wp\/v2\/types\/page"}],"author":[{"embeddable":true,"href":"https:\/\/violaserafin.com\/en\/wp-json\/wp\/v2\/users\/1"}],"replies":[{"embeddable":true,"href":"https:\/\/violaserafin.com\/en\/wp-json\/wp\/v2\/comments?post=1775"}],"version-history":[{"count":64,"href":"https:\/\/violaserafin.com\/en\/wp-json\/wp\/v2\/pages\/1775\/revisions"}],"predecessor-version":[{"id":3415,"href":"https:\/\/violaserafin.com\/en\/wp-json\/wp\/v2\/pages\/1775\/revisions\/3415"}],"wp:attachment":[{"href":"https:\/\/violaserafin.com\/en\/wp-json\/wp\/v2\/media?parent=1775"}],"curies":[{"name":"wp","href":"https:\/\/api.w.org\/{rel}","templated":true}]}}