{"id":1744,"date":"2025-05-23T11:50:46","date_gmt":"2025-05-23T11:50:46","guid":{"rendered":"https:\/\/violaserafin.com\/?page_id=1744"},"modified":"2025-06-04T13:34:10","modified_gmt":"2025-06-04T13:34:10","slug":"benidorm","status":"publish","type":"page","link":"https:\/\/violaserafin.com\/en\/benidorm\/","title":{"rendered":"Benidorm"},"content":{"rendered":"<div data-elementor-type=\"wp-page\" data-elementor-id=\"1744\" class=\"elementor elementor-1744\" data-elementor-post-type=\"page\">\n\t\t\t\t<div class=\"elementor-element elementor-element-a2e20f1 e-con-full e-flex e-con e-parent\" data-id=\"a2e20f1\" data-element_type=\"container\">\n\t\t<div class=\"elementor-element elementor-element-0f6e630 e-con-full e-flex e-con e-child\" data-id=\"0f6e630\" data-element_type=\"container\">\n\t\t\t\t<div class=\"elementor-element elementor-element-279fb1c elementor-widget__width-inherit elementor-widget elementor-widget-heading\" data-id=\"279fb1c\" data-element_type=\"widget\" data-widget_type=\"heading.default\">\n\t\t\t\t<div class=\"elementor-widget-container\">\n\t\t\t\t\t<h2 class=\"elementor-heading-title elementor-size-default\">A house with a sea view <\/br>A makeover in Benidorm<\/h2>\t\t\t\t<\/div>\n\t\t\t\t<\/div>\n\t\t\t\t<div class=\"elementor-element elementor-element-0b43f00 elementor-widget elementor-widget-text-editor\" data-id=\"0b43f00\" data-element_type=\"widget\" data-widget_type=\"text-editor.default\">\n\t\t\t\t<div class=\"elementor-widget-container\">\n\t\t\t\t\t\t\t\t\t<p>This project is a story about light, functionality, and characterful aesthetics. The seaside home in Benidorm underwent a complete transformation \u2014 from a closed layout and a dark kitchen to a modern space where every detail matters.<\/p>\t\t\t\t\t\t\t\t<\/div>\n\t\t\t\t<\/div>\n\t\t\t\t<div class=\"elementor-element elementor-element-df0e00f elementor-widget elementor-widget-text-editor\" data-id=\"df0e00f\" data-element_type=\"widget\" data-widget_type=\"text-editor.default\">\n\t\t\t\t<div class=\"elementor-widget-container\">\n\t\t\t\t\t\t\t\t\t<p>To make the most of the breathtaking sea view, we extended the terrace by an additional 30 square meters \u2014 transforming it into a true oasis of calm and positive energy. It\u2019s the perfect spot to enjoy the sea breeze and watch the waves roll in. This terrace isn\u2019t just an extension of the home \u2014 it\u2019s a hidden heart of family gatherings and quiet moments of relaxation.\u00a0<\/p>\t\t\t\t\t\t\t\t<\/div>\n\t\t\t\t<\/div>\n\t\t\t\t<\/div>\n\t\t<div class=\"elementor-element elementor-element-ffbb0d0 e-con-full e-flex e-con e-child\" data-id=\"ffbb0d0\" data-element_type=\"container\" data-settings=\"{&quot;background_background&quot;:&quot;classic&quot;}\">\n\t\t\t\t<\/div>\n\t\t\t\t<\/div>\n\t\t<div class=\"elementor-element elementor-element-5844c63 e-flex e-con-boxed e-con e-parent\" data-id=\"5844c63\" data-element_type=\"container\">\n\t\t\t\t\t<div class=\"e-con-inner\">\n\t\t<div class=\"elementor-element elementor-element-510f721 e-con-full e-flex e-con e-child\" data-id=\"510f721\" data-element_type=\"container\" data-settings=\"{&quot;background_background&quot;:&quot;classic&quot;}\">\n\t\t\t\t<\/div>\n\t\t<div class=\"elementor-element elementor-element-9558c96 e-con-full e-flex e-con e-child\" data-id=\"9558c96\" data-element_type=\"container\" data-settings=\"{&quot;background_background&quot;:&quot;classic&quot;}\">\n\t\t\t\t<\/div>\n\t\t\t\t\t<\/div>\n\t\t\t\t<\/div>\n\t\t<div class=\"elementor-element elementor-element-ce76d60 e-flex e-con-boxed e-con e-parent\" data-id=\"ce76d60\" data-element_type=\"container\">\n\t\t\t\t\t<div class=\"e-con-inner\">\n\t\t<div class=\"elementor-element elementor-element-df9519c e-con-full e-flex e-con e-child\" data-id=\"df9519c\" data-element_type=\"container\" data-settings=\"{&quot;background_background&quot;:&quot;classic&quot;}\">\n\t\t\t\t<\/div>\n\t\t<div class=\"elementor-element elementor-element-a5dc945 e-con-full e-flex e-con e-child\" data-id=\"a5dc945\" data-element_type=\"container\" data-settings=\"{&quot;background_background&quot;:&quot;classic&quot;}\">\n\t\t\t\t<\/div>\n\t\t\t\t\t<\/div>\n\t\t\t\t<\/div>\n\t\t<div class=\"elementor-element elementor-element-0df7ad4 e-flex e-con-boxed e-con e-parent\" data-id=\"0df7ad4\" data-element_type=\"container\">\n\t\t\t\t\t<div class=\"e-con-inner\">\n\t\t<div class=\"elementor-element elementor-element-836b2b5 e-con-full e-flex e-con e-child\" data-id=\"836b2b5\" data-element_type=\"container\" data-settings=\"{&quot;background_background&quot;:&quot;classic&quot;}\">\n\t\t\t\t<\/div>\n\t\t<div class=\"elementor-element elementor-element-dc50265 e-con-full e-flex e-con e-child\" data-id=\"dc50265\" data-element_type=\"container\">\n\t\t\t\t<div class=\"elementor-element elementor-element-f16b589 elementor-widget__width-inherit elementor-widget-mobile__width-initial elementor-widget elementor-widget-heading\" data-id=\"f16b589\" data-element_type=\"widget\" data-widget_type=\"heading.default\">\n\t\t\t\t<div class=\"elementor-widget-container\">\n\t\t\t\t\t<h2 class=\"elementor-heading-title elementor-size-default\">Bold contrast, unforgettable effect<\/h2>\t\t\t\t<\/div>\n\t\t\t\t<\/div>\n\t\t\t\t<div class=\"elementor-element elementor-element-7120395 elementor-widget elementor-widget-text-editor\" data-id=\"7120395\" data-element_type=\"widget\" data-widget_type=\"text-editor.default\">\n\t\t\t\t<div class=\"elementor-widget-container\">\n\t\t\t\t\t\t\t\t\t<p>We designed the interior using elegant, contrasting materials \u2014 dark graphite accents paired with light flooring in the color of beach sand. Furniture made of natural walnut and eucalyptus veneers adds a sense of refinement and harmony. It\u2019s a space that doesn\u2019t shout \u2014 but stays with you.<\/p>\t\t\t\t\t\t\t\t<\/div>\n\t\t\t\t<\/div>\n\t\t\t\t<\/div>\n\t\t\t\t\t<\/div>\n\t\t\t\t<\/div>\n\t\t<div class=\"elementor-element elementor-element-2c297c5 e-flex e-con-boxed e-con e-parent\" data-id=\"2c297c5\" data-element_type=\"container\">\n\t\t\t\t\t<div class=\"e-con-inner\">\n\t\t<div class=\"elementor-element elementor-element-e232d9a e-con-full e-flex e-con e-child\" data-id=\"e232d9a\" data-element_type=\"container\" data-settings=\"{&quot;background_background&quot;:&quot;classic&quot;}\">\n\t\t\t\t<\/div>\n\t\t<div class=\"elementor-element elementor-element-480b8a9 e-con-full e-flex e-con e-child\" data-id=\"480b8a9\" data-element_type=\"container\" data-settings=\"{&quot;background_background&quot;:&quot;classic&quot;}\">\n\t\t\t\t<\/div>\n\t\t\t\t\t<\/div>\n\t\t\t\t<\/div>\n\t\t<div class=\"elementor-element elementor-element-ade725f e-flex e-con-boxed e-con e-parent\" data-id=\"ade725f\" data-element_type=\"container\">\n\t\t\t\t\t<div class=\"e-con-inner\">\n\t\t<div class=\"elementor-element elementor-element-65a8386 e-con-full e-flex e-con e-child\" data-id=\"65a8386\" data-element_type=\"container\" data-settings=\"{&quot;background_background&quot;:&quot;classic&quot;}\">\n\t\t\t\t<\/div>\n\t\t<div class=\"elementor-element elementor-element-d7e86e7 e-con-full e-flex e-con e-child\" data-id=\"d7e86e7\" data-element_type=\"container\" data-settings=\"{&quot;background_background&quot;:&quot;classic&quot;}\">\n\t\t\t\t<\/div>\n\t\t<div class=\"elementor-element elementor-element-1227386 e-con-full elementor-hidden-mobile e-flex e-con e-child\" data-id=\"1227386\" data-element_type=\"container\">\n\t\t\t\t<div class=\"elementor-element elementor-element-ec3c92d elementor-widget__width-inherit elementor-widget elementor-widget-heading\" data-id=\"ec3c92d\" data-element_type=\"widget\" data-widget_type=\"heading.default\">\n\t\t\t\t<div class=\"elementor-widget-container\">\n\t\t\t\t\t<h2 class=\"elementor-heading-title elementor-size-default\">A kitchen that disappears<\/h2>\t\t\t\t<\/div>\n\t\t\t\t<\/div>\n\t\t\t\t<div class=\"elementor-element elementor-element-ceb484d elementor-widget elementor-widget-text-editor\" data-id=\"ceb484d\" data-element_type=\"widget\" data-widget_type=\"text-editor.default\">\n\t\t\t\t<div class=\"elementor-widget-container\">\n\t\t\t\t\t\t\t\t\t<p>One of the biggest challenges was the kitchen \u2014 small, closed off, and disconnected from the life of the home. We decided to open it up and connect it with the living area, without giving up privacy. The solution came in the form of large sliding doors that allow the kitchen to disappear in an instant. When closed, it stays hidden; when open, it becomes part of the living space, seamlessly flowing into the dining area on the terrace.<\/p>\t\t\t\t\t\t\t\t<\/div>\n\t\t\t\t<\/div>\n\t\t\t\t<\/div>\n\t\t\t\t\t<\/div>\n\t\t\t\t<\/div>\n\t\t<div class=\"elementor-element elementor-element-8fdc01d e-flex e-con-boxed e-con e-parent\" data-id=\"8fdc01d\" data-element_type=\"container\" data-settings=\"{&quot;background_background&quot;:&quot;classic&quot;}\">\n\t\t\t\t\t<div class=\"e-con-inner\">\n\t\t\t\t\t<\/div>\n\t\t\t\t<\/div>\n\t\t<div class=\"elementor-element elementor-element-fc22bc4 e-flex e-con-boxed e-con e-parent\" data-id=\"fc22bc4\" data-element_type=\"container\">\n\t\t\t\t\t<div class=\"e-con-inner\">\n\t\t<div class=\"elementor-element elementor-element-9bee9ae e-con-full e-flex e-con e-child\" data-id=\"9bee9ae\" data-element_type=\"container\" data-settings=\"{&quot;background_background&quot;:&quot;classic&quot;}\">\n\t\t\t\t<\/div>\n\t\t<div class=\"elementor-element elementor-element-0db5bec e-con-full e-flex e-con e-child\" data-id=\"0db5bec\" data-element_type=\"container\" data-settings=\"{&quot;background_background&quot;:&quot;classic&quot;}\">\n\t\t\t\t<\/div>\n\t\t\t\t\t<\/div>\n\t\t\t\t<\/div>\n\t\t<div class=\"elementor-element elementor-element-c457ad7 e-con-full e-flex e-con e-parent\" data-id=\"c457ad7\" data-element_type=\"container\">\n\t\t<div class=\"elementor-element elementor-element-abe03d9 e-con-full e-flex e-con e-child\" data-id=\"abe03d9\" data-element_type=\"container\">\n\t\t\t\t<div class=\"elementor-element elementor-element-1930d4b elementor-widget__width-inherit elementor-widget-mobile__width-initial elementor-widget elementor-widget-heading\" data-id=\"1930d4b\" data-element_type=\"widget\" data-widget_type=\"heading.default\">\n\t\t\t\t<div class=\"elementor-widget-container\">\n\t\t\t\t\t<h2 class=\"elementor-heading-title elementor-size-default\">Intimacy with a touch of luxury  <\/h2>\t\t\t\t<\/div>\n\t\t\t\t<\/div>\n\t\t\t\t<div class=\"elementor-element elementor-element-6ac0c99 elementor-widget elementor-widget-text-editor\" data-id=\"6ac0c99\" data-element_type=\"widget\" data-widget_type=\"text-editor.default\">\n\t\t\t\t<div class=\"elementor-widget-container\">\n\t\t\t\t\t\t\t\t\t<p>In the bathrooms, we focused on simplicity and elegance. Stone sinks catch the eye and add character to the space \u2014 their solid form contrasts beautifully with the soft lighting, creating a calming atmosphere. To visually enlarge the rooms, we used large mirrors that reflect both light and views, making the space feel more open without losing its sense of intimacy.<\/p>\t\t\t\t\t\t\t\t<\/div>\n\t\t\t\t<\/div>\n\t\t\t\t<\/div>\n\t\t<div class=\"elementor-element elementor-element-5eaad4c e-con-full e-flex e-con e-child\" data-id=\"5eaad4c\" data-element_type=\"container\" data-settings=\"{&quot;background_background&quot;:&quot;classic&quot;}\">\n\t\t\t\t<\/div>\n\t\t\t\t<\/div>\n\t\t<div class=\"elementor-element elementor-element-43181e3 e-flex e-con-boxed e-con e-parent\" data-id=\"43181e3\" data-element_type=\"container\">\n\t\t\t\t\t<div class=\"e-con-inner\">\n\t\t<div class=\"elementor-element elementor-element-1550493 e-con-full e-flex e-con e-child\" data-id=\"1550493\" data-element_type=\"container\" data-settings=\"{&quot;background_background&quot;:&quot;classic&quot;}\">\n\t\t\t\t<\/div>\n\t\t<div class=\"elementor-element elementor-element-1ab55aa e-con-full e-flex e-con e-child\" data-id=\"1ab55aa\" data-element_type=\"container\" data-settings=\"{&quot;background_background&quot;:&quot;classic&quot;}\">\n\t\t\t\t<\/div>\n\t\t\t\t\t<\/div>\n\t\t\t\t<\/div>\n\t\t<div class=\"elementor-element elementor-element-547eb2b e-flex e-con-boxed e-con e-parent\" data-id=\"547eb2b\" data-element_type=\"container\">\n\t\t\t\t\t<div class=\"e-con-inner\">\n\t\t<div class=\"elementor-element elementor-element-0515bae e-con-full elementor-hidden-mobile e-flex e-con e-child\" data-id=\"0515bae\" data-element_type=\"container\">\n\t\t\t\t<div class=\"elementor-element elementor-element-7bdfcbd elementor-widget__width-inherit elementor-widget elementor-widget-heading\" data-id=\"7bdfcbd\" data-element_type=\"widget\" data-widget_type=\"heading.default\">\n\t\t\t\t<div class=\"elementor-widget-container\">\n\t\t\t\t\t<h2 class=\"elementor-heading-title elementor-size-default\">Acoustics you <\/br>can feel<\/h2>\t\t\t\t<\/div>\n\t\t\t\t<\/div>\n\t\t\t\t<div class=\"elementor-element elementor-element-8fa28a6 elementor-widget elementor-widget-text-editor\" data-id=\"8fa28a6\" data-element_type=\"widget\" data-widget_type=\"text-editor.default\">\n\t\t\t\t<div class=\"elementor-widget-container\">\n\t\t\t\t\t\t\t\t\t<p>We didn\u2019t forget about the senses. On the walls, we introduced\u00a0<strong>wallpapers with a subtle texture<\/strong>that not only add character to the interior, but also\u00a0<strong>improve the acoustics.<\/strong>Thanks to them, the home gains a pleasant quietness mixed with the sound of the waves \u2014 perfect for work, relaxation, and everyday conversations.<\/p>\t\t\t\t\t\t\t\t<\/div>\n\t\t\t\t<\/div>\n\t\t\t\t<\/div>\n\t\t<div class=\"elementor-element elementor-element-277d4fc e-con-full e-flex e-con e-child\" data-id=\"277d4fc\" data-element_type=\"container\" data-settings=\"{&quot;background_background&quot;:&quot;classic&quot;}\">\n\t\t\t\t<\/div>\n\t\t<div class=\"elementor-element elementor-element-3165f51 e-con-full e-flex e-con e-child\" data-id=\"3165f51\" data-element_type=\"container\" data-settings=\"{&quot;background_background&quot;:&quot;classic&quot;}\">\n\t\t\t\t<\/div>\n\t\t\t\t\t<\/div>\n\t\t\t\t<\/div>\n\t\t\t\t<\/div>","protected":false},"excerpt":{"rendered":"<p>Dom z widokiem na morze Metamorfoza w Benidormie Ten projekt to historia o \u015bwietle, funkcjonalno\u015bci i estetyce z charakterem. Dom tu\u017c nad morzem w Benidormie przeszed\u0142 pe\u0142n\u0105 metamorfoz\u0119 \u2013 z zamkni\u0119tego uk\u0142adu i ciemnej kuchni sta\u0142 si\u0119 nowoczesn\u0105 przestrzeni\u0105, w kt\u00f3rej ka\u017cdy detal ma znaczenie. Aby zatrzyma\u0107 przy sobie zachwycaj\u0105cy widok morza, powi\u0119kszyli\u015bmy taras o [&hellip;]<\/p>","protected":false},"author":1,"featured_media":0,"parent":0,"menu_order":0,"comment_status":"closed","ping_status":"closed","template":"","meta":{"footnotes":""},"class_list":["post-1744","page","type-page","status-publish","hentry"],"yoast_head":"<!-- This site is optimized with the Yoast SEO plugin v25.2 - https:\/\/yoast.com\/wordpress\/plugins\/seo\/ -->\n<title>Benidorm - Viola<\/title>\n<meta name=\"robots\" content=\"index, follow, max-snippet:-1, max-image-preview:large, max-video-preview:-1\" \/>\n<link rel=\"canonical\" href=\"https:\/\/violaserafin.com\/en\/benidorm\/\" \/>\n<meta property=\"og:locale\" content=\"en_GB\" \/>\n<meta property=\"og:type\" content=\"article\" \/>\n<meta property=\"og:title\" content=\"Benidorm - Viola\" \/>\n<meta property=\"og:description\" content=\"Dom z widokiem na morze Metamorfoza w Benidormie Ten projekt to historia o \u015bwietle, funkcjonalno\u015bci i estetyce z charakterem. Dom tu\u017c nad morzem w Benidormie przeszed\u0142 pe\u0142n\u0105 metamorfoz\u0119 \u2013 z zamkni\u0119tego uk\u0142adu i ciemnej kuchni sta\u0142 si\u0119 nowoczesn\u0105 przestrzeni\u0105, w kt\u00f3rej ka\u017cdy detal ma znaczenie. Aby zatrzyma\u0107 przy sobie zachwycaj\u0105cy widok morza, powi\u0119kszyli\u015bmy taras o [&hellip;]\" \/>\n<meta property=\"og:url\" content=\"https:\/\/violaserafin.com\/en\/benidorm\/\" \/>\n<meta property=\"og:site_name\" content=\"Viola\" \/>\n<meta property=\"article:modified_time\" content=\"2025-06-04T13:34:10+00:00\" \/>\n<meta name=\"twitter:card\" content=\"summary_large_image\" \/>\n<meta name=\"twitter:label1\" content=\"Estimated reading time\" \/>\n\t<meta name=\"twitter:data1\" content=\"2 minutes\" \/>\n<script type=\"application\/ld+json\" class=\"yoast-schema-graph\">{\"@context\":\"https:\/\/schema.org\",\"@graph\":[{\"@type\":\"WebPage\",\"@id\":\"https:\/\/violaserafin.com\/benidorm\/\",\"url\":\"https:\/\/violaserafin.com\/benidorm\/\",\"name\":\"Benidorm - Viola\",\"isPartOf\":{\"@id\":\"https:\/\/violaserafin.com\/#website\"},\"datePublished\":\"2025-05-23T11:50:46+00:00\",\"dateModified\":\"2025-06-04T13:34:10+00:00\",\"breadcrumb\":{\"@id\":\"https:\/\/violaserafin.com\/benidorm\/#breadcrumb\"},\"inLanguage\":\"en-GB\",\"potentialAction\":[{\"@type\":\"ReadAction\",\"target\":[\"https:\/\/violaserafin.com\/benidorm\/\"]}]},{\"@type\":\"BreadcrumbList\",\"@id\":\"https:\/\/violaserafin.com\/benidorm\/#breadcrumb\",\"itemListElement\":[{\"@type\":\"ListItem\",\"position\":1,\"name\":\"Strona g\u0142\u00f3wna\",\"item\":\"https:\/\/violaserafin.com\/\"},{\"@type\":\"ListItem\",\"position\":2,\"name\":\"Benidorm\"}]},{\"@type\":\"WebSite\",\"@id\":\"https:\/\/violaserafin.com\/#website\",\"url\":\"https:\/\/violaserafin.com\/\",\"name\":\"Viola\",\"description\":\"Odkryj Klimat Hiszpanii!\",\"potentialAction\":[{\"@type\":\"SearchAction\",\"target\":{\"@type\":\"EntryPoint\",\"urlTemplate\":\"https:\/\/violaserafin.com\/?s={search_term_string}\"},\"query-input\":{\"@type\":\"PropertyValueSpecification\",\"valueRequired\":true,\"valueName\":\"search_term_string\"}}],\"inLanguage\":\"en-GB\"}]}<\/script>\n<!-- \/ Yoast SEO plugin. -->","yoast_head_json":{"title":"Benidorm - Viola","robots":{"index":"index","follow":"follow","max-snippet":"max-snippet:-1","max-image-preview":"max-image-preview:large","max-video-preview":"max-video-preview:-1"},"canonical":"https:\/\/violaserafin.com\/en\/benidorm\/","og_locale":"en_GB","og_type":"article","og_title":"Benidorm - Viola","og_description":"Dom z widokiem na morze Metamorfoza w Benidormie Ten projekt to historia o \u015bwietle, funkcjonalno\u015bci i estetyce z charakterem. Dom tu\u017c nad morzem w Benidormie przeszed\u0142 pe\u0142n\u0105 metamorfoz\u0119 \u2013 z zamkni\u0119tego uk\u0142adu i ciemnej kuchni sta\u0142 si\u0119 nowoczesn\u0105 przestrzeni\u0105, w kt\u00f3rej ka\u017cdy detal ma znaczenie. Aby zatrzyma\u0107 przy sobie zachwycaj\u0105cy widok morza, powi\u0119kszyli\u015bmy taras o [&hellip;]","og_url":"https:\/\/violaserafin.com\/en\/benidorm\/","og_site_name":"Viola","article_modified_time":"2025-06-04T13:34:10+00:00","twitter_card":"summary_large_image","twitter_misc":{"Estimated reading time":"2 minutes"},"schema":{"@context":"https:\/\/schema.org","@graph":[{"@type":"WebPage","@id":"https:\/\/violaserafin.com\/benidorm\/","url":"https:\/\/violaserafin.com\/benidorm\/","name":"Benidorm - Viola","isPartOf":{"@id":"https:\/\/violaserafin.com\/#website"},"datePublished":"2025-05-23T11:50:46+00:00","dateModified":"2025-06-04T13:34:10+00:00","breadcrumb":{"@id":"https:\/\/violaserafin.com\/benidorm\/#breadcrumb"},"inLanguage":"en-GB","potentialAction":[{"@type":"ReadAction","target":["https:\/\/violaserafin.com\/benidorm\/"]}]},{"@type":"BreadcrumbList","@id":"https:\/\/violaserafin.com\/benidorm\/#breadcrumb","itemListElement":[{"@type":"ListItem","position":1,"name":"Strona g\u0142\u00f3wna","item":"https:\/\/violaserafin.com\/"},{"@type":"ListItem","position":2,"name":"Benidorm"}]},{"@type":"WebSite","@id":"https:\/\/violaserafin.com\/#website","url":"https:\/\/violaserafin.com\/","name":"Viola","description":"Odkryj Klimat Hiszpanii!","potentialAction":[{"@type":"SearchAction","target":{"@type":"EntryPoint","urlTemplate":"https:\/\/violaserafin.com\/?s={search_term_string}"},"query-input":{"@type":"PropertyValueSpecification","valueRequired":true,"valueName":"search_term_string"}}],"inLanguage":"en-GB"}]}},"_links":{"self":[{"href":"https:\/\/violaserafin.com\/en\/wp-json\/wp\/v2\/pages\/1744","targetHints":{"allow":["GET"]}}],"collection":[{"href":"https:\/\/violaserafin.com\/en\/wp-json\/wp\/v2\/pages"}],"about":[{"href":"https:\/\/violaserafin.com\/en\/wp-json\/wp\/v2\/types\/page"}],"author":[{"embeddable":true,"href":"https:\/\/violaserafin.com\/en\/wp-json\/wp\/v2\/users\/1"}],"replies":[{"embeddable":true,"href":"https:\/\/violaserafin.com\/en\/wp-json\/wp\/v2\/comments?post=1744"}],"version-history":[{"count":331,"href":"https:\/\/violaserafin.com\/en\/wp-json\/wp\/v2\/pages\/1744\/revisions"}],"predecessor-version":[{"id":3374,"href":"https:\/\/violaserafin.com\/en\/wp-json\/wp\/v2\/pages\/1744\/revisions\/3374"}],"wp:attachment":[{"href":"https:\/\/violaserafin.com\/en\/wp-json\/wp\/v2\/media?parent=1744"}],"curies":[{"name":"wp","href":"https:\/\/api.w.org\/{rel}","templated":true}]}}