{"id":1606,"date":"2025-05-22T11:42:51","date_gmt":"2025-05-22T11:42:51","guid":{"rendered":"https:\/\/violaserafin.com\/?page_id=1606"},"modified":"2025-06-03T17:03:18","modified_gmt":"2025-06-03T17:03:18","slug":"o-mnie","status":"publish","type":"page","link":"https:\/\/violaserafin.com\/en\/o-mnie\/","title":{"rendered":"ABOUT ME"},"content":{"rendered":"<div data-elementor-type=\"wp-page\" data-elementor-id=\"1606\" class=\"elementor elementor-1606\" data-elementor-post-type=\"page\">\n\t\t\t\t<div class=\"elementor-element elementor-element-58c9ca9 e-flex e-con-boxed e-con e-parent\" data-id=\"58c9ca9\" data-element_type=\"container\">\n\t\t\t\t\t<div class=\"e-con-inner\">\n\t\t<div class=\"elementor-element elementor-element-013d075 e-con-full e-flex e-con e-child\" data-id=\"013d075\" data-element_type=\"container\">\n\t\t\t\t<div class=\"elementor-element elementor-element-380d5b4 elementor-widget elementor-widget-image\" data-id=\"380d5b4\" data-element_type=\"widget\" data-widget_type=\"image.default\">\n\t\t\t\t<div class=\"elementor-widget-container\">\n\t\t\t\t\t\t\t\t\t\t\t\t\t\t\t<img fetchpriority=\"high\" decoding=\"async\" width=\"683\" height=\"1024\" src=\"https:\/\/violaserafin.com\/wp-content\/uploads\/2025\/05\/DSC0632-683x1024.jpg\" class=\"attachment-large size-large wp-image-1608\" alt=\"\" srcset=\"https:\/\/violaserafin.com\/wp-content\/uploads\/2025\/05\/DSC0632-683x1024.jpg 683w, https:\/\/violaserafin.com\/wp-content\/uploads\/2025\/05\/DSC0632-200x300.jpg 200w, https:\/\/violaserafin.com\/wp-content\/uploads\/2025\/05\/DSC0632-768x1151.jpg 768w, https:\/\/violaserafin.com\/wp-content\/uploads\/2025\/05\/DSC0632-1025x1536.jpg 1025w, https:\/\/violaserafin.com\/wp-content\/uploads\/2025\/05\/DSC0632-1366x2048.jpg 1366w, https:\/\/violaserafin.com\/wp-content\/uploads\/2025\/05\/DSC0632-scaled.jpg 1708w\" sizes=\"(max-width: 683px) 100vw, 683px\" \/>\t\t\t\t\t\t\t\t\t\t\t\t\t\t\t<\/div>\n\t\t\t\t<\/div>\n\t\t\t\t<\/div>\n\t\t<div class=\"elementor-element elementor-element-617d46c e-con-full e-flex e-con e-child\" data-id=\"617d46c\" data-element_type=\"container\">\n\t\t\t\t<div class=\"elementor-element elementor-element-864e49e elementor-widget elementor-widget-heading\" data-id=\"864e49e\" data-element_type=\"widget\" data-widget_type=\"heading.default\">\n\t\t\t\t<div class=\"elementor-widget-container\">\n\t\t\t\t\t<h2 class=\"elementor-heading-title elementor-size-default\">About me<\/h2>\t\t\t\t<\/div>\n\t\t\t\t<\/div>\n\t\t\t\t<div class=\"elementor-element elementor-element-c4ba15d elementor-widget elementor-widget-text-editor\" data-id=\"c4ba15d\" data-element_type=\"widget\" data-widget_type=\"text-editor.default\">\n\t\t\t\t<div class=\"elementor-widget-container\">\n\t\t\t\t\t\t\t\t\t<p>I live in Spain \u2013 a country where\u00a0<strong>olives taste better, oranges ripen on the streets<\/strong>and the colors have the courage to be themselves.\nI came here out of love for the light, the food, and the people who never seem to rush \u2014 even when they\u2019re in a hurry.\nI was captivated by the texture of life, the Spanish ease of being, and the bold colors that aren\u2019t afraid to be intense.<\/p><p>My name is Viola Serafin, and I\u2019m an interior architect. I design spaces that make sense \u2014 emotionally, aesthetically, and functionally. I love diversity: of people, cultures, materials, and ideas.\u00a0<strong>\"How beautiful it is that we are different.\"<\/strong>\u00a0- it\u2019s the motto I live and design by.<\/p><p>By education, I\u2019m an artist \u2013 I studied\u00a0<strong>interior architecture and painting<\/strong>\u00a0at the Academy of Fine Arts in Pozna\u0144. It was painting that taught me something that has become my superpower today:\u00a0<strong>Sense of color.<\/strong> I know when beige is as warm as the sand in Valencia \u2014 and when it\u2019s too gray to feel alive.<\/p><p><span style=\"color: #000000;\">For over 20 years, I\u2019ve been creating interiors \u2014 for people who want to live not only beautifully, but thoughtfully. I\u2019ve had the pleasure of working with major brands such as <\/span><strong><span style=\"color: #000000;\">TUI, ORLEN,\u00a0<\/span>mBank, Leroy Merlin, Celon Pharma, <\/strong><span style=\"color: #000000;\"><strong>Piekarnie Gor\u0105co Polecam<\/strong> <strong>czy restauracje ORZO<\/strong>,<\/span><span style=\"color: #000000;\">\u00a0but what brings me the most joy is creating spaces where people feel\u00a0<\/span><strong>at home<span style=\"color: #000000;\">.<\/span><\/strong><\/p><p>Today, I mainly design in Spain and Poland, blending the local with the timeless. <strong><span style=\"color: #000000;\">I choose contemporary,\u00a0<\/span>elegant furniture and collaborate with both Polish and Spanish craftsmen. I look for materials that have a story \u2013 and are ready to keep telling it.<\/strong><\/p><p>I\u2019ve co-created brands such as\u00a0<strong>BetterBetter, Kdesign i Modoso Interiors<\/strong>. And private? <strong><span style=\"color: #00000;\">I love good coffee, flea markets, the sweet scent of sun-scorched pine needles, and conversations with people who know what they're looking for\u2026 or don\u2019t yet, but feel we\u2019ll find it together.<\/span><\/strong><\/p>\t\t\t\t\t\t\t\t<\/div>\n\t\t\t\t<\/div>\n\t\t\t\t<div class=\"elementor-element elementor-element-0f88eb3 elementor-align-left elementor-widget elementor-widget-button\" data-id=\"0f88eb3\" data-element_type=\"widget\" data-widget_type=\"button.default\">\n\t\t\t\t<div class=\"elementor-widget-container\">\n\t\t\t\t\t\t\t\t\t<div class=\"elementor-button-wrapper\">\n\t\t\t\t\t<a class=\"elementor-button elementor-button-link elementor-size-sm\" href=\"https:\/\/violaserafin.com\/en\/kontakt\/\">\n\t\t\t\t\t\t<span class=\"elementor-button-content-wrapper\">\n\t\t\t\t\t\t\t\t\t<span class=\"elementor-button-text\">FEEL FREE TO WRITE TO ME<\/span>\n\t\t\t\t\t<\/span>\n\t\t\t\t\t<\/a>\n\t\t\t\t<\/div>\n\t\t\t\t\t\t\t\t<\/div>\n\t\t\t\t<\/div>\n\t\t\t\t<\/div>\n\t\t\t\t\t<\/div>\n\t\t\t\t<\/div>\n\t\t\t\t<\/div>","protected":false},"excerpt":{"rendered":"<p>O mnie Mieszkam w Hiszpanii \u2013 w kraju, gdzie\u00a0oliwki smakuj\u0105 lepiej, pomara\u0144cze dojrzewaj\u0105 na ulicach, a kolory maj\u0105 odwag\u0119 by\u0107 sob\u0105. Przyjecha\u0142am tu z mi\u0142o\u015bci do \u015bwiat\u0142a, jedzenia i ludzi, kt\u00f3rzy nie spiesz\u0105 si\u0119, nawet kiedy si\u0119 spiesz\u0105. Zafascynowa\u0142a mnie\u00a0tekstura \u017cycia, ta hiszpa\u0144ska lekko\u015b\u0107 bycia i barwy, kt\u00f3re nie boj\u0105 si\u0119 by\u0107 intensywne. Mam na [&hellip;]<\/p>","protected":false},"author":1,"featured_media":0,"parent":0,"menu_order":0,"comment_status":"closed","ping_status":"closed","template":"","meta":{"footnotes":""},"class_list":["post-1606","page","type-page","status-publish","hentry"],"yoast_head":"<!-- This site is optimized with the Yoast SEO plugin v25.2 - https:\/\/yoast.com\/wordpress\/plugins\/seo\/ -->\n<title>O Mnie - Viola<\/title>\n<meta name=\"robots\" content=\"index, follow, max-snippet:-1, max-image-preview:large, max-video-preview:-1\" \/>\n<link rel=\"canonical\" href=\"https:\/\/violaserafin.com\/en\/o-mnie\/\" \/>\n<meta property=\"og:locale\" content=\"en_GB\" \/>\n<meta property=\"og:type\" content=\"article\" \/>\n<meta property=\"og:title\" content=\"O Mnie - Viola\" \/>\n<meta property=\"og:description\" content=\"O mnie Mieszkam w Hiszpanii \u2013 w kraju, gdzie\u00a0oliwki smakuj\u0105 lepiej, pomara\u0144cze dojrzewaj\u0105 na ulicach, a kolory maj\u0105 odwag\u0119 by\u0107 sob\u0105. Przyjecha\u0142am tu z mi\u0142o\u015bci do \u015bwiat\u0142a, jedzenia i ludzi, kt\u00f3rzy nie spiesz\u0105 si\u0119, nawet kiedy si\u0119 spiesz\u0105. Zafascynowa\u0142a mnie\u00a0tekstura \u017cycia, ta hiszpa\u0144ska lekko\u015b\u0107 bycia i barwy, kt\u00f3re nie boj\u0105 si\u0119 by\u0107 intensywne. Mam na [&hellip;]\" \/>\n<meta property=\"og:url\" content=\"https:\/\/violaserafin.com\/en\/o-mnie\/\" \/>\n<meta property=\"og:site_name\" content=\"Viola\" \/>\n<meta property=\"article:modified_time\" content=\"2025-06-03T17:03:18+00:00\" \/>\n<meta property=\"og:image\" content=\"https:\/\/violaserafin.com\/wp-content\/uploads\/2025\/05\/DSC0632-683x1024.jpg\" \/>\n<meta name=\"twitter:card\" content=\"summary_large_image\" \/>\n<meta name=\"twitter:label1\" content=\"Estimated reading time\" \/>\n\t<meta name=\"twitter:data1\" content=\"2 minutes\" \/>\n<script type=\"application\/ld+json\" class=\"yoast-schema-graph\">{\"@context\":\"https:\/\/schema.org\",\"@graph\":[{\"@type\":\"WebPage\",\"@id\":\"https:\/\/violaserafin.com\/o-mnie\/\",\"url\":\"https:\/\/violaserafin.com\/o-mnie\/\",\"name\":\"O Mnie - Viola\",\"isPartOf\":{\"@id\":\"https:\/\/violaserafin.com\/#website\"},\"primaryImageOfPage\":{\"@id\":\"https:\/\/violaserafin.com\/o-mnie\/#primaryimage\"},\"image\":{\"@id\":\"https:\/\/violaserafin.com\/o-mnie\/#primaryimage\"},\"thumbnailUrl\":\"https:\/\/violaserafin.com\/wp-content\/uploads\/2025\/05\/DSC0632-683x1024.jpg\",\"datePublished\":\"2025-05-22T11:42:51+00:00\",\"dateModified\":\"2025-06-03T17:03:18+00:00\",\"breadcrumb\":{\"@id\":\"https:\/\/violaserafin.com\/o-mnie\/#breadcrumb\"},\"inLanguage\":\"en-GB\",\"potentialAction\":[{\"@type\":\"ReadAction\",\"target\":[\"https:\/\/violaserafin.com\/o-mnie\/\"]}]},{\"@type\":\"ImageObject\",\"inLanguage\":\"en-GB\",\"@id\":\"https:\/\/violaserafin.com\/o-mnie\/#primaryimage\",\"url\":\"https:\/\/violaserafin.com\/wp-content\/uploads\/2025\/05\/DSC0632-683x1024.jpg\",\"contentUrl\":\"https:\/\/violaserafin.com\/wp-content\/uploads\/2025\/05\/DSC0632-683x1024.jpg\"},{\"@type\":\"BreadcrumbList\",\"@id\":\"https:\/\/violaserafin.com\/o-mnie\/#breadcrumb\",\"itemListElement\":[{\"@type\":\"ListItem\",\"position\":1,\"name\":\"Strona g\u0142\u00f3wna\",\"item\":\"https:\/\/violaserafin.com\/\"},{\"@type\":\"ListItem\",\"position\":2,\"name\":\"O Mnie\"}]},{\"@type\":\"WebSite\",\"@id\":\"https:\/\/violaserafin.com\/#website\",\"url\":\"https:\/\/violaserafin.com\/\",\"name\":\"Viola\",\"description\":\"Odkryj Klimat Hiszpanii!\",\"potentialAction\":[{\"@type\":\"SearchAction\",\"target\":{\"@type\":\"EntryPoint\",\"urlTemplate\":\"https:\/\/violaserafin.com\/?s={search_term_string}\"},\"query-input\":{\"@type\":\"PropertyValueSpecification\",\"valueRequired\":true,\"valueName\":\"search_term_string\"}}],\"inLanguage\":\"en-GB\"}]}<\/script>\n<!-- \/ Yoast SEO plugin. -->","yoast_head_json":{"title":"O Mnie - Viola","robots":{"index":"index","follow":"follow","max-snippet":"max-snippet:-1","max-image-preview":"max-image-preview:large","max-video-preview":"max-video-preview:-1"},"canonical":"https:\/\/violaserafin.com\/en\/o-mnie\/","og_locale":"en_GB","og_type":"article","og_title":"O Mnie - Viola","og_description":"O mnie Mieszkam w Hiszpanii \u2013 w kraju, gdzie\u00a0oliwki smakuj\u0105 lepiej, pomara\u0144cze dojrzewaj\u0105 na ulicach, a kolory maj\u0105 odwag\u0119 by\u0107 sob\u0105. Przyjecha\u0142am tu z mi\u0142o\u015bci do \u015bwiat\u0142a, jedzenia i ludzi, kt\u00f3rzy nie spiesz\u0105 si\u0119, nawet kiedy si\u0119 spiesz\u0105. Zafascynowa\u0142a mnie\u00a0tekstura \u017cycia, ta hiszpa\u0144ska lekko\u015b\u0107 bycia i barwy, kt\u00f3re nie boj\u0105 si\u0119 by\u0107 intensywne. Mam na [&hellip;]","og_url":"https:\/\/violaserafin.com\/en\/o-mnie\/","og_site_name":"Viola","article_modified_time":"2025-06-03T17:03:18+00:00","og_image":[{"url":"https:\/\/violaserafin.com\/wp-content\/uploads\/2025\/05\/DSC0632-683x1024.jpg","type":"","width":"","height":""}],"twitter_card":"summary_large_image","twitter_misc":{"Estimated reading time":"2 minutes"},"schema":{"@context":"https:\/\/schema.org","@graph":[{"@type":"WebPage","@id":"https:\/\/violaserafin.com\/o-mnie\/","url":"https:\/\/violaserafin.com\/o-mnie\/","name":"O Mnie - Viola","isPartOf":{"@id":"https:\/\/violaserafin.com\/#website"},"primaryImageOfPage":{"@id":"https:\/\/violaserafin.com\/o-mnie\/#primaryimage"},"image":{"@id":"https:\/\/violaserafin.com\/o-mnie\/#primaryimage"},"thumbnailUrl":"https:\/\/violaserafin.com\/wp-content\/uploads\/2025\/05\/DSC0632-683x1024.jpg","datePublished":"2025-05-22T11:42:51+00:00","dateModified":"2025-06-03T17:03:18+00:00","breadcrumb":{"@id":"https:\/\/violaserafin.com\/o-mnie\/#breadcrumb"},"inLanguage":"en-GB","potentialAction":[{"@type":"ReadAction","target":["https:\/\/violaserafin.com\/o-mnie\/"]}]},{"@type":"ImageObject","inLanguage":"en-GB","@id":"https:\/\/violaserafin.com\/o-mnie\/#primaryimage","url":"https:\/\/violaserafin.com\/wp-content\/uploads\/2025\/05\/DSC0632-683x1024.jpg","contentUrl":"https:\/\/violaserafin.com\/wp-content\/uploads\/2025\/05\/DSC0632-683x1024.jpg"},{"@type":"BreadcrumbList","@id":"https:\/\/violaserafin.com\/o-mnie\/#breadcrumb","itemListElement":[{"@type":"ListItem","position":1,"name":"Strona g\u0142\u00f3wna","item":"https:\/\/violaserafin.com\/"},{"@type":"ListItem","position":2,"name":"O Mnie"}]},{"@type":"WebSite","@id":"https:\/\/violaserafin.com\/#website","url":"https:\/\/violaserafin.com\/","name":"Viola","description":"Odkryj Klimat Hiszpanii!","potentialAction":[{"@type":"SearchAction","target":{"@type":"EntryPoint","urlTemplate":"https:\/\/violaserafin.com\/?s={search_term_string}"},"query-input":{"@type":"PropertyValueSpecification","valueRequired":true,"valueName":"search_term_string"}}],"inLanguage":"en-GB"}]}},"_links":{"self":[{"href":"https:\/\/violaserafin.com\/en\/wp-json\/wp\/v2\/pages\/1606","targetHints":{"allow":["GET"]}}],"collection":[{"href":"https:\/\/violaserafin.com\/en\/wp-json\/wp\/v2\/pages"}],"about":[{"href":"https:\/\/violaserafin.com\/en\/wp-json\/wp\/v2\/types\/page"}],"author":[{"embeddable":true,"href":"https:\/\/violaserafin.com\/en\/wp-json\/wp\/v2\/users\/1"}],"replies":[{"embeddable":true,"href":"https:\/\/violaserafin.com\/en\/wp-json\/wp\/v2\/comments?post=1606"}],"version-history":[{"count":31,"href":"https:\/\/violaserafin.com\/en\/wp-json\/wp\/v2\/pages\/1606\/revisions"}],"predecessor-version":[{"id":2943,"href":"https:\/\/violaserafin.com\/en\/wp-json\/wp\/v2\/pages\/1606\/revisions\/2943"}],"wp:attachment":[{"href":"https:\/\/violaserafin.com\/en\/wp-json\/wp\/v2\/media?parent=1606"}],"curies":[{"name":"wp","href":"https:\/\/api.w.org\/{rel}","templated":true}]}}